

{"id":24512,"date":"2025-09-16T10:52:02","date_gmt":"2025-09-16T00:52:02","guid":{"rendered":"https:\/\/srcentre.com.au\/?page_id=24512"},"modified":"2025-09-18T13:19:52","modified_gmt":"2025-09-18T03:19:52","slug":"khao-sat-srmaf","status":"publish","type":"page","link":"https:\/\/srcentre.com.au\/vi\/srmaf-survey\/","title":{"rendered":"Kh\u1ea3o s\u00e1t v\u1ec1 ng\u01b0\u1eddi di c\u01b0 m\u1edbi \u0111\u1ebfn \u00dac \u2013 Kh\u1ea3o s\u00e1t theo d\u00f5i ti\u1ebfp theo"},"content":{"rendered":"<div data-elementor-type=\"wp-page\" data-elementor-id=\"24512\" class=\"elementor elementor-24512\">\n\t\t\t\t\t\t<section class=\"elementor-section elementor-top-section elementor-element elementor-element-7f3c069 elementor-section-boxed elementor-section-height-default elementor-section-height-default\" data-id=\"7f3c069\" data-element_type=\"section\" data-e-type=\"section\">\n\t\t\t\t\t\t<div class=\"elementor-container elementor-column-gap-default\">\n\t\t\t\t\t<div class=\"elementor-column elementor-col-100 elementor-top-column elementor-element elementor-element-12d4f68\" data-id=\"12d4f68\" data-element_type=\"column\" data-e-type=\"column\">\n\t\t\t<div class=\"elementor-widget-wrap elementor-element-populated\">\n\t\t\t\t\t\t<div class=\"elementor-element elementor-element-0e0a1ac elementor-widget elementor-widget-spacer\" data-id=\"0e0a1ac\" data-element_type=\"widget\" data-e-type=\"widget\" data-widget_type=\"spacer.default\">\n\t\t\t\t<div class=\"elementor-widget-container\">\n\t\t\t\t\t\t\t<div class=\"elementor-spacer\">\n\t\t\t<div class=\"elementor-spacer-inner\"><\/div>\n\t\t<\/div>\n\t\t\t\t\t\t<\/div>\n\t\t\t\t<\/div>\n\t\t\t\t\t<\/div>\n\t\t<\/div>\n\t\t\t\t\t<\/div>\n\t\t<\/section>\n\t\t\t\t<section class=\"elementor-section elementor-top-section elementor-element elementor-element-14660db elementor-section-boxed elementor-section-height-default elementor-section-height-default\" data-id=\"14660db\" data-element_type=\"section\" data-e-type=\"section\">\n\t\t\t\t\t\t<div class=\"elementor-container elementor-column-gap-default\">\n\t\t\t\t\t<div class=\"elementor-column elementor-col-100 elementor-top-column elementor-element elementor-element-0ee4b8d\" data-id=\"0ee4b8d\" data-element_type=\"column\" data-e-type=\"column\">\n\t\t\t<div class=\"elementor-widget-wrap elementor-element-populated\">\n\t\t\t\t\t\t<div class=\"elementor-element elementor-element-19f63cd elementor-widget elementor-widget-image\" data-id=\"19f63cd\" data-element_type=\"widget\" data-e-type=\"widget\" data-widget_type=\"image.default\">\n\t\t\t\t<div class=\"elementor-widget-container\">\n\t\t\t\t\t\t\t\t\t\t\t\t\t\t\t<img decoding=\"async\" src=\"https:\/\/srcentre.com.au\/wp-content\/uploads\/2025\/09\/CSAM-lockup-1.png\" title=\"Kh\u00f3a CSAM\" alt=\"Kh\u00f3a CSAM\" loading=\"lazy\" \/>\t\t\t\t\t\t\t\t\t\t\t\t\t\t\t<\/div>\n\t\t\t\t<\/div>\n\t\t\t\t\t<\/div>\n\t\t<\/div>\n\t\t\t\t\t<\/div>\n\t\t<\/section>\n\t\t\t\t<section class=\"elementor-section elementor-top-section elementor-element elementor-element-0522ad6 elementor-section-boxed elementor-section-height-default elementor-section-height-default\" data-id=\"0522ad6\" data-element_type=\"section\" data-e-type=\"section\">\n\t\t\t\t\t\t<div class=\"elementor-container elementor-column-gap-default\">\n\t\t\t\t\t<div class=\"elementor-column elementor-col-100 elementor-top-column elementor-element elementor-element-0cd4370\" data-id=\"0cd4370\" data-element_type=\"column\" data-e-type=\"column\">\n\t\t\t<div class=\"elementor-widget-wrap elementor-element-populated\">\n\t\t\t\t\t\t<div class=\"elementor-element elementor-element-4a8ff88 elementor-widget elementor-widget-spacer\" data-id=\"4a8ff88\" data-element_type=\"widget\" data-e-type=\"widget\" data-widget_type=\"spacer.default\">\n\t\t\t\t<div class=\"elementor-widget-container\">\n\t\t\t\t\t\t\t<div class=\"elementor-spacer\">\n\t\t\t<div class=\"elementor-spacer-inner\"><\/div>\n\t\t<\/div>\n\t\t\t\t\t\t<\/div>\n\t\t\t\t<\/div>\n\t\t\t\t\t<\/div>\n\t\t<\/div>\n\t\t\t\t\t<\/div>\n\t\t<\/section>\n\t\t\t\t<section class=\"elementor-section elementor-top-section elementor-element elementor-element-72984a7 elementor-section-boxed elementor-section-height-default elementor-section-height-default\" data-id=\"72984a7\" data-element_type=\"section\" data-e-type=\"section\">\n\t\t\t\t\t\t<div class=\"elementor-container elementor-column-gap-default\">\n\t\t\t\t\t<div class=\"elementor-column elementor-col-100 elementor-top-column elementor-element elementor-element-8cb8a42\" data-id=\"8cb8a42\" data-element_type=\"column\" data-e-type=\"column\">\n\t\t\t<div class=\"elementor-widget-wrap elementor-element-populated\">\n\t\t\t\t\t\t<div class=\"elementor-element elementor-element-99e66b3 elementor-widget elementor-widget-heading\" data-id=\"99e66b3\" data-element_type=\"widget\" data-e-type=\"widget\" data-widget_type=\"heading.default\">\n\t\t\t\t<div class=\"elementor-widget-container\">\n\t\t\t\t\t<h1 class=\"elementor-heading-title elementor-size-default\">Kh\u1ea3o s\u00e1t v\u1ec1 ng\u01b0\u1eddi di c\u01b0 m\u1edbi \u0111\u1ebfn \u00dac \u2013 Kh\u1ea3o s\u00e1t theo d\u00f5i ti\u1ebfp theo<\/h1>\t\t\t\t<\/div>\n\t\t\t\t<\/div>\n\t\t\t\t\t<\/div>\n\t\t<\/div>\n\t\t\t\t\t<\/div>\n\t\t<\/section>\n\t\t\t\t<section class=\"elementor-section elementor-top-section elementor-element elementor-element-c0fc1cc elementor-section-boxed elementor-section-height-default elementor-section-height-default\" data-id=\"c0fc1cc\" data-element_type=\"section\" data-e-type=\"section\">\n\t\t\t\t\t\t<div class=\"elementor-container elementor-column-gap-default\">\n\t\t\t\t\t<div class=\"elementor-column elementor-col-100 elementor-top-column elementor-element elementor-element-99468c2\" data-id=\"99468c2\" data-element_type=\"column\" data-e-type=\"column\">\n\t\t\t<div class=\"elementor-widget-wrap elementor-element-populated\">\n\t\t\t\t\t\t<div class=\"elementor-element elementor-element-e2bb297 elementor-widget elementor-widget-text-editor\" data-id=\"e2bb297\" data-element_type=\"widget\" data-e-type=\"widget\" data-widget_type=\"text-editor.default\">\n\t\t\t\t<div class=\"elementor-widget-container\">\n\t\t\t\t\t\t\t\t\t<p>C\u1ea3m \u01a1n qu\u00fd v\u1ecb \u0111\u00e3 quan t\u00e2m \u0111\u1ebfn cu\u1ed9c kh\u1ea3o s\u00e1t v\u1ec1 ng\u01b0\u1eddi di c\u01b0 m\u1edbi \u0111\u1ebfn \u00dac. Cu\u1ed9c kh\u1ea3o s\u00e1t n\u00e0y hi\u1ec7n ch\u01b0a m\u1edf. Qu\u00fd v\u1ecb s\u1ebd nh\u1eadn \u0111\u01b0\u1ee3c l\u1eddi m\u1eddi qua email ho\u1eb7c th\u01b0 k\u00e8m theo m\u00e3 \u0111\u0103ng nh\u1eadp duy nh\u1ea5t \u0111\u1ec3 ho\u00e0n th\u00e0nh cu\u1ed9c kh\u1ea3o s\u00e1t khi n\u00f3 m\u1edf v\u00e0o ng\u00e0y 29 th\u00e1ng 9.<\/p><p>\u00a0<\/p><p>Vui l\u00f2ng li\u00ean h\u1ec7 v\u1edbi Trung t\u00e2m Nghi\u00ean c\u1ee9u X\u00e3 h\u1ed9i t\u1ea1i <a href=\"tel:1800 830 220\"><span style=\"text-decoration: underline;\">1800 830 220<\/span><\/a> ho\u1eb7c email <span style=\"text-decoration: underline;\"><a href=\"mailto:csam@srcentre.com.au\">csam@srcentre.com.au<\/a> <\/span>\u0110\u1ec3 \u0111\u01b0\u1ee3c h\u1ed7 tr\u1ee3, vui l\u00f2ng \u0111\u1ec1 c\u1eadp \u0111\u1ebfn s\u1ed1 tham chi\u1ebfu: 3373SRMAF.<\/p>\t\t\t\t\t\t\t\t<\/div>\n\t\t\t\t<\/div>\n\t\t\t\t\t<\/div>\n\t\t<\/div>\n\t\t\t\t\t<\/div>\n\t\t<\/section>\n\t\t\t\t<section class=\"elementor-section elementor-top-section elementor-element elementor-element-24ea059 elementor-section-boxed elementor-section-height-default elementor-section-height-default\" data-id=\"24ea059\" data-element_type=\"section\" data-e-type=\"section\">\n\t\t\t\t\t\t<div class=\"elementor-container elementor-column-gap-default\">\n\t\t\t\t\t<div class=\"elementor-column elementor-col-100 elementor-top-column elementor-element elementor-element-5aac00b\" data-id=\"5aac00b\" data-element_type=\"column\" data-e-type=\"column\">\n\t\t\t<div class=\"elementor-widget-wrap elementor-element-populated\">\n\t\t\t\t\t\t<div class=\"elementor-element elementor-element-947299d elementor-widget-divider--view-line elementor-widget elementor-widget-divider\" data-id=\"947299d\" data-element_type=\"widget\" data-e-type=\"widget\" data-widget_type=\"divider.default\">\n\t\t\t\t<div class=\"elementor-widget-container\">\n\t\t\t\t\t\t\t<div class=\"elementor-divider\">\n\t\t\t<span class=\"elementor-divider-separator\">\n\t\t\t\t\t\t<\/span>\n\t\t<\/div>\n\t\t\t\t\t\t<\/div>\n\t\t\t\t<\/div>\n\t\t\t\t\t<\/div>\n\t\t<\/div>\n\t\t\t\t\t<\/div>\n\t\t<\/section>\n\t\t\t\t<section class=\"elementor-section elementor-top-section elementor-element elementor-element-aae02c2 elementor-section-boxed elementor-section-height-default elementor-section-height-default\" data-id=\"aae02c2\" data-element_type=\"section\" data-e-type=\"section\">\n\t\t\t\t\t\t<div class=\"elementor-container elementor-column-gap-default\">\n\t\t\t\t\t<div class=\"elementor-column elementor-col-100 elementor-top-column elementor-element elementor-element-e21a1b8\" data-id=\"e21a1b8\" data-element_type=\"column\" data-e-type=\"column\">\n\t\t\t<div class=\"elementor-widget-wrap elementor-element-populated\">\n\t\t\t\t\t\t<div class=\"elementor-element elementor-element-1a877ea elementor-widget elementor-widget-text-editor\" data-id=\"1a877ea\" data-element_type=\"widget\" data-e-type=\"widget\" data-widget_type=\"text-editor.default\">\n\t\t\t\t<div class=\"elementor-widget-container\">\n\t\t\t\t\t\t\t\t\t<p><a href=\"https:\/\/srcentre.com.au\/vi\/srmaf\/\" target=\"_blank\" rel=\"noopener\">V\u1ec1 cu\u1ed9c \u0111i\u1ec1u tra v\u1ec1 ng\u01b0\u1eddi di c\u01b0 m\u1edbi \u0111\u1ebfn \u00dac<\/a> | S<a href=\"https:\/\/srcentre.com.au\/wp-content\/uploads\/2025\/09\/CSAM-Collection-Statement.pdf\" target=\"_blank\" rel=\"noopener\">Th\u00f4ng b\u00e1o thu th\u1eadp d\u1eef li\u1ec7u kh\u1ea3o s\u00e1t<\/a> | <a href=\"https:\/\/www.homeaffairs.gov.au\/access-and-accountability\/our-commitments\/privacy\" target=\"_blank\" rel=\"noopener\">Ch\u00ednh s\u00e1ch b\u1ea3o m\u1eadt c\u1ee7a B\u1ed9 N\u1ed9i v\u1ee5<\/a> | <a href=\"https:\/\/srcentre.com.au\/vi\/chinh-sach-bao-mat\/\" target=\"_blank\" rel=\"noopener\">Ch\u00ednh s\u00e1ch b\u1ea3o m\u1eadt c\u1ee7a SRC<\/a><\/p>\t\t\t\t\t\t\t\t<\/div>\n\t\t\t\t<\/div>\n\t\t\t\t\t<\/div>\n\t\t<\/div>\n\t\t\t\t\t<\/div>\n\t\t<\/section>\n\t\t\t\t<section class=\"elementor-section elementor-top-section elementor-element elementor-element-09821da elementor-section-boxed elementor-section-height-default elementor-section-height-default\" data-id=\"09821da\" data-element_type=\"section\" data-e-type=\"section\">\n\t\t\t\t\t\t<div class=\"elementor-container elementor-column-gap-default\">\n\t\t\t\t\t<div class=\"elementor-column elementor-col-100 elementor-top-column elementor-element elementor-element-cc53196\" data-id=\"cc53196\" data-element_type=\"column\" data-e-type=\"column\">\n\t\t\t<div class=\"elementor-widget-wrap elementor-element-populated\">\n\t\t\t\t\t\t<div class=\"elementor-element elementor-element-edf95f0 elementor-widget elementor-widget-spacer\" data-id=\"edf95f0\" data-element_type=\"widget\" data-e-type=\"widget\" data-widget_type=\"spacer.default\">\n\t\t\t\t<div class=\"elementor-widget-container\">\n\t\t\t\t\t\t\t<div class=\"elementor-spacer\">\n\t\t\t<div class=\"elementor-spacer-inner\"><\/div>\n\t\t<\/div>\n\t\t\t\t\t\t<\/div>\n\t\t\t\t<\/div>\n\t\t\t\t\t<\/div>\n\t\t<\/div>\n\t\t\t\t\t<\/div>\n\t\t<\/section>\n\t\t\t\t<\/div>","protected":false},"excerpt":{"rendered":"<p>Survey of Recent Migrants to Australia \u2013 Further Follow-up Survey Thank you for your interest in the Survey of Recent Migrants to Australia, this survey is not yet open. You will receive an invitation by email or letter with a unique login code to complete the survey when it opens on 29 September. \u00a0 Please [&hellip;]<\/p>\n","protected":false},"author":5,"featured_media":0,"parent":0,"menu_order":0,"comment_status":"closed","ping_status":"closed","template":"","meta":{"footnotes":""},"class_list":["post-24512","page","type-page","status-publish","hentry"],"yoast_head":"<!-- This site is optimized with the Yoast SEO Premium plugin v27.4 (Yoast SEO v27.4) - https:\/\/yoast.com\/product\/yoast-seo-premium-wordpress\/ -->\n<title>Survey of Recent Migrants to Australia \u2013 Further Follow-up Survey - Social Research Centre<\/title>\n<meta name=\"robots\" content=\"index, follow, max-snippet:-1, max-image-preview:large, max-video-preview:-1\" \/>\n<link rel=\"canonical\" href=\"https:\/\/srcentre.com.au\/vi\/khao-sat-srmaf\/\" \/>\n<meta property=\"og:locale\" content=\"vi_VN\" \/>\n<meta property=\"og:type\" content=\"article\" \/>\n<meta property=\"og:title\" content=\"Survey of Recent Migrants to Australia \u2013 Further Follow-up Survey\" \/>\n<meta property=\"og:description\" content=\"Survey of Recent Migrants to Australia \u2013 Further Follow-up Survey Thank you for your interest in the Survey of Recent Migrants to Australia, this survey is not yet open. You will receive an invitation by email or letter with a unique login code to complete the survey when it opens on 29 September. \u00a0 Please [&hellip;]\" \/>\n<meta property=\"og:url\" content=\"https:\/\/srcentre.com.au\/vi\/khao-sat-srmaf\/\" \/>\n<meta property=\"og:site_name\" content=\"Social Research Centre\" \/>\n<meta property=\"article:publisher\" content=\"https:\/\/www.facebook.com\/SRCentreAUS\/\" \/>\n<meta property=\"article:modified_time\" content=\"2025-09-18T03:19:52+00:00\" \/>\n<meta property=\"og:image\" content=\"https:\/\/srcentre.com.au\/wp-content\/uploads\/2025\/09\/CSAM-lockup-1.png\" \/>\n<meta name=\"twitter:card\" content=\"summary_large_image\" \/>\n<meta name=\"twitter:site\" content=\"@SRCentreAUS\" \/>\n<meta name=\"twitter:label1\" content=\"\u01af\u1edbc t\u00ednh th\u1eddi gian \u0111\u1ecdc\" \/>\n\t<meta name=\"twitter:data1\" content=\"1 ph\u00fat\" \/>\n<script type=\"application\/ld+json\" class=\"yoast-schema-graph\">{\"@context\":\"https:\\\/\\\/schema.org\",\"@graph\":[{\"@type\":\"WebPage\",\"@id\":\"https:\\\/\\\/srcentre.com.au\\\/srmaf-survey\\\/\",\"url\":\"https:\\\/\\\/srcentre.com.au\\\/srmaf-survey\\\/\",\"name\":\"Survey of Recent Migrants to Australia \u2013 Further Follow-up Survey - Social Research Centre\",\"isPartOf\":{\"@id\":\"https:\\\/\\\/srcentre.com.au\\\/#website\"},\"primaryImageOfPage\":{\"@id\":\"https:\\\/\\\/srcentre.com.au\\\/srmaf-survey\\\/#primaryimage\"},\"image\":{\"@id\":\"https:\\\/\\\/srcentre.com.au\\\/srmaf-survey\\\/#primaryimage\"},\"thumbnailUrl\":\"https:\\\/\\\/srcentre.com.au\\\/wp-content\\\/uploads\\\/2025\\\/09\\\/CSAM-lockup-1.png\",\"datePublished\":\"2025-09-16T00:52:02+00:00\",\"dateModified\":\"2025-09-18T03:19:52+00:00\",\"breadcrumb\":{\"@id\":\"https:\\\/\\\/srcentre.com.au\\\/srmaf-survey\\\/#breadcrumb\"},\"inLanguage\":\"vi\",\"potentialAction\":[{\"@type\":\"ReadAction\",\"target\":[\"https:\\\/\\\/srcentre.com.au\\\/srmaf-survey\\\/\"]}]},{\"@type\":\"ImageObject\",\"inLanguage\":\"vi\",\"@id\":\"https:\\\/\\\/srcentre.com.au\\\/srmaf-survey\\\/#primaryimage\",\"url\":\"https:\\\/\\\/srcentre.com.au\\\/wp-content\\\/uploads\\\/2025\\\/09\\\/CSAM-lockup-1.png\",\"contentUrl\":\"https:\\\/\\\/srcentre.com.au\\\/wp-content\\\/uploads\\\/2025\\\/09\\\/CSAM-lockup-1.png\"},{\"@type\":\"BreadcrumbList\",\"@id\":\"https:\\\/\\\/srcentre.com.au\\\/srmaf-survey\\\/#breadcrumb\",\"itemListElement\":[{\"@type\":\"ListItem\",\"position\":1,\"name\":\"Home\",\"item\":\"https:\\\/\\\/srcentre.com.au\\\/\"},{\"@type\":\"ListItem\",\"position\":2,\"name\":\"Survey of Recent Migrants to Australia \u2013 Further Follow-up Survey\"}]},{\"@type\":\"WebSite\",\"@id\":\"https:\\\/\\\/srcentre.com.au\\\/#website\",\"url\":\"https:\\\/\\\/srcentre.com.au\\\/\",\"name\":\"Social Research Centre\",\"description\":\"Social Research Centre\",\"publisher\":{\"@id\":\"https:\\\/\\\/srcentre.com.au\\\/#organization\"},\"potentialAction\":[{\"@type\":\"SearchAction\",\"target\":{\"@type\":\"EntryPoint\",\"urlTemplate\":\"https:\\\/\\\/srcentre.com.au\\\/?s={search_term_string}\"},\"query-input\":{\"@type\":\"PropertyValueSpecification\",\"valueRequired\":true,\"valueName\":\"search_term_string\"}}],\"inLanguage\":\"vi\"},{\"@type\":\"Organization\",\"@id\":\"https:\\\/\\\/srcentre.com.au\\\/#organization\",\"name\":\"Social Research Centre\",\"url\":\"https:\\\/\\\/srcentre.com.au\\\/\",\"logo\":{\"@type\":\"ImageObject\",\"inLanguage\":\"vi\",\"@id\":\"https:\\\/\\\/srcentre.com.au\\\/#\\\/schema\\\/logo\\\/image\\\/\",\"url\":\"https:\\\/\\\/srcentre.com.au\\\/wp-content\\\/uploads\\\/2023\\\/07\\\/src-icon.svg\",\"contentUrl\":\"https:\\\/\\\/srcentre.com.au\\\/wp-content\\\/uploads\\\/2023\\\/07\\\/src-icon.svg\",\"width\":135,\"height\":135,\"caption\":\"Social Research Centre\"},\"image\":{\"@id\":\"https:\\\/\\\/srcentre.com.au\\\/#\\\/schema\\\/logo\\\/image\\\/\"},\"sameAs\":[\"https:\\\/\\\/www.facebook.com\\\/SRCentreAUS\\\/\",\"https:\\\/\\\/x.com\\\/SRCentreAUS\"]}]}<\/script>\n<!-- \/ Yoast SEO Premium plugin. -->","yoast_head_json":{"title":"Kh\u1ea3o s\u00e1t v\u1ec1 ng\u01b0\u1eddi di c\u01b0 m\u1edbi \u0111\u1ebfn \u00dac \u2013 Kh\u1ea3o s\u00e1t theo d\u00f5i ti\u1ebfp theo - Trung t\u00e2m Nghi\u00ean c\u1ee9u X\u00e3 h\u1ed9i","robots":{"index":"index","follow":"follow","max-snippet":"max-snippet:-1","max-image-preview":"max-image-preview:large","max-video-preview":"max-video-preview:-1"},"canonical":"https:\/\/srcentre.com.au\/vi\/khao-sat-srmaf\/","og_locale":"vi_VN","og_type":"article","og_title":"Survey of Recent Migrants to Australia \u2013 Further Follow-up Survey","og_description":"Survey of Recent Migrants to Australia \u2013 Further Follow-up Survey Thank you for your interest in the Survey of Recent Migrants to Australia, this survey is not yet open. You will receive an invitation by email or letter with a unique login code to complete the survey when it opens on 29 September. \u00a0 Please [&hellip;]","og_url":"https:\/\/srcentre.com.au\/vi\/khao-sat-srmaf\/","og_site_name":"Social Research Centre","article_publisher":"https:\/\/www.facebook.com\/SRCentreAUS\/","article_modified_time":"2025-09-18T03:19:52+00:00","og_image":[{"url":"https:\/\/srcentre.com.au\/wp-content\/uploads\/2025\/09\/CSAM-lockup-1.png","type":"","width":"","height":""}],"twitter_card":"summary_large_image","twitter_site":"@SRCentreAUS","twitter_misc":{"\u01af\u1edbc t\u00ednh th\u1eddi gian \u0111\u1ecdc":"1 ph\u00fat"},"schema":{"@context":"https:\/\/schema.org","@graph":[{"@type":"WebPage","@id":"https:\/\/srcentre.com.au\/srmaf-survey\/","url":"https:\/\/srcentre.com.au\/srmaf-survey\/","name":"Kh\u1ea3o s\u00e1t v\u1ec1 ng\u01b0\u1eddi di c\u01b0 m\u1edbi \u0111\u1ebfn \u00dac \u2013 Kh\u1ea3o s\u00e1t theo d\u00f5i ti\u1ebfp theo - Trung t\u00e2m Nghi\u00ean c\u1ee9u X\u00e3 h\u1ed9i","isPartOf":{"@id":"https:\/\/srcentre.com.au\/#website"},"primaryImageOfPage":{"@id":"https:\/\/srcentre.com.au\/srmaf-survey\/#primaryimage"},"image":{"@id":"https:\/\/srcentre.com.au\/srmaf-survey\/#primaryimage"},"thumbnailUrl":"https:\/\/srcentre.com.au\/wp-content\/uploads\/2025\/09\/CSAM-lockup-1.png","datePublished":"2025-09-16T00:52:02+00:00","dateModified":"2025-09-18T03:19:52+00:00","breadcrumb":{"@id":"https:\/\/srcentre.com.au\/srmaf-survey\/#breadcrumb"},"inLanguage":"vi","potentialAction":[{"@type":"ReadAction","target":["https:\/\/srcentre.com.au\/srmaf-survey\/"]}]},{"@type":"ImageObject","inLanguage":"vi","@id":"https:\/\/srcentre.com.au\/srmaf-survey\/#primaryimage","url":"https:\/\/srcentre.com.au\/wp-content\/uploads\/2025\/09\/CSAM-lockup-1.png","contentUrl":"https:\/\/srcentre.com.au\/wp-content\/uploads\/2025\/09\/CSAM-lockup-1.png"},{"@type":"BreadcrumbList","@id":"https:\/\/srcentre.com.au\/srmaf-survey\/#breadcrumb","itemListElement":[{"@type":"ListItem","position":1,"name":"Home","item":"https:\/\/srcentre.com.au\/"},{"@type":"ListItem","position":2,"name":"Survey of Recent Migrants to Australia \u2013 Further Follow-up Survey"}]},{"@type":"WebSite","@id":"https:\/\/srcentre.com.au\/#website","url":"https:\/\/srcentre.com.au\/","name":"Trung t\u00e2m nghi\u00ean c\u1ee9u x\u00e3 h\u1ed9i","description":"Trung t\u00e2m nghi\u00ean c\u1ee9u x\u00e3 h\u1ed9i","publisher":{"@id":"https:\/\/srcentre.com.au\/#organization"},"potentialAction":[{"@type":"SearchAction","target":{"@type":"EntryPoint","urlTemplate":"https:\/\/srcentre.com.au\/?s={search_term_string}"},"query-input":{"@type":"PropertyValueSpecification","valueRequired":true,"valueName":"search_term_string"}}],"inLanguage":"vi"},{"@type":"Organization","@id":"https:\/\/srcentre.com.au\/#organization","name":"Trung t\u00e2m nghi\u00ean c\u1ee9u x\u00e3 h\u1ed9i","url":"https:\/\/srcentre.com.au\/","logo":{"@type":"ImageObject","inLanguage":"vi","@id":"https:\/\/srcentre.com.au\/#\/schema\/logo\/image\/","url":"https:\/\/srcentre.com.au\/wp-content\/uploads\/2023\/07\/src-icon.svg","contentUrl":"https:\/\/srcentre.com.au\/wp-content\/uploads\/2023\/07\/src-icon.svg","width":135,"height":135,"caption":"Social Research Centre"},"image":{"@id":"https:\/\/srcentre.com.au\/#\/schema\/logo\/image\/"},"sameAs":["https:\/\/www.facebook.com\/SRCentreAUS\/","https:\/\/x.com\/SRCentreAUS"]}]}},"_links":{"self":[{"href":"https:\/\/srcentre.com.au\/vi\/wp-json\/wp\/v2\/pages\/24512","targetHints":{"allow":["GET"]}}],"collection":[{"href":"https:\/\/srcentre.com.au\/vi\/wp-json\/wp\/v2\/pages"}],"about":[{"href":"https:\/\/srcentre.com.au\/vi\/wp-json\/wp\/v2\/types\/page"}],"author":[{"embeddable":true,"href":"https:\/\/srcentre.com.au\/vi\/wp-json\/wp\/v2\/users\/5"}],"replies":[{"embeddable":true,"href":"https:\/\/srcentre.com.au\/vi\/wp-json\/wp\/v2\/comments?post=24512"}],"version-history":[{"count":26,"href":"https:\/\/srcentre.com.au\/vi\/wp-json\/wp\/v2\/pages\/24512\/revisions"}],"predecessor-version":[{"id":25986,"href":"https:\/\/srcentre.com.au\/vi\/wp-json\/wp\/v2\/pages\/24512\/revisions\/25986"}],"wp:attachment":[{"href":"https:\/\/srcentre.com.au\/vi\/wp-json\/wp\/v2\/media?parent=24512"}],"curies":[{"name":"wp","href":"https:\/\/api.w.org\/{rel}","templated":true}]}}