

{"id":24504,"date":"2025-09-16T10:47:27","date_gmt":"2025-09-16T00:47:27","guid":{"rendered":"https:\/\/srcentre.com.au\/?page_id=24504"},"modified":"2025-09-18T13:59:10","modified_gmt":"2025-09-18T03:59:10","slug":"khao-sat-csam","status":"publish","type":"page","link":"https:\/\/srcentre.com.au\/vi\/csam-survey\/","title":{"rendered":"Kh\u1ea3o s\u00e1t v\u1ec1 ng\u01b0\u1eddi di c\u01b0 m\u1edbi \u0111\u1ebfn \u00dac \u2013 Kh\u1ea3o s\u00e1t s\u01a1 b\u1ed9"},"content":{"rendered":"<div data-elementor-type=\"wp-page\" data-elementor-id=\"24504\" class=\"elementor elementor-24504\">\n\t\t\t\t\t\t<section class=\"elementor-section elementor-top-section elementor-element elementor-element-324009c elementor-section-boxed elementor-section-height-default elementor-section-height-default\" data-id=\"324009c\" data-element_type=\"section\" data-e-type=\"section\">\n\t\t\t\t\t\t<div class=\"elementor-container elementor-column-gap-default\">\n\t\t\t\t\t<div class=\"elementor-column elementor-col-100 elementor-top-column elementor-element elementor-element-c1bd9c9\" data-id=\"c1bd9c9\" data-element_type=\"column\" data-e-type=\"column\">\n\t\t\t<div class=\"elementor-widget-wrap elementor-element-populated\">\n\t\t\t\t\t\t<div class=\"elementor-element elementor-element-c399fa3 elementor-widget elementor-widget-spacer\" data-id=\"c399fa3\" data-element_type=\"widget\" data-e-type=\"widget\" data-widget_type=\"spacer.default\">\n\t\t\t\t<div class=\"elementor-widget-container\">\n\t\t\t\t\t\t\t<div class=\"elementor-spacer\">\n\t\t\t<div class=\"elementor-spacer-inner\"><\/div>\n\t\t<\/div>\n\t\t\t\t\t\t<\/div>\n\t\t\t\t<\/div>\n\t\t\t\t\t<\/div>\n\t\t<\/div>\n\t\t\t\t\t<\/div>\n\t\t<\/section>\n\t\t\t\t<section class=\"elementor-section elementor-top-section elementor-element elementor-element-b86c4cd elementor-section-boxed elementor-section-height-default elementor-section-height-default\" data-id=\"b86c4cd\" data-element_type=\"section\" data-e-type=\"section\">\n\t\t\t\t\t\t<div class=\"elementor-container elementor-column-gap-default\">\n\t\t\t\t\t<div class=\"elementor-column elementor-col-100 elementor-top-column elementor-element elementor-element-e9e52e5\" data-id=\"e9e52e5\" data-element_type=\"column\" data-e-type=\"column\">\n\t\t\t<div class=\"elementor-widget-wrap elementor-element-populated\">\n\t\t\t\t\t\t<div class=\"elementor-element elementor-element-7e984b7 elementor-widget elementor-widget-image\" data-id=\"7e984b7\" data-element_type=\"widget\" data-e-type=\"widget\" data-widget_type=\"image.default\">\n\t\t\t\t<div class=\"elementor-widget-container\">\n\t\t\t\t\t\t\t\t\t\t\t\t\t\t\t<img decoding=\"async\" src=\"https:\/\/srcentre.com.au\/wp-content\/uploads\/2025\/09\/CSAM-lockup-1.png\" title=\"Kh\u00f3a CSAM\" alt=\"Kh\u00f3a CSAM\" loading=\"lazy\" \/>\t\t\t\t\t\t\t\t\t\t\t\t\t\t\t<\/div>\n\t\t\t\t<\/div>\n\t\t\t\t\t<\/div>\n\t\t<\/div>\n\t\t\t\t\t<\/div>\n\t\t<\/section>\n\t\t\t\t<section class=\"elementor-section elementor-top-section elementor-element elementor-element-62e9faf elementor-section-boxed elementor-section-height-default elementor-section-height-default\" data-id=\"62e9faf\" data-element_type=\"section\" data-e-type=\"section\">\n\t\t\t\t\t\t<div class=\"elementor-container elementor-column-gap-default\">\n\t\t\t\t\t<div class=\"elementor-column elementor-col-100 elementor-top-column elementor-element elementor-element-8bc469a\" data-id=\"8bc469a\" data-element_type=\"column\" data-e-type=\"column\">\n\t\t\t<div class=\"elementor-widget-wrap elementor-element-populated\">\n\t\t\t\t\t\t<div class=\"elementor-element elementor-element-97df3ea elementor-widget elementor-widget-spacer\" data-id=\"97df3ea\" data-element_type=\"widget\" data-e-type=\"widget\" data-widget_type=\"spacer.default\">\n\t\t\t\t<div class=\"elementor-widget-container\">\n\t\t\t\t\t\t\t<div class=\"elementor-spacer\">\n\t\t\t<div class=\"elementor-spacer-inner\"><\/div>\n\t\t<\/div>\n\t\t\t\t\t\t<\/div>\n\t\t\t\t<\/div>\n\t\t\t\t\t<\/div>\n\t\t<\/div>\n\t\t\t\t\t<\/div>\n\t\t<\/section>\n\t\t\t\t<section class=\"elementor-section elementor-top-section elementor-element elementor-element-97b213c elementor-section-boxed elementor-section-height-default elementor-section-height-default\" data-id=\"97b213c\" data-element_type=\"section\" data-e-type=\"section\">\n\t\t\t\t\t\t<div class=\"elementor-container elementor-column-gap-default\">\n\t\t\t\t\t<div class=\"elementor-column elementor-col-100 elementor-top-column elementor-element elementor-element-a52b045\" data-id=\"a52b045\" data-element_type=\"column\" data-e-type=\"column\">\n\t\t\t<div class=\"elementor-widget-wrap elementor-element-populated\">\n\t\t\t\t\t\t<div class=\"elementor-element elementor-element-1aba422 elementor-widget elementor-widget-heading\" data-id=\"1aba422\" data-element_type=\"widget\" data-e-type=\"widget\" data-widget_type=\"heading.default\">\n\t\t\t\t<div class=\"elementor-widget-container\">\n\t\t\t\t\t<h1 class=\"elementor-heading-title elementor-size-default\">Kh\u1ea3o s\u00e1t v\u1ec1 ng\u01b0\u1eddi di c\u01b0 m\u1edbi \u0111\u1ebfn \u00dac \u2013 Kh\u1ea3o s\u00e1t s\u01a1 b\u1ed9<\/h1>\t\t\t\t<\/div>\n\t\t\t\t<\/div>\n\t\t\t\t\t<\/div>\n\t\t<\/div>\n\t\t\t\t\t<\/div>\n\t\t<\/section>\n\t\t\t\t<section class=\"elementor-section elementor-top-section elementor-element elementor-element-a9c1fc2 elementor-section-boxed elementor-section-height-default elementor-section-height-default\" data-id=\"a9c1fc2\" data-element_type=\"section\" data-e-type=\"section\">\n\t\t\t\t\t\t<div class=\"elementor-container elementor-column-gap-default\">\n\t\t\t\t\t<div class=\"elementor-column elementor-col-100 elementor-top-column elementor-element elementor-element-8d1d0bc\" data-id=\"8d1d0bc\" data-element_type=\"column\" data-e-type=\"column\">\n\t\t\t<div class=\"elementor-widget-wrap elementor-element-populated\">\n\t\t\t\t\t\t<div class=\"elementor-element elementor-element-e79ac58 elementor-widget elementor-widget-text-editor\" data-id=\"e79ac58\" data-element_type=\"widget\" data-e-type=\"widget\" data-widget_type=\"text-editor.default\">\n\t\t\t\t<div class=\"elementor-widget-container\">\n\t\t\t\t\t\t\t\t\t<p>C\u1ea3m \u01a1n qu\u00fd v\u1ecb \u0111\u00e3 quan t\u00e2m \u0111\u1ebfn cu\u1ed9c kh\u1ea3o s\u00e1t v\u1ec1 ng\u01b0\u1eddi di c\u01b0 m\u1edbi \u0111\u1ebfn \u00dac. Cu\u1ed9c kh\u1ea3o s\u00e1t n\u00e0y hi\u1ec7n ch\u01b0a m\u1edf. Qu\u00fd v\u1ecb s\u1ebd nh\u1eadn \u0111\u01b0\u1ee3c l\u1eddi m\u1eddi qua email ho\u1eb7c th\u01b0 k\u00e8m theo m\u00e3 \u0111\u0103ng nh\u1eadp duy nh\u1ea5t \u0111\u1ec3 ho\u00e0n th\u00e0nh cu\u1ed9c kh\u1ea3o s\u00e1t khi n\u00f3 m\u1edf v\u00e0o ng\u00e0y 30 th\u00e1ng 9.<\/p><p>\u00a0<\/p><p>Vui l\u00f2ng li\u00ean h\u1ec7 v\u1edbi Trung t\u00e2m Nghi\u00ean c\u1ee9u X\u00e3 h\u1ed9i t\u1ea1i <a href=\"tel:1800 830 220\"><span style=\"text-decoration: underline;\">1800 830 220<\/span><\/a> ho\u1eb7c email <span style=\"text-decoration: underline;\"><a href=\"mailto:csam@srcentre.com.au\">csam@srcentre.com.au<\/a> <\/span>\u0110\u1ec3 \u0111\u01b0\u1ee3c h\u1ed7 tr\u1ee3, vui l\u00f2ng \u0111\u1ec1 c\u1eadp \u0111\u1ebfn s\u1ed1 tham chi\u1ebfu: 3373CSAM.<\/p>\t\t\t\t\t\t\t\t<\/div>\n\t\t\t\t<\/div>\n\t\t\t\t\t<\/div>\n\t\t<\/div>\n\t\t\t\t\t<\/div>\n\t\t<\/section>\n\t\t\t\t<section class=\"elementor-section elementor-top-section elementor-element elementor-element-f8fc750 elementor-section-boxed elementor-section-height-default elementor-section-height-default\" data-id=\"f8fc750\" data-element_type=\"section\" data-e-type=\"section\">\n\t\t\t\t\t\t<div class=\"elementor-container elementor-column-gap-default\">\n\t\t\t\t\t<div class=\"elementor-column elementor-col-100 elementor-top-column elementor-element elementor-element-e4d334d\" data-id=\"e4d334d\" data-element_type=\"column\" data-e-type=\"column\">\n\t\t\t<div class=\"elementor-widget-wrap elementor-element-populated\">\n\t\t\t\t\t\t<div class=\"elementor-element elementor-element-fba8b3c elementor-widget-divider--view-line elementor-widget elementor-widget-divider\" data-id=\"fba8b3c\" data-element_type=\"widget\" data-e-type=\"widget\" data-widget_type=\"divider.default\">\n\t\t\t\t<div class=\"elementor-widget-container\">\n\t\t\t\t\t\t\t<div class=\"elementor-divider\">\n\t\t\t<span class=\"elementor-divider-separator\">\n\t\t\t\t\t\t<\/span>\n\t\t<\/div>\n\t\t\t\t\t\t<\/div>\n\t\t\t\t<\/div>\n\t\t\t\t\t<\/div>\n\t\t<\/div>\n\t\t\t\t\t<\/div>\n\t\t<\/section>\n\t\t\t\t<section class=\"elementor-section elementor-top-section elementor-element elementor-element-610d355 elementor-section-boxed elementor-section-height-default elementor-section-height-default\" data-id=\"610d355\" data-element_type=\"section\" data-e-type=\"section\">\n\t\t\t\t\t\t<div class=\"elementor-container elementor-column-gap-default\">\n\t\t\t\t\t<div class=\"elementor-column elementor-col-100 elementor-top-column elementor-element elementor-element-44781a1\" data-id=\"44781a1\" data-element_type=\"column\" data-e-type=\"column\">\n\t\t\t<div class=\"elementor-widget-wrap elementor-element-populated\">\n\t\t\t\t\t\t<div class=\"elementor-element elementor-element-a97adf1 elementor-widget elementor-widget-text-editor\" data-id=\"a97adf1\" data-element_type=\"widget\" data-e-type=\"widget\" data-widget_type=\"text-editor.default\">\n\t\t\t\t<div class=\"elementor-widget-container\">\n\t\t\t\t\t\t\t\t\t<p><a href=\"https:\/\/srcentre.com.au\/vi\/csam\/\" target=\"_blank\" rel=\"noopener\">V\u1ec1 cu\u1ed9c \u0111i\u1ec1u tra v\u1ec1 ng\u01b0\u1eddi di c\u01b0 m\u1edbi \u0111\u1ebfn \u00dac<\/a> | S<a href=\"https:\/\/srcentre.com.au\/wp-content\/uploads\/2025\/09\/CSAM-Collection-Statement.pdf\" target=\"_blank\" rel=\"noopener\">Th\u00f4ng b\u00e1o thu th\u1eadp d\u1eef li\u1ec7u kh\u1ea3o s\u00e1t<\/a> | <a href=\"https:\/\/www.homeaffairs.gov.au\/access-and-accountability\/our-commitments\/privacy\" target=\"_blank\" rel=\"noopener\">Ch\u00ednh s\u00e1ch b\u1ea3o m\u1eadt c\u1ee7a B\u1ed9 N\u1ed9i v\u1ee5<\/a> | <a href=\"https:\/\/srcentre.com.au\/vi\/chinh-sach-bao-mat\/\" target=\"_blank\" rel=\"noopener\">Ch\u00ednh s\u00e1ch b\u1ea3o m\u1eadt c\u1ee7a SRC<\/a><\/p>\t\t\t\t\t\t\t\t<\/div>\n\t\t\t\t<\/div>\n\t\t\t\t\t<\/div>\n\t\t<\/div>\n\t\t\t\t\t<\/div>\n\t\t<\/section>\n\t\t\t\t<section class=\"elementor-section elementor-top-section elementor-element elementor-element-25bb414 elementor-section-boxed elementor-section-height-default elementor-section-height-default\" data-id=\"25bb414\" data-element_type=\"section\" data-e-type=\"section\">\n\t\t\t\t\t\t<div class=\"elementor-container elementor-column-gap-default\">\n\t\t\t\t\t<div class=\"elementor-column elementor-col-100 elementor-top-column elementor-element elementor-element-a937ae5\" data-id=\"a937ae5\" data-element_type=\"column\" data-e-type=\"column\">\n\t\t\t<div class=\"elementor-widget-wrap elementor-element-populated\">\n\t\t\t\t\t\t<div class=\"elementor-element elementor-element-3cdd375 elementor-widget elementor-widget-spacer\" data-id=\"3cdd375\" data-element_type=\"widget\" data-e-type=\"widget\" data-widget_type=\"spacer.default\">\n\t\t\t\t<div class=\"elementor-widget-container\">\n\t\t\t\t\t\t\t<div class=\"elementor-spacer\">\n\t\t\t<div class=\"elementor-spacer-inner\"><\/div>\n\t\t<\/div>\n\t\t\t\t\t\t<\/div>\n\t\t\t\t<\/div>\n\t\t\t\t\t<\/div>\n\t\t<\/div>\n\t\t\t\t\t<\/div>\n\t\t<\/section>\n\t\t\t\t<\/div>","protected":false},"excerpt":{"rendered":"<p>Survey of Recent Migrants to Australia \u2013 Introductory Survey Thank you for your interest in the Survey of Recent Migrants to Australia, this survey is not yet open. You will receive an invitation by email or letter with a unique login code to complete the survey when it opens on 30 September. \u00a0 Please contact [&hellip;]<\/p>\n","protected":false},"author":5,"featured_media":0,"parent":0,"menu_order":0,"comment_status":"closed","ping_status":"closed","template":"","meta":{"footnotes":""},"class_list":["post-24504","page","type-page","status-publish","hentry"],"yoast_head":"<!-- This site is optimized with the Yoast SEO Premium plugin v27.3 (Yoast SEO v27.3) - https:\/\/yoast.com\/product\/yoast-seo-premium-wordpress\/ -->\n<title>Survey of Recent Migrants to Australia \u2013 Introductory Survey - Social Research Centre<\/title>\n<meta name=\"robots\" content=\"index, follow, max-snippet:-1, max-image-preview:large, max-video-preview:-1\" \/>\n<link rel=\"canonical\" href=\"https:\/\/srcentre.com.au\/vi\/khao-sat-csam\/\" \/>\n<meta property=\"og:locale\" content=\"vi_VN\" \/>\n<meta property=\"og:type\" content=\"article\" \/>\n<meta property=\"og:title\" content=\"Survey of Recent Migrants to Australia \u2013 Introductory Survey\" \/>\n<meta property=\"og:description\" content=\"Survey of Recent Migrants to Australia \u2013 Introductory Survey Thank you for your interest in the Survey of Recent Migrants to Australia, this survey is not yet open. You will receive an invitation by email or letter with a unique login code to complete the survey when it opens on 30 September. \u00a0 Please contact [&hellip;]\" \/>\n<meta property=\"og:url\" content=\"https:\/\/srcentre.com.au\/vi\/khao-sat-csam\/\" \/>\n<meta property=\"og:site_name\" content=\"Social Research Centre\" \/>\n<meta property=\"article:publisher\" content=\"https:\/\/www.facebook.com\/SRCentreAUS\/\" \/>\n<meta property=\"article:modified_time\" content=\"2025-09-18T03:59:10+00:00\" \/>\n<meta property=\"og:image\" content=\"https:\/\/srcentre.com.au\/wp-content\/uploads\/2025\/09\/CSAM-lockup-1.png\" \/>\n<meta name=\"twitter:card\" content=\"summary_large_image\" \/>\n<meta name=\"twitter:site\" content=\"@SRCentreAUS\" \/>\n<meta name=\"twitter:label1\" content=\"\u01af\u1edbc t\u00ednh th\u1eddi gian \u0111\u1ecdc\" \/>\n\t<meta name=\"twitter:data1\" content=\"1 ph\u00fat\" \/>\n<script type=\"application\/ld+json\" class=\"yoast-schema-graph\">{\"@context\":\"https:\\\/\\\/schema.org\",\"@graph\":[{\"@type\":\"WebPage\",\"@id\":\"https:\\\/\\\/srcentre.com.au\\\/csam-survey\\\/\",\"url\":\"https:\\\/\\\/srcentre.com.au\\\/csam-survey\\\/\",\"name\":\"Survey of Recent Migrants to Australia \u2013 Introductory Survey - Social Research Centre\",\"isPartOf\":{\"@id\":\"https:\\\/\\\/srcentre.com.au\\\/#website\"},\"primaryImageOfPage\":{\"@id\":\"https:\\\/\\\/srcentre.com.au\\\/csam-survey\\\/#primaryimage\"},\"image\":{\"@id\":\"https:\\\/\\\/srcentre.com.au\\\/csam-survey\\\/#primaryimage\"},\"thumbnailUrl\":\"https:\\\/\\\/srcentre.com.au\\\/wp-content\\\/uploads\\\/2025\\\/09\\\/CSAM-lockup-1.png\",\"datePublished\":\"2025-09-16T00:47:27+00:00\",\"dateModified\":\"2025-09-18T03:59:10+00:00\",\"breadcrumb\":{\"@id\":\"https:\\\/\\\/srcentre.com.au\\\/csam-survey\\\/#breadcrumb\"},\"inLanguage\":\"vi\",\"potentialAction\":[{\"@type\":\"ReadAction\",\"target\":[\"https:\\\/\\\/srcentre.com.au\\\/csam-survey\\\/\"]}]},{\"@type\":\"ImageObject\",\"inLanguage\":\"vi\",\"@id\":\"https:\\\/\\\/srcentre.com.au\\\/csam-survey\\\/#primaryimage\",\"url\":\"https:\\\/\\\/srcentre.com.au\\\/wp-content\\\/uploads\\\/2025\\\/09\\\/CSAM-lockup-1.png\",\"contentUrl\":\"https:\\\/\\\/srcentre.com.au\\\/wp-content\\\/uploads\\\/2025\\\/09\\\/CSAM-lockup-1.png\"},{\"@type\":\"BreadcrumbList\",\"@id\":\"https:\\\/\\\/srcentre.com.au\\\/csam-survey\\\/#breadcrumb\",\"itemListElement\":[{\"@type\":\"ListItem\",\"position\":1,\"name\":\"Home\",\"item\":\"https:\\\/\\\/srcentre.com.au\\\/\"},{\"@type\":\"ListItem\",\"position\":2,\"name\":\"Survey of Recent Migrants to Australia \u2013 Introductory Survey\"}]},{\"@type\":\"WebSite\",\"@id\":\"https:\\\/\\\/srcentre.com.au\\\/#website\",\"url\":\"https:\\\/\\\/srcentre.com.au\\\/\",\"name\":\"Social Research Centre\",\"description\":\"Social Research Centre\",\"publisher\":{\"@id\":\"https:\\\/\\\/srcentre.com.au\\\/#organization\"},\"potentialAction\":[{\"@type\":\"SearchAction\",\"target\":{\"@type\":\"EntryPoint\",\"urlTemplate\":\"https:\\\/\\\/srcentre.com.au\\\/?s={search_term_string}\"},\"query-input\":{\"@type\":\"PropertyValueSpecification\",\"valueRequired\":true,\"valueName\":\"search_term_string\"}}],\"inLanguage\":\"vi\"},{\"@type\":\"Organization\",\"@id\":\"https:\\\/\\\/srcentre.com.au\\\/#organization\",\"name\":\"Social Research Centre\",\"url\":\"https:\\\/\\\/srcentre.com.au\\\/\",\"logo\":{\"@type\":\"ImageObject\",\"inLanguage\":\"vi\",\"@id\":\"https:\\\/\\\/srcentre.com.au\\\/#\\\/schema\\\/logo\\\/image\\\/\",\"url\":\"https:\\\/\\\/srcentre.com.au\\\/wp-content\\\/uploads\\\/2023\\\/07\\\/src-icon.svg\",\"contentUrl\":\"https:\\\/\\\/srcentre.com.au\\\/wp-content\\\/uploads\\\/2023\\\/07\\\/src-icon.svg\",\"width\":135,\"height\":135,\"caption\":\"Social Research Centre\"},\"image\":{\"@id\":\"https:\\\/\\\/srcentre.com.au\\\/#\\\/schema\\\/logo\\\/image\\\/\"},\"sameAs\":[\"https:\\\/\\\/www.facebook.com\\\/SRCentreAUS\\\/\",\"https:\\\/\\\/x.com\\\/SRCentreAUS\"]}]}<\/script>\n<!-- \/ Yoast SEO Premium plugin. -->","yoast_head_json":{"title":"Kh\u1ea3o s\u00e1t v\u1ec1 ng\u01b0\u1eddi di c\u01b0 m\u1edbi \u0111\u1ebfn \u00dac \u2013 Kh\u1ea3o s\u00e1t s\u01a1 b\u1ed9 - Trung t\u00e2m Nghi\u00ean c\u1ee9u X\u00e3 h\u1ed9i","robots":{"index":"index","follow":"follow","max-snippet":"max-snippet:-1","max-image-preview":"max-image-preview:large","max-video-preview":"max-video-preview:-1"},"canonical":"https:\/\/srcentre.com.au\/vi\/khao-sat-csam\/","og_locale":"vi_VN","og_type":"article","og_title":"Survey of Recent Migrants to Australia \u2013 Introductory Survey","og_description":"Survey of Recent Migrants to Australia \u2013 Introductory Survey Thank you for your interest in the Survey of Recent Migrants to Australia, this survey is not yet open. You will receive an invitation by email or letter with a unique login code to complete the survey when it opens on 30 September. \u00a0 Please contact [&hellip;]","og_url":"https:\/\/srcentre.com.au\/vi\/khao-sat-csam\/","og_site_name":"Social Research Centre","article_publisher":"https:\/\/www.facebook.com\/SRCentreAUS\/","article_modified_time":"2025-09-18T03:59:10+00:00","og_image":[{"url":"https:\/\/srcentre.com.au\/wp-content\/uploads\/2025\/09\/CSAM-lockup-1.png","type":"","width":"","height":""}],"twitter_card":"summary_large_image","twitter_site":"@SRCentreAUS","twitter_misc":{"\u01af\u1edbc t\u00ednh th\u1eddi gian \u0111\u1ecdc":"1 ph\u00fat"},"schema":{"@context":"https:\/\/schema.org","@graph":[{"@type":"WebPage","@id":"https:\/\/srcentre.com.au\/csam-survey\/","url":"https:\/\/srcentre.com.au\/csam-survey\/","name":"Kh\u1ea3o s\u00e1t v\u1ec1 ng\u01b0\u1eddi di c\u01b0 m\u1edbi \u0111\u1ebfn \u00dac \u2013 Kh\u1ea3o s\u00e1t s\u01a1 b\u1ed9 - Trung t\u00e2m Nghi\u00ean c\u1ee9u X\u00e3 h\u1ed9i","isPartOf":{"@id":"https:\/\/srcentre.com.au\/#website"},"primaryImageOfPage":{"@id":"https:\/\/srcentre.com.au\/csam-survey\/#primaryimage"},"image":{"@id":"https:\/\/srcentre.com.au\/csam-survey\/#primaryimage"},"thumbnailUrl":"https:\/\/srcentre.com.au\/wp-content\/uploads\/2025\/09\/CSAM-lockup-1.png","datePublished":"2025-09-16T00:47:27+00:00","dateModified":"2025-09-18T03:59:10+00:00","breadcrumb":{"@id":"https:\/\/srcentre.com.au\/csam-survey\/#breadcrumb"},"inLanguage":"vi","potentialAction":[{"@type":"ReadAction","target":["https:\/\/srcentre.com.au\/csam-survey\/"]}]},{"@type":"ImageObject","inLanguage":"vi","@id":"https:\/\/srcentre.com.au\/csam-survey\/#primaryimage","url":"https:\/\/srcentre.com.au\/wp-content\/uploads\/2025\/09\/CSAM-lockup-1.png","contentUrl":"https:\/\/srcentre.com.au\/wp-content\/uploads\/2025\/09\/CSAM-lockup-1.png"},{"@type":"BreadcrumbList","@id":"https:\/\/srcentre.com.au\/csam-survey\/#breadcrumb","itemListElement":[{"@type":"ListItem","position":1,"name":"Home","item":"https:\/\/srcentre.com.au\/"},{"@type":"ListItem","position":2,"name":"Survey of Recent Migrants to Australia \u2013 Introductory Survey"}]},{"@type":"WebSite","@id":"https:\/\/srcentre.com.au\/#website","url":"https:\/\/srcentre.com.au\/","name":"Trung t\u00e2m nghi\u00ean c\u1ee9u x\u00e3 h\u1ed9i","description":"Trung t\u00e2m nghi\u00ean c\u1ee9u x\u00e3 h\u1ed9i","publisher":{"@id":"https:\/\/srcentre.com.au\/#organization"},"potentialAction":[{"@type":"SearchAction","target":{"@type":"EntryPoint","urlTemplate":"https:\/\/srcentre.com.au\/?s={search_term_string}"},"query-input":{"@type":"PropertyValueSpecification","valueRequired":true,"valueName":"search_term_string"}}],"inLanguage":"vi"},{"@type":"Organization","@id":"https:\/\/srcentre.com.au\/#organization","name":"Trung t\u00e2m nghi\u00ean c\u1ee9u x\u00e3 h\u1ed9i","url":"https:\/\/srcentre.com.au\/","logo":{"@type":"ImageObject","inLanguage":"vi","@id":"https:\/\/srcentre.com.au\/#\/schema\/logo\/image\/","url":"https:\/\/srcentre.com.au\/wp-content\/uploads\/2023\/07\/src-icon.svg","contentUrl":"https:\/\/srcentre.com.au\/wp-content\/uploads\/2023\/07\/src-icon.svg","width":135,"height":135,"caption":"Social Research Centre"},"image":{"@id":"https:\/\/srcentre.com.au\/#\/schema\/logo\/image\/"},"sameAs":["https:\/\/www.facebook.com\/SRCentreAUS\/","https:\/\/x.com\/SRCentreAUS"]}]}},"_links":{"self":[{"href":"https:\/\/srcentre.com.au\/vi\/wp-json\/wp\/v2\/pages\/24504","targetHints":{"allow":["GET"]}}],"collection":[{"href":"https:\/\/srcentre.com.au\/vi\/wp-json\/wp\/v2\/pages"}],"about":[{"href":"https:\/\/srcentre.com.au\/vi\/wp-json\/wp\/v2\/types\/page"}],"author":[{"embeddable":true,"href":"https:\/\/srcentre.com.au\/vi\/wp-json\/wp\/v2\/users\/5"}],"replies":[{"embeddable":true,"href":"https:\/\/srcentre.com.au\/vi\/wp-json\/wp\/v2\/comments?post=24504"}],"version-history":[{"count":29,"href":"https:\/\/srcentre.com.au\/vi\/wp-json\/wp\/v2\/pages\/24504\/revisions"}],"predecessor-version":[{"id":25987,"href":"https:\/\/srcentre.com.au\/vi\/wp-json\/wp\/v2\/pages\/24504\/revisions\/25987"}],"wp:attachment":[{"href":"https:\/\/srcentre.com.au\/vi\/wp-json\/wp\/v2\/media?parent=24504"}],"curies":[{"name":"wp","href":"https:\/\/api.w.org\/{rel}","templated":true}]}}