

{"id":20123,"date":"2025-01-14T17:59:49","date_gmt":"2025-01-14T06:59:49","guid":{"rendered":"https:\/\/srcentre.com.au\/?page_id=20123"},"modified":"2025-03-18T13:41:31","modified_gmt":"2025-03-18T02:41:31","slug":"kinh-nghiem-ti-nan-pis-o-uc-nghien-cuu-nam-2024","status":"publish","type":"page","link":"https:\/\/srcentre.com.au\/vi\/pis-refugee-experience-in-australia-study-2024\/","title":{"rendered":"Phi\u1ebfu th\u00f4ng tin d\u00e0nh cho ng\u01b0\u1eddi tham gia \u2013 Nghi\u00ean c\u1ee9u Tr\u1ea3i nghi\u1ec7m c\u1ee7a ng\u01b0\u1eddi t\u1ecb n\u1ea1n t\u1ea1i \u00dac n\u0103m 2024"},"content":{"rendered":"<div data-elementor-type=\"wp-page\" data-elementor-id=\"20123\" class=\"elementor elementor-20123\">\n\t\t\t\t\t\t<section class=\"elementor-section elementor-top-section elementor-element elementor-element-0df9279 elementor-section-boxed elementor-section-height-default elementor-section-height-default\" data-id=\"0df9279\" data-element_type=\"section\" data-e-type=\"section\">\n\t\t\t\t\t\t<div class=\"elementor-container elementor-column-gap-default\">\n\t\t\t\t\t<div class=\"elementor-column elementor-col-100 elementor-top-column elementor-element elementor-element-eb358b9\" data-id=\"eb358b9\" data-element_type=\"column\" data-e-type=\"column\">\n\t\t\t<div class=\"elementor-widget-wrap\">\n\t\t\t\t\t\t\t<\/div>\n\t\t<\/div>\n\t\t\t\t\t<\/div>\n\t\t<\/section>\n\t\t\t\t<section class=\"elementor-section elementor-top-section elementor-element elementor-element-5e39b33 elementor-section-boxed elementor-section-height-default elementor-section-height-default\" data-id=\"5e39b33\" data-element_type=\"section\" data-e-type=\"section\">\n\t\t\t\t\t\t<div class=\"elementor-container elementor-column-gap-default\">\n\t\t\t\t\t<div class=\"elementor-column elementor-col-100 elementor-top-column elementor-element elementor-element-edc3b2e\" data-id=\"edc3b2e\" data-element_type=\"column\" data-e-type=\"column\">\n\t\t\t<div class=\"elementor-widget-wrap elementor-element-populated\">\n\t\t\t\t\t\t<div class=\"elementor-element elementor-element-a088bdf elementor-widget elementor-widget-spacer\" data-id=\"a088bdf\" data-element_type=\"widget\" data-e-type=\"widget\" data-widget_type=\"spacer.default\">\n\t\t\t\t<div class=\"elementor-widget-container\">\n\t\t\t\t\t\t\t<div class=\"elementor-spacer\">\n\t\t\t<div class=\"elementor-spacer-inner\"><\/div>\n\t\t<\/div>\n\t\t\t\t\t\t<\/div>\n\t\t\t\t<\/div>\n\t\t\t\t<div class=\"elementor-element elementor-element-de1931a elementor-widget elementor-widget-heading\" data-id=\"de1931a\" data-element_type=\"widget\" data-e-type=\"widget\" data-widget_type=\"heading.default\">\n\t\t\t\t<div class=\"elementor-widget-container\">\n\t\t\t\t\t<h5 class=\"elementor-heading-title elementor-size-default\">Kinh nghi\u1ec7m t\u1ecb n\u1ea1n t\u1ea1i \u00dac Nghi\u00ean c\u1ee9u 2024<\/h5>\t\t\t\t<\/div>\n\t\t\t\t<\/div>\n\t\t\t\t\t<\/div>\n\t\t<\/div>\n\t\t\t\t\t<\/div>\n\t\t<\/section>\n\t\t\t\t<section class=\"elementor-section elementor-top-section elementor-element elementor-element-6c4e869 elementor-section-boxed elementor-section-height-default elementor-section-height-default\" data-id=\"6c4e869\" data-element_type=\"section\" data-e-type=\"section\">\n\t\t\t\t\t\t<div class=\"elementor-container elementor-column-gap-default\">\n\t\t\t\t\t<div class=\"elementor-column elementor-col-100 elementor-top-column elementor-element elementor-element-e619547\" data-id=\"e619547\" data-element_type=\"column\" data-e-type=\"column\">\n\t\t\t<div class=\"elementor-widget-wrap elementor-element-populated\">\n\t\t\t\t\t\t<div class=\"elementor-element elementor-element-57197fa elementor-widget elementor-widget-heading\" data-id=\"57197fa\" data-element_type=\"widget\" data-e-type=\"widget\" data-widget_type=\"heading.default\">\n\t\t\t\t<div class=\"elementor-widget-container\">\n\t\t\t\t\t<h2 class=\"elementor-heading-title elementor-size-default\">Xin vui l\u00f2ng t\u00ecm <i>Phi\u1ebfu th\u00f4ng tin ng\u01b0\u1eddi tham gia <\/i>b\u1eb1ng ng\u00f4n ng\u1eef c\u1ee7a b\u1ea1n b\u00ean d\u01b0\u1edbi:<\/h2>\t\t\t\t<\/div>\n\t\t\t\t<\/div>\n\t\t\t\t\t<\/div>\n\t\t<\/div>\n\t\t\t\t\t<\/div>\n\t\t<\/section>\n\t\t\t\t<section class=\"elementor-section elementor-top-section elementor-element elementor-element-096d4c8 elementor-section-boxed elementor-section-height-default elementor-section-height-default\" data-id=\"096d4c8\" data-element_type=\"section\" data-e-type=\"section\">\n\t\t\t\t\t\t<div class=\"elementor-container elementor-column-gap-default\">\n\t\t\t\t\t<div class=\"elementor-column elementor-col-100 elementor-top-column elementor-element elementor-element-39e4003\" data-id=\"39e4003\" data-element_type=\"column\" data-e-type=\"column\">\n\t\t\t<div class=\"elementor-widget-wrap elementor-element-populated\">\n\t\t\t\t\t\t<div class=\"elementor-element elementor-element-84fcb85 elementor-widget elementor-widget-text-editor\" data-id=\"84fcb85\" data-element_type=\"widget\" data-e-type=\"widget\" data-widget_type=\"text-editor.default\">\n\t\t\t\t<div class=\"elementor-widget-container\">\n\t\t\t\t\t\t\t\t\t<ul><li><a href=\"https:\/\/srcentre.com.au\/wp-content\/uploads\/2025\/01\/D-SRC3214_Participant-Information-Sheet-survey_V2.0_09Sep2024_Arabic.pdf\">Ti\u1ebfng \u1ea2 R\u1eadp<\/a><\/li><li><a href=\"https:\/\/srcentre.com.au\/wp-content\/uploads\/2025\/01\/D-SRC3214_Participant-Information-Sheet-survey_V2.0_09Sep2024_Assyrian.pdf\">Assyria Neo Aram<\/a><\/li><li><a href=\"https:\/\/srcentre.com.au\/wp-content\/uploads\/2025\/01\/D-SRC3214_Participant-Information-Sheet-survey_V2.0_09Sep2024_Burmese.pdf\">Mi\u1ebfn \u0110i\u1ec7n<\/a><\/li><li><a href=\"https:\/\/srcentre.com.au\/wp-content\/uploads\/2025\/01\/D-SRC3214_Participant-Information-Sheet-survey_V2.0_09Sep2024_Chin-Hakha.pdf\">Chin Haka<\/a><\/li><li><a href=\"https:\/\/srcentre.com.au\/wp-content\/uploads\/2025\/01\/D-SRC3214-Participant-Information-Sheet-survey_V2.0_09Sep2024_Dari.pdf\">T\u1eeb<\/a><\/li><li><a href=\"https:\/\/srcentre.com.au\/wp-content\/uploads\/2025\/01\/SRC3214_Participant-Information-Sheet-survey_English.pdf\">Ti\u1ebfng Anh<\/a><\/li><li><a href=\"https:\/\/srcentre.com.au\/wp-content\/uploads\/2025\/01\/D-SRC3214_Participant-Information-Sheet-survey_V2.0_09Sep2024_Hazaragi_v2.pdf\">Hazaragi<\/a><\/li><li><a href=\"https:\/\/srcentre.com.au\/wp-content\/uploads\/2025\/01\/D-SRC3214_Participant-Information-Sheet-survey_V2.0_09Sep2024_Karen.pdf\">Karen<\/a><\/li><li><a href=\"https:\/\/srcentre.com.au\/wp-content\/uploads\/2025\/01\/D-SRC3214_Participant-Information-Sheet-survey_V2.0_09Sep2024_Nepali.pdf\">Ti\u1ebfng Nepal<\/a><\/li><li><a href=\"https:\/\/srcentre.com.au\/wp-content\/uploads\/2025\/01\/D-SRC3214_Participant-Information-Sheet-survey_V2.0_09Sep2024_Swahili.pdf\">Ti\u1ebfng Swahili<\/a><\/li><li><a href=\"https:\/\/srcentre.com.au\/wp-content\/uploads\/2025\/01\/D-SRC3214_Participant-Information-Sheet-survey_V2.0_09Sep2024_Tigrinya.pdf\">Ti\u1ebfng Tigrinya<\/a><\/li><\/ul><p>\u00a0<\/p><p><a href=\"https:\/\/srcentre.com.au\/vi\/du-an\/kinh-nghiem-ti-nan-o-uc-nghien-cuu\/\">Quay l\u1ea1i trang d\u1ef1 \u00e1n<\/a><\/p>\t\t\t\t\t\t\t\t<\/div>\n\t\t\t\t<\/div>\n\t\t\t\t\t<\/div>\n\t\t<\/div>\n\t\t\t\t\t<\/div>\n\t\t<\/section>\n\t\t\t\t<section class=\"elementor-section elementor-top-section elementor-element elementor-element-a2e17af elementor-section-boxed elementor-section-height-default elementor-section-height-default\" data-id=\"a2e17af\" data-element_type=\"section\" data-e-type=\"section\">\n\t\t\t\t\t\t<div class=\"elementor-container elementor-column-gap-default\">\n\t\t\t\t\t<div class=\"elementor-column elementor-col-100 elementor-top-column elementor-element elementor-element-b57fde0\" data-id=\"b57fde0\" data-element_type=\"column\" data-e-type=\"column\">\n\t\t\t<div class=\"elementor-widget-wrap elementor-element-populated\">\n\t\t\t\t\t\t<div class=\"elementor-element elementor-element-e871cdf elementor-widget elementor-widget-spacer\" data-id=\"e871cdf\" data-element_type=\"widget\" data-e-type=\"widget\" data-widget_type=\"spacer.default\">\n\t\t\t\t<div class=\"elementor-widget-container\">\n\t\t\t\t\t\t\t<div class=\"elementor-spacer\">\n\t\t\t<div class=\"elementor-spacer-inner\"><\/div>\n\t\t<\/div>\n\t\t\t\t\t\t<\/div>\n\t\t\t\t<\/div>\n\t\t\t\t\t<\/div>\n\t\t<\/div>\n\t\t\t\t\t<\/div>\n\t\t<\/section>\n\t\t\t\t<\/div>","protected":false},"excerpt":{"rendered":"<p>Kinh nghi\u1ec7m t\u1ecb n\u1ea1n t\u1ea1i \u00dac Nghi\u00ean c\u1ee9u 2024 Vui l\u00f2ng t\u00ecm t\u1edd th\u00f4ng tin Ng\u01b0\u1eddi tham gia b\u1eb1ng ng\u00f4n ng\u1eef c\u1ee7a b\u1ea1n b\u00ean d\u01b0\u1edbi: Ti\u1ebfng \u1ea2 R\u1eadp Ti\u1ebfng Assyria Ti\u1ebfng Neo Aramaic Ti\u1ebfng Mi\u1ebfn \u0110i\u1ec7n Ti\u1ebfng Chin Ti\u1ebfng Haka Dari Ti\u1ebfng Anh Ti\u1ebfng Hazaragi Ti\u1ebfng Karen Ti\u1ebfng Nepal Ti\u1ebfng Swahili Ti\u1ebfng Tigrinya Quay l\u1ea1i trang d\u1ef1 \u00e1n<\/p>","protected":false},"author":5,"featured_media":0,"parent":0,"menu_order":0,"comment_status":"closed","ping_status":"closed","template":"","meta":{"footnotes":""},"class_list":["post-20123","page","type-page","status-publish","hentry"],"yoast_head":"<!-- This site is optimized with the Yoast SEO Premium plugin v27.4 (Yoast SEO v27.4) - https:\/\/yoast.com\/product\/yoast-seo-premium-wordpress\/ -->\n<title>Participant information sheets - Refugee Experience in Australia Study 2024 - Social Research Centre<\/title>\n<meta name=\"robots\" content=\"index, follow, max-snippet:-1, max-image-preview:large, max-video-preview:-1\" \/>\n<link rel=\"canonical\" href=\"https:\/\/srcentre.com.au\/vi\/kinh-nghiem-ti-nan-pis-o-uc-nghien-cuu-nam-2024\/\" \/>\n<meta property=\"og:locale\" content=\"vi_VN\" \/>\n<meta property=\"og:type\" content=\"article\" \/>\n<meta property=\"og:title\" content=\"Participant information sheets - Refugee Experience in Australia Study 2024\" \/>\n<meta property=\"og:description\" content=\"Refugee Experience in Australia Study 2024 Please find the Participant information sheet in your language below: Arabic Assyrian Neo Aramaic Burmese Chin Haka Dari English Hazaragi Karen Nepali Swahili Tigrinya \u00a0 Return to project page\" \/>\n<meta property=\"og:url\" content=\"https:\/\/srcentre.com.au\/vi\/kinh-nghiem-ti-nan-pis-o-uc-nghien-cuu-nam-2024\/\" \/>\n<meta property=\"og:site_name\" content=\"Social Research Centre\" \/>\n<meta property=\"article:publisher\" content=\"https:\/\/www.facebook.com\/SRCentreAUS\/\" \/>\n<meta property=\"article:modified_time\" content=\"2025-03-18T02:41:31+00:00\" \/>\n<meta name=\"twitter:card\" content=\"summary_large_image\" \/>\n<meta name=\"twitter:site\" content=\"@SRCentreAUS\" \/>\n<meta name=\"twitter:label1\" content=\"\u01af\u1edbc t\u00ednh th\u1eddi gian \u0111\u1ecdc\" \/>\n\t<meta name=\"twitter:data1\" content=\"1 ph\u00fat\" \/>\n<script type=\"application\/ld+json\" class=\"yoast-schema-graph\">{\"@context\":\"https:\\\/\\\/schema.org\",\"@graph\":[{\"@type\":\"WebPage\",\"@id\":\"https:\\\/\\\/srcentre.com.au\\\/pis-refugee-experience-in-australia-study-2024\\\/\",\"url\":\"https:\\\/\\\/srcentre.com.au\\\/pis-refugee-experience-in-australia-study-2024\\\/\",\"name\":\"Participant information sheets - Refugee Experience in Australia Study 2024 - Social Research Centre\",\"isPartOf\":{\"@id\":\"https:\\\/\\\/srcentre.com.au\\\/#website\"},\"datePublished\":\"2025-01-14T06:59:49+00:00\",\"dateModified\":\"2025-03-18T02:41:31+00:00\",\"breadcrumb\":{\"@id\":\"https:\\\/\\\/srcentre.com.au\\\/pis-refugee-experience-in-australia-study-2024\\\/#breadcrumb\"},\"inLanguage\":\"vi\",\"potentialAction\":[{\"@type\":\"ReadAction\",\"target\":[\"https:\\\/\\\/srcentre.com.au\\\/pis-refugee-experience-in-australia-study-2024\\\/\"]}]},{\"@type\":\"BreadcrumbList\",\"@id\":\"https:\\\/\\\/srcentre.com.au\\\/pis-refugee-experience-in-australia-study-2024\\\/#breadcrumb\",\"itemListElement\":[{\"@type\":\"ListItem\",\"position\":1,\"name\":\"Home\",\"item\":\"https:\\\/\\\/srcentre.com.au\\\/\"},{\"@type\":\"ListItem\",\"position\":2,\"name\":\"Participant information sheets &#8211; Refugee Experience in Australia Study 2024\"}]},{\"@type\":\"WebSite\",\"@id\":\"https:\\\/\\\/srcentre.com.au\\\/#website\",\"url\":\"https:\\\/\\\/srcentre.com.au\\\/\",\"name\":\"Social Research Centre\",\"description\":\"Social Research Centre\",\"publisher\":{\"@id\":\"https:\\\/\\\/srcentre.com.au\\\/#organization\"},\"potentialAction\":[{\"@type\":\"SearchAction\",\"target\":{\"@type\":\"EntryPoint\",\"urlTemplate\":\"https:\\\/\\\/srcentre.com.au\\\/?s={search_term_string}\"},\"query-input\":{\"@type\":\"PropertyValueSpecification\",\"valueRequired\":true,\"valueName\":\"search_term_string\"}}],\"inLanguage\":\"vi\"},{\"@type\":\"Organization\",\"@id\":\"https:\\\/\\\/srcentre.com.au\\\/#organization\",\"name\":\"Social Research Centre\",\"url\":\"https:\\\/\\\/srcentre.com.au\\\/\",\"logo\":{\"@type\":\"ImageObject\",\"inLanguage\":\"vi\",\"@id\":\"https:\\\/\\\/srcentre.com.au\\\/#\\\/schema\\\/logo\\\/image\\\/\",\"url\":\"https:\\\/\\\/srcentre.com.au\\\/wp-content\\\/uploads\\\/2023\\\/07\\\/src-icon.svg\",\"contentUrl\":\"https:\\\/\\\/srcentre.com.au\\\/wp-content\\\/uploads\\\/2023\\\/07\\\/src-icon.svg\",\"width\":135,\"height\":135,\"caption\":\"Social Research Centre\"},\"image\":{\"@id\":\"https:\\\/\\\/srcentre.com.au\\\/#\\\/schema\\\/logo\\\/image\\\/\"},\"sameAs\":[\"https:\\\/\\\/www.facebook.com\\\/SRCentreAUS\\\/\",\"https:\\\/\\\/x.com\\\/SRCentreAUS\"]}]}<\/script>\n<!-- \/ Yoast SEO Premium plugin. -->","yoast_head_json":{"title":"Phi\u1ebfu th\u00f4ng tin d\u00e0nh cho ng\u01b0\u1eddi tham gia - Nghi\u00ean c\u1ee9u Tr\u1ea3i nghi\u1ec7m c\u1ee7a Ng\u01b0\u1eddi t\u1ecb n\u1ea1n t\u1ea1i \u00dac n\u0103m 2024 - Trung t\u00e2m Nghi\u00ean c\u1ee9u X\u00e3 h\u1ed9i","robots":{"index":"index","follow":"follow","max-snippet":"max-snippet:-1","max-image-preview":"max-image-preview:large","max-video-preview":"max-video-preview:-1"},"canonical":"https:\/\/srcentre.com.au\/vi\/kinh-nghiem-ti-nan-pis-o-uc-nghien-cuu-nam-2024\/","og_locale":"vi_VN","og_type":"article","og_title":"Participant information sheets - Refugee Experience in Australia Study 2024","og_description":"Refugee Experience in Australia Study 2024 Please find the Participant information sheet in your language below: Arabic Assyrian Neo Aramaic Burmese Chin Haka Dari English Hazaragi Karen Nepali Swahili Tigrinya \u00a0 Return to project page","og_url":"https:\/\/srcentre.com.au\/vi\/kinh-nghiem-ti-nan-pis-o-uc-nghien-cuu-nam-2024\/","og_site_name":"Social Research Centre","article_publisher":"https:\/\/www.facebook.com\/SRCentreAUS\/","article_modified_time":"2025-03-18T02:41:31+00:00","twitter_card":"summary_large_image","twitter_site":"@SRCentreAUS","twitter_misc":{"\u01af\u1edbc t\u00ednh th\u1eddi gian \u0111\u1ecdc":"1 ph\u00fat"},"schema":{"@context":"https:\/\/schema.org","@graph":[{"@type":"WebPage","@id":"https:\/\/srcentre.com.au\/pis-refugee-experience-in-australia-study-2024\/","url":"https:\/\/srcentre.com.au\/pis-refugee-experience-in-australia-study-2024\/","name":"Phi\u1ebfu th\u00f4ng tin d\u00e0nh cho ng\u01b0\u1eddi tham gia - Nghi\u00ean c\u1ee9u Tr\u1ea3i nghi\u1ec7m c\u1ee7a Ng\u01b0\u1eddi t\u1ecb n\u1ea1n t\u1ea1i \u00dac n\u0103m 2024 - Trung t\u00e2m Nghi\u00ean c\u1ee9u X\u00e3 h\u1ed9i","isPartOf":{"@id":"https:\/\/srcentre.com.au\/#website"},"datePublished":"2025-01-14T06:59:49+00:00","dateModified":"2025-03-18T02:41:31+00:00","breadcrumb":{"@id":"https:\/\/srcentre.com.au\/pis-refugee-experience-in-australia-study-2024\/#breadcrumb"},"inLanguage":"vi","potentialAction":[{"@type":"ReadAction","target":["https:\/\/srcentre.com.au\/pis-refugee-experience-in-australia-study-2024\/"]}]},{"@type":"BreadcrumbList","@id":"https:\/\/srcentre.com.au\/pis-refugee-experience-in-australia-study-2024\/#breadcrumb","itemListElement":[{"@type":"ListItem","position":1,"name":"Home","item":"https:\/\/srcentre.com.au\/"},{"@type":"ListItem","position":2,"name":"Participant information sheets &#8211; Refugee Experience in Australia Study 2024"}]},{"@type":"WebSite","@id":"https:\/\/srcentre.com.au\/#website","url":"https:\/\/srcentre.com.au\/","name":"Trung t\u00e2m nghi\u00ean c\u1ee9u x\u00e3 h\u1ed9i","description":"Trung t\u00e2m nghi\u00ean c\u1ee9u x\u00e3 h\u1ed9i","publisher":{"@id":"https:\/\/srcentre.com.au\/#organization"},"potentialAction":[{"@type":"SearchAction","target":{"@type":"EntryPoint","urlTemplate":"https:\/\/srcentre.com.au\/?s={search_term_string}"},"query-input":{"@type":"PropertyValueSpecification","valueRequired":true,"valueName":"search_term_string"}}],"inLanguage":"vi"},{"@type":"Organization","@id":"https:\/\/srcentre.com.au\/#organization","name":"Trung t\u00e2m nghi\u00ean c\u1ee9u x\u00e3 h\u1ed9i","url":"https:\/\/srcentre.com.au\/","logo":{"@type":"ImageObject","inLanguage":"vi","@id":"https:\/\/srcentre.com.au\/#\/schema\/logo\/image\/","url":"https:\/\/srcentre.com.au\/wp-content\/uploads\/2023\/07\/src-icon.svg","contentUrl":"https:\/\/srcentre.com.au\/wp-content\/uploads\/2023\/07\/src-icon.svg","width":135,"height":135,"caption":"Social Research Centre"},"image":{"@id":"https:\/\/srcentre.com.au\/#\/schema\/logo\/image\/"},"sameAs":["https:\/\/www.facebook.com\/SRCentreAUS\/","https:\/\/x.com\/SRCentreAUS"]}]}},"_links":{"self":[{"href":"https:\/\/srcentre.com.au\/vi\/wp-json\/wp\/v2\/pages\/20123","targetHints":{"allow":["GET"]}}],"collection":[{"href":"https:\/\/srcentre.com.au\/vi\/wp-json\/wp\/v2\/pages"}],"about":[{"href":"https:\/\/srcentre.com.au\/vi\/wp-json\/wp\/v2\/types\/page"}],"author":[{"embeddable":true,"href":"https:\/\/srcentre.com.au\/vi\/wp-json\/wp\/v2\/users\/5"}],"replies":[{"embeddable":true,"href":"https:\/\/srcentre.com.au\/vi\/wp-json\/wp\/v2\/comments?post=20123"}],"version-history":[{"count":44,"href":"https:\/\/srcentre.com.au\/vi\/wp-json\/wp\/v2\/pages\/20123\/revisions"}],"predecessor-version":[{"id":21724,"href":"https:\/\/srcentre.com.au\/vi\/wp-json\/wp\/v2\/pages\/20123\/revisions\/21724"}],"wp:attachment":[{"href":"https:\/\/srcentre.com.au\/vi\/wp-json\/wp\/v2\/media?parent=20123"}],"curies":[{"name":"wp","href":"https:\/\/api.w.org\/{rel}","templated":true}]}}