

{"id":18024,"date":"2024-08-15T12:43:57","date_gmt":"2024-08-15T02:43:57","guid":{"rendered":"https:\/\/srcentre.com.au\/?page_id=18024"},"modified":"2024-08-27T16:34:16","modified_gmt":"2024-08-27T06:34:16","slug":"khao-sat-suc-khoe-cong-dong-va-giai-tri-cua-uc-aphls","status":"publish","type":"page","link":"https:\/\/srcentre.com.au\/vi\/australian-public-health-and-leisure-survey-aphls\/","title":{"rendered":"Kh\u1ea3o s\u00e1t S\u1ee9c kh\u1ecfe C\u00f4ng c\u1ed9ng v\u00e0 Gi\u1ea3i tr\u00ed c\u1ee7a \u00dac (APHLS)"},"content":{"rendered":"<div data-elementor-type=\"wp-page\" data-elementor-id=\"18024\" class=\"elementor elementor-18024\">\n\t\t\t\t\t\t<section class=\"elementor-section elementor-top-section elementor-element elementor-element-695e54f elementor-section-boxed elementor-section-height-default elementor-section-height-default\" data-id=\"695e54f\" data-element_type=\"section\" data-e-type=\"section\">\n\t\t\t\t\t\t<div class=\"elementor-container elementor-column-gap-default\">\n\t\t\t\t\t<div class=\"elementor-column elementor-col-100 elementor-top-column elementor-element elementor-element-160894c\" data-id=\"160894c\" data-element_type=\"column\" data-e-type=\"column\">\n\t\t\t<div class=\"elementor-widget-wrap elementor-element-populated\">\n\t\t\t\t\t\t<div class=\"elementor-element elementor-element-e76c6a5 elementor-widget__width-initial elementor-widget elementor-widget-image\" data-id=\"e76c6a5\" data-element_type=\"widget\" data-e-type=\"widget\" data-widget_type=\"image.default\">\n\t\t\t\t<div class=\"elementor-widget-container\">\n\t\t\t\t\t\t\t\t\t\t\t\t\t\t\t<img fetchpriority=\"high\" decoding=\"async\" width=\"800\" height=\"150\" src=\"https:\/\/srcentre.com.au\/wp-content\/uploads\/2024\/08\/AIFS-logo-lockup_CMYK-1024x192.png\" class=\"attachment-large size-large wp-image-18207\" alt=\"\" srcset=\"https:\/\/srcentre.com.au\/wp-content\/uploads\/2024\/08\/AIFS-logo-lockup_CMYK-1024x192.png 1024w, https:\/\/srcentre.com.au\/wp-content\/uploads\/2024\/08\/AIFS-logo-lockup_CMYK-300x56.png 300w, https:\/\/srcentre.com.au\/wp-content\/uploads\/2024\/08\/AIFS-logo-lockup_CMYK-768x144.png 768w, https:\/\/srcentre.com.au\/wp-content\/uploads\/2024\/08\/AIFS-logo-lockup_CMYK-18x3.png 18w, https:\/\/srcentre.com.au\/wp-content\/uploads\/2024\/08\/AIFS-logo-lockup_CMYK.png 1166w\" sizes=\"(max-width: 800px) 100vw, 800px\" \/>\t\t\t\t\t\t\t\t\t\t\t\t\t\t\t<\/div>\n\t\t\t\t<\/div>\n\t\t\t\t\t<\/div>\n\t\t<\/div>\n\t\t\t\t\t<\/div>\n\t\t<\/section>\n\t\t\t\t<section class=\"elementor-section elementor-top-section elementor-element elementor-element-4e06842 elementor-section-boxed elementor-section-height-default elementor-section-height-default\" data-id=\"4e06842\" data-element_type=\"section\" data-e-type=\"section\">\n\t\t\t\t\t\t<div class=\"elementor-container elementor-column-gap-default\">\n\t\t\t\t\t<div class=\"elementor-column elementor-col-100 elementor-top-column elementor-element elementor-element-9257f12\" data-id=\"9257f12\" data-element_type=\"column\" data-e-type=\"column\">\n\t\t\t<div class=\"elementor-widget-wrap elementor-element-populated\">\n\t\t\t\t\t\t<div class=\"elementor-element elementor-element-00524b7 elementor-widget elementor-widget-spacer\" data-id=\"00524b7\" data-element_type=\"widget\" data-e-type=\"widget\" data-widget_type=\"spacer.default\">\n\t\t\t\t<div class=\"elementor-widget-container\">\n\t\t\t\t\t\t\t<div class=\"elementor-spacer\">\n\t\t\t<div class=\"elementor-spacer-inner\"><\/div>\n\t\t<\/div>\n\t\t\t\t\t\t<\/div>\n\t\t\t\t<\/div>\n\t\t\t\t\t<\/div>\n\t\t<\/div>\n\t\t\t\t\t<\/div>\n\t\t<\/section>\n\t\t\t\t<section class=\"elementor-section elementor-top-section elementor-element elementor-element-76f570e elementor-section-boxed elementor-section-height-default elementor-section-height-default\" data-id=\"76f570e\" data-element_type=\"section\" data-e-type=\"section\">\n\t\t\t\t\t\t<div class=\"elementor-container elementor-column-gap-default\">\n\t\t\t\t\t<div class=\"elementor-column elementor-col-100 elementor-top-column elementor-element elementor-element-7456835\" data-id=\"7456835\" data-element_type=\"column\" data-e-type=\"column\">\n\t\t\t<div class=\"elementor-widget-wrap elementor-element-populated\">\n\t\t\t\t\t\t<div class=\"elementor-element elementor-element-1d3b390 elementor-widget elementor-widget-heading\" data-id=\"1d3b390\" data-element_type=\"widget\" data-e-type=\"widget\" data-widget_type=\"heading.default\">\n\t\t\t\t<div class=\"elementor-widget-container\">\n\t\t\t\t\t<h2 class=\"elementor-heading-title elementor-size-default\">Kh\u1ea3o s\u00e1t S\u1ee9c kh\u1ecfe C\u00f4ng c\u1ed9ng v\u00e0 Gi\u1ea3i tr\u00ed c\u1ee7a \u00dac (APHLS) <\/h2>\t\t\t\t<\/div>\n\t\t\t\t<\/div>\n\t\t\t\t\t<\/div>\n\t\t<\/div>\n\t\t\t\t\t<\/div>\n\t\t<\/section>\n\t\t\t\t<section class=\"elementor-section elementor-top-section elementor-element elementor-element-3123810 elementor-section-boxed elementor-section-height-default elementor-section-height-default\" data-id=\"3123810\" data-element_type=\"section\" data-e-type=\"section\">\n\t\t\t\t\t\t<div class=\"elementor-container elementor-column-gap-default\">\n\t\t\t\t\t<div class=\"elementor-column elementor-col-100 elementor-top-column elementor-element elementor-element-6c449fd\" data-id=\"6c449fd\" data-element_type=\"column\" data-e-type=\"column\">\n\t\t\t<div class=\"elementor-widget-wrap elementor-element-populated\">\n\t\t\t\t\t\t<div class=\"elementor-element elementor-element-68473ed elementor-widget elementor-widget-text-editor\" data-id=\"68473ed\" data-element_type=\"widget\" data-e-type=\"widget\" data-widget_type=\"text-editor.default\">\n\t\t\t\t<div class=\"elementor-widget-container\">\n\t\t\t\t\t\t\t\t\t<h5>N\u1ebfu h\u1ed9 gia \u0111\u00ecnh b\u1ea1n nh\u1eadn \u0111\u01b0\u1ee3c th\u01b0 m\u1eddi b\u1ea1n tham gia Kh\u1ea3o s\u00e1t, b\u1ea1n c\u00f3 th\u1ec3 \u0111\u0103ng nh\u1eadp v\u00e0 <a href=\"https:\/\/intelligence.srcentre.com.au\/mrIWeb\/mrIWeb.dll?I.Project=SRC3190\"><span style=\"text-decoration: underline;\">ho\u00e0n th\u00e0nh kh\u1ea3o s\u00e1t tr\u1ef1c tuy\u1ebfn t\u1ea1i \u0111\u00e2y<\/span><\/a>.\u00a0<\/h5><h5>N\u1ebfu b\u1ea1n kh\u00f4ng c\u00f2n th\u01b0 m\u1eddi, vui l\u00f2ng <a href=\"mailto:APHLS@srcentre.com.au\"><span style=\"text-decoration: underline;\">li\u00ean h\u1ec7 v\u1edbi ch\u00fang t\u00f4i<\/span><\/a> \u0111\u1ec3 \u0111\u01b0\u1ee3c nh\u1eafc nh\u1edf v\u1ec1 th\u00f4ng tin \u0111\u0103ng nh\u1eadp c\u1ee7a b\u1ea1n.\u00a0<\/h5>\t\t\t\t\t\t\t\t<\/div>\n\t\t\t\t<\/div>\n\t\t\t\t\t<\/div>\n\t\t<\/div>\n\t\t\t\t\t<\/div>\n\t\t<\/section>\n\t\t\t\t<section class=\"elementor-section elementor-top-section elementor-element elementor-element-b1017d1 elementor-section-boxed elementor-section-height-default elementor-section-height-default\" data-id=\"b1017d1\" data-element_type=\"section\" data-e-type=\"section\">\n\t\t\t\t\t\t<div class=\"elementor-container elementor-column-gap-default\">\n\t\t\t\t\t<div class=\"elementor-column elementor-col-100 elementor-top-column elementor-element elementor-element-d8f20fa\" data-id=\"d8f20fa\" data-element_type=\"column\" data-e-type=\"column\">\n\t\t\t<div class=\"elementor-widget-wrap elementor-element-populated\">\n\t\t\t\t\t\t<div class=\"elementor-element elementor-element-8a5badb elementor-widget elementor-widget-spacer\" data-id=\"8a5badb\" data-element_type=\"widget\" data-e-type=\"widget\" data-widget_type=\"spacer.default\">\n\t\t\t\t<div class=\"elementor-widget-container\">\n\t\t\t\t\t\t\t<div class=\"elementor-spacer\">\n\t\t\t<div class=\"elementor-spacer-inner\"><\/div>\n\t\t<\/div>\n\t\t\t\t\t\t<\/div>\n\t\t\t\t<\/div>\n\t\t\t\t\t<\/div>\n\t\t<\/div>\n\t\t\t\t\t<\/div>\n\t\t<\/section>\n\t\t\t\t<\/div>","protected":false},"excerpt":{"rendered":"<p>Kh\u1ea3o s\u00e1t S\u1ee9c kh\u1ecfe v\u00e0 Gi\u1ea3i tr\u00ed C\u00f4ng c\u1ed9ng \u00dac (APHLS) N\u1ebfu h\u1ed9 gia \u0111\u00ecnh b\u1ea1n nh\u1eadn \u0111\u01b0\u1ee3c th\u01b0 m\u1eddi tham gia Kh\u1ea3o s\u00e1t, b\u1ea1n c\u00f3 th\u1ec3 \u0111\u0103ng nh\u1eadp v\u00e0 ho\u00e0n th\u00e0nh kh\u1ea3o s\u00e1t tr\u1ef1c tuy\u1ebfn t\u1ea1i \u0111\u00e2y. N\u1ebfu b\u1ea1n kh\u00f4ng c\u00f2n th\u01b0 m\u1eddi, vui l\u00f2ng li\u00ean h\u1ec7 v\u1edbi ch\u00fang t\u00f4i \u0111\u1ec3 \u0111\u01b0\u1ee3c nh\u1eafc l\u1ea1i th\u00f4ng tin \u0111\u0103ng nh\u1eadp c\u1ee7a b\u1ea1n.<\/p>","protected":false},"author":5,"featured_media":0,"parent":0,"menu_order":0,"comment_status":"closed","ping_status":"closed","template":"","meta":{"footnotes":""},"class_list":["post-18024","page","type-page","status-publish","hentry"],"yoast_head":"<!-- This site is optimized with the Yoast SEO Premium plugin v27.4 (Yoast SEO v27.4) - https:\/\/yoast.com\/product\/yoast-seo-premium-wordpress\/ -->\n<title>Australian Public Health and Leisure Survey (APHLS) - Social Research Centre<\/title>\n<meta name=\"robots\" content=\"noindex, nofollow\" \/>\n<meta property=\"og:locale\" content=\"vi_VN\" \/>\n<meta property=\"og:type\" content=\"article\" \/>\n<meta property=\"og:title\" content=\"Australian Public Health and Leisure Survey (APHLS)\" \/>\n<meta property=\"og:description\" content=\"Australian Public Health and Leisure Survey (APHLS) If your household received a letter inviting you to take part in the Survey,\u00a0 you can login and complete the online survey here. If you no longer have your invitation letter, please contact us to be reminded of your login details.\" \/>\n<meta property=\"og:url\" content=\"https:\/\/srcentre.com.au\/vi\/khao-sat-suc-khoe-cong-dong-va-giai-tri-cua-uc-aphls\/\" \/>\n<meta property=\"og:site_name\" content=\"Social Research Centre\" \/>\n<meta property=\"article:publisher\" content=\"https:\/\/www.facebook.com\/SRCentreAUS\/\" \/>\n<meta property=\"article:modified_time\" content=\"2024-08-27T06:34:16+00:00\" \/>\n<meta property=\"og:image\" content=\"https:\/\/srcentre.com.au\/wp-content\/uploads\/2024\/08\/AIFS-logo-lockup_CMYK-1024x192.png\" \/>\n<meta name=\"twitter:card\" content=\"summary_large_image\" \/>\n<meta name=\"twitter:site\" content=\"@SRCentreAUS\" \/>\n<meta name=\"twitter:label1\" content=\"\u01af\u1edbc t\u00ednh th\u1eddi gian \u0111\u1ecdc\" \/>\n\t<meta name=\"twitter:data1\" content=\"1 ph\u00fat\" \/>\n<script type=\"application\/ld+json\" class=\"yoast-schema-graph\">{\"@context\":\"https:\\\/\\\/schema.org\",\"@graph\":[{\"@type\":\"WebPage\",\"@id\":\"https:\\\/\\\/srcentre.com.au\\\/australian-public-health-and-leisure-survey-aphls\\\/\",\"url\":\"https:\\\/\\\/srcentre.com.au\\\/australian-public-health-and-leisure-survey-aphls\\\/\",\"name\":\"Australian Public Health and Leisure Survey (APHLS) - Social Research Centre\",\"isPartOf\":{\"@id\":\"https:\\\/\\\/srcentre.com.au\\\/#website\"},\"primaryImageOfPage\":{\"@id\":\"https:\\\/\\\/srcentre.com.au\\\/australian-public-health-and-leisure-survey-aphls\\\/#primaryimage\"},\"image\":{\"@id\":\"https:\\\/\\\/srcentre.com.au\\\/australian-public-health-and-leisure-survey-aphls\\\/#primaryimage\"},\"thumbnailUrl\":\"https:\\\/\\\/srcentre.com.au\\\/wp-content\\\/uploads\\\/2024\\\/08\\\/AIFS-logo-lockup_CMYK-1024x192.png\",\"datePublished\":\"2024-08-15T02:43:57+00:00\",\"dateModified\":\"2024-08-27T06:34:16+00:00\",\"breadcrumb\":{\"@id\":\"https:\\\/\\\/srcentre.com.au\\\/australian-public-health-and-leisure-survey-aphls\\\/#breadcrumb\"},\"inLanguage\":\"vi\",\"potentialAction\":[{\"@type\":\"ReadAction\",\"target\":[\"https:\\\/\\\/srcentre.com.au\\\/australian-public-health-and-leisure-survey-aphls\\\/\"]}]},{\"@type\":\"ImageObject\",\"inLanguage\":\"vi\",\"@id\":\"https:\\\/\\\/srcentre.com.au\\\/australian-public-health-and-leisure-survey-aphls\\\/#primaryimage\",\"url\":\"https:\\\/\\\/srcentre.com.au\\\/wp-content\\\/uploads\\\/2024\\\/08\\\/AIFS-logo-lockup_CMYK-1024x192.png\",\"contentUrl\":\"https:\\\/\\\/srcentre.com.au\\\/wp-content\\\/uploads\\\/2024\\\/08\\\/AIFS-logo-lockup_CMYK-1024x192.png\"},{\"@type\":\"BreadcrumbList\",\"@id\":\"https:\\\/\\\/srcentre.com.au\\\/australian-public-health-and-leisure-survey-aphls\\\/#breadcrumb\",\"itemListElement\":[{\"@type\":\"ListItem\",\"position\":1,\"name\":\"Home\",\"item\":\"https:\\\/\\\/srcentre.com.au\\\/\"},{\"@type\":\"ListItem\",\"position\":2,\"name\":\"Australian Public Health and Leisure Survey (APHLS)\"}]},{\"@type\":\"WebSite\",\"@id\":\"https:\\\/\\\/srcentre.com.au\\\/#website\",\"url\":\"https:\\\/\\\/srcentre.com.au\\\/\",\"name\":\"Social Research Centre\",\"description\":\"Social Research Centre\",\"publisher\":{\"@id\":\"https:\\\/\\\/srcentre.com.au\\\/#organization\"},\"potentialAction\":[{\"@type\":\"SearchAction\",\"target\":{\"@type\":\"EntryPoint\",\"urlTemplate\":\"https:\\\/\\\/srcentre.com.au\\\/?s={search_term_string}\"},\"query-input\":{\"@type\":\"PropertyValueSpecification\",\"valueRequired\":true,\"valueName\":\"search_term_string\"}}],\"inLanguage\":\"vi\"},{\"@type\":\"Organization\",\"@id\":\"https:\\\/\\\/srcentre.com.au\\\/#organization\",\"name\":\"Social Research Centre\",\"url\":\"https:\\\/\\\/srcentre.com.au\\\/\",\"logo\":{\"@type\":\"ImageObject\",\"inLanguage\":\"vi\",\"@id\":\"https:\\\/\\\/srcentre.com.au\\\/#\\\/schema\\\/logo\\\/image\\\/\",\"url\":\"https:\\\/\\\/srcentre.com.au\\\/wp-content\\\/uploads\\\/2023\\\/07\\\/src-icon.svg\",\"contentUrl\":\"https:\\\/\\\/srcentre.com.au\\\/wp-content\\\/uploads\\\/2023\\\/07\\\/src-icon.svg\",\"width\":135,\"height\":135,\"caption\":\"Social Research Centre\"},\"image\":{\"@id\":\"https:\\\/\\\/srcentre.com.au\\\/#\\\/schema\\\/logo\\\/image\\\/\"},\"sameAs\":[\"https:\\\/\\\/www.facebook.com\\\/SRCentreAUS\\\/\",\"https:\\\/\\\/x.com\\\/SRCentreAUS\"]}]}<\/script>\n<!-- \/ Yoast SEO Premium plugin. -->","yoast_head_json":{"title":"Kh\u1ea3o s\u00e1t S\u1ee9c kh\u1ecfe C\u00f4ng c\u1ed9ng v\u00e0 Gi\u1ea3i tr\u00ed c\u1ee7a \u00dac (APHLS) - Trung t\u00e2m Nghi\u00ean c\u1ee9u X\u00e3 h\u1ed9i","robots":{"index":"noindex","follow":"nofollow"},"og_locale":"vi_VN","og_type":"article","og_title":"Australian Public Health and Leisure Survey (APHLS)","og_description":"Australian Public Health and Leisure Survey (APHLS) If your household received a letter inviting you to take part in the Survey,\u00a0 you can login and complete the online survey here. If you no longer have your invitation letter, please contact us to be reminded of your login details.","og_url":"https:\/\/srcentre.com.au\/vi\/khao-sat-suc-khoe-cong-dong-va-giai-tri-cua-uc-aphls\/","og_site_name":"Social Research Centre","article_publisher":"https:\/\/www.facebook.com\/SRCentreAUS\/","article_modified_time":"2024-08-27T06:34:16+00:00","og_image":[{"url":"https:\/\/srcentre.com.au\/wp-content\/uploads\/2024\/08\/AIFS-logo-lockup_CMYK-1024x192.png","type":"","width":"","height":""}],"twitter_card":"summary_large_image","twitter_site":"@SRCentreAUS","twitter_misc":{"\u01af\u1edbc t\u00ednh th\u1eddi gian \u0111\u1ecdc":"1 ph\u00fat"},"schema":{"@context":"https:\/\/schema.org","@graph":[{"@type":"WebPage","@id":"https:\/\/srcentre.com.au\/australian-public-health-and-leisure-survey-aphls\/","url":"https:\/\/srcentre.com.au\/australian-public-health-and-leisure-survey-aphls\/","name":"Kh\u1ea3o s\u00e1t S\u1ee9c kh\u1ecfe C\u00f4ng c\u1ed9ng v\u00e0 Gi\u1ea3i tr\u00ed c\u1ee7a \u00dac (APHLS) - Trung t\u00e2m Nghi\u00ean c\u1ee9u X\u00e3 h\u1ed9i","isPartOf":{"@id":"https:\/\/srcentre.com.au\/#website"},"primaryImageOfPage":{"@id":"https:\/\/srcentre.com.au\/australian-public-health-and-leisure-survey-aphls\/#primaryimage"},"image":{"@id":"https:\/\/srcentre.com.au\/australian-public-health-and-leisure-survey-aphls\/#primaryimage"},"thumbnailUrl":"https:\/\/srcentre.com.au\/wp-content\/uploads\/2024\/08\/AIFS-logo-lockup_CMYK-1024x192.png","datePublished":"2024-08-15T02:43:57+00:00","dateModified":"2024-08-27T06:34:16+00:00","breadcrumb":{"@id":"https:\/\/srcentre.com.au\/australian-public-health-and-leisure-survey-aphls\/#breadcrumb"},"inLanguage":"vi","potentialAction":[{"@type":"ReadAction","target":["https:\/\/srcentre.com.au\/australian-public-health-and-leisure-survey-aphls\/"]}]},{"@type":"ImageObject","inLanguage":"vi","@id":"https:\/\/srcentre.com.au\/australian-public-health-and-leisure-survey-aphls\/#primaryimage","url":"https:\/\/srcentre.com.au\/wp-content\/uploads\/2024\/08\/AIFS-logo-lockup_CMYK-1024x192.png","contentUrl":"https:\/\/srcentre.com.au\/wp-content\/uploads\/2024\/08\/AIFS-logo-lockup_CMYK-1024x192.png"},{"@type":"BreadcrumbList","@id":"https:\/\/srcentre.com.au\/australian-public-health-and-leisure-survey-aphls\/#breadcrumb","itemListElement":[{"@type":"ListItem","position":1,"name":"Home","item":"https:\/\/srcentre.com.au\/"},{"@type":"ListItem","position":2,"name":"Australian Public Health and Leisure Survey (APHLS)"}]},{"@type":"WebSite","@id":"https:\/\/srcentre.com.au\/#website","url":"https:\/\/srcentre.com.au\/","name":"Trung t\u00e2m nghi\u00ean c\u1ee9u x\u00e3 h\u1ed9i","description":"Trung t\u00e2m nghi\u00ean c\u1ee9u x\u00e3 h\u1ed9i","publisher":{"@id":"https:\/\/srcentre.com.au\/#organization"},"potentialAction":[{"@type":"SearchAction","target":{"@type":"EntryPoint","urlTemplate":"https:\/\/srcentre.com.au\/?s={search_term_string}"},"query-input":{"@type":"PropertyValueSpecification","valueRequired":true,"valueName":"search_term_string"}}],"inLanguage":"vi"},{"@type":"Organization","@id":"https:\/\/srcentre.com.au\/#organization","name":"Trung t\u00e2m nghi\u00ean c\u1ee9u x\u00e3 h\u1ed9i","url":"https:\/\/srcentre.com.au\/","logo":{"@type":"ImageObject","inLanguage":"vi","@id":"https:\/\/srcentre.com.au\/#\/schema\/logo\/image\/","url":"https:\/\/srcentre.com.au\/wp-content\/uploads\/2023\/07\/src-icon.svg","contentUrl":"https:\/\/srcentre.com.au\/wp-content\/uploads\/2023\/07\/src-icon.svg","width":135,"height":135,"caption":"Social Research Centre"},"image":{"@id":"https:\/\/srcentre.com.au\/#\/schema\/logo\/image\/"},"sameAs":["https:\/\/www.facebook.com\/SRCentreAUS\/","https:\/\/x.com\/SRCentreAUS"]}]}},"_links":{"self":[{"href":"https:\/\/srcentre.com.au\/vi\/wp-json\/wp\/v2\/pages\/18024","targetHints":{"allow":["GET"]}}],"collection":[{"href":"https:\/\/srcentre.com.au\/vi\/wp-json\/wp\/v2\/pages"}],"about":[{"href":"https:\/\/srcentre.com.au\/vi\/wp-json\/wp\/v2\/types\/page"}],"author":[{"embeddable":true,"href":"https:\/\/srcentre.com.au\/vi\/wp-json\/wp\/v2\/users\/5"}],"replies":[{"embeddable":true,"href":"https:\/\/srcentre.com.au\/vi\/wp-json\/wp\/v2\/comments?post=18024"}],"version-history":[{"count":38,"href":"https:\/\/srcentre.com.au\/vi\/wp-json\/wp\/v2\/pages\/18024\/revisions"}],"predecessor-version":[{"id":18497,"href":"https:\/\/srcentre.com.au\/vi\/wp-json\/wp\/v2\/pages\/18024\/revisions\/18497"}],"wp:attachment":[{"href":"https:\/\/srcentre.com.au\/vi\/wp-json\/wp\/v2\/media?parent=18024"}],"curies":[{"name":"wp","href":"https:\/\/api.w.org\/{rel}","templated":true}]}}