

{"id":24504,"date":"2025-09-16T10:47:27","date_gmt":"2025-09-16T00:47:27","guid":{"rendered":"https:\/\/srcentre.com.au\/?page_id=24504"},"modified":"2025-09-18T13:59:10","modified_gmt":"2025-09-18T03:59:10","slug":"encuesta-csam","status":"publish","type":"page","link":"https:\/\/srcentre.com.au\/es_cl\/csam-survey\/","title":{"rendered":"Encuesta sobre emigrantes recientes a Australia - Encuesta introductoria"},"content":{"rendered":"<div data-elementor-type=\"wp-page\" data-elementor-id=\"24504\" class=\"elementor elementor-24504\">\n\t\t\t\t\t\t<section class=\"elementor-section elementor-top-section elementor-element elementor-element-324009c elementor-section-boxed elementor-section-height-default elementor-section-height-default\" data-id=\"324009c\" data-element_type=\"section\" data-e-type=\"section\">\n\t\t\t\t\t\t<div class=\"elementor-container elementor-column-gap-default\">\n\t\t\t\t\t<div class=\"elementor-column elementor-col-100 elementor-top-column elementor-element elementor-element-c1bd9c9\" data-id=\"c1bd9c9\" data-element_type=\"column\" data-e-type=\"column\">\n\t\t\t<div class=\"elementor-widget-wrap elementor-element-populated\">\n\t\t\t\t\t\t<div class=\"elementor-element elementor-element-c399fa3 elementor-widget elementor-widget-spacer\" data-id=\"c399fa3\" data-element_type=\"widget\" data-e-type=\"widget\" data-widget_type=\"spacer.default\">\n\t\t\t\t<div class=\"elementor-widget-container\">\n\t\t\t\t\t\t\t<div class=\"elementor-spacer\">\n\t\t\t<div class=\"elementor-spacer-inner\"><\/div>\n\t\t<\/div>\n\t\t\t\t\t\t<\/div>\n\t\t\t\t<\/div>\n\t\t\t\t\t<\/div>\n\t\t<\/div>\n\t\t\t\t\t<\/div>\n\t\t<\/section>\n\t\t\t\t<section class=\"elementor-section elementor-top-section elementor-element elementor-element-b86c4cd elementor-section-boxed elementor-section-height-default elementor-section-height-default\" data-id=\"b86c4cd\" data-element_type=\"section\" data-e-type=\"section\">\n\t\t\t\t\t\t<div class=\"elementor-container elementor-column-gap-default\">\n\t\t\t\t\t<div class=\"elementor-column elementor-col-100 elementor-top-column elementor-element elementor-element-e9e52e5\" data-id=\"e9e52e5\" data-element_type=\"column\" data-e-type=\"column\">\n\t\t\t<div class=\"elementor-widget-wrap elementor-element-populated\">\n\t\t\t\t\t\t<div class=\"elementor-element elementor-element-7e984b7 elementor-widget elementor-widget-image\" data-id=\"7e984b7\" data-element_type=\"widget\" data-e-type=\"widget\" data-widget_type=\"image.default\">\n\t\t\t\t<div class=\"elementor-widget-container\">\n\t\t\t\t\t\t\t\t\t\t\t\t\t\t\t<img decoding=\"async\" src=\"https:\/\/srcentre.com.au\/wp-content\/uploads\/2025\/09\/CSAM-lockup-1.png\" title=\"Bloqueo CSAM\" alt=\"Bloqueo CSAM\" loading=\"lazy\" \/>\t\t\t\t\t\t\t\t\t\t\t\t\t\t\t<\/div>\n\t\t\t\t<\/div>\n\t\t\t\t\t<\/div>\n\t\t<\/div>\n\t\t\t\t\t<\/div>\n\t\t<\/section>\n\t\t\t\t<section class=\"elementor-section elementor-top-section elementor-element elementor-element-62e9faf elementor-section-boxed elementor-section-height-default elementor-section-height-default\" data-id=\"62e9faf\" data-element_type=\"section\" data-e-type=\"section\">\n\t\t\t\t\t\t<div class=\"elementor-container elementor-column-gap-default\">\n\t\t\t\t\t<div class=\"elementor-column elementor-col-100 elementor-top-column elementor-element elementor-element-8bc469a\" data-id=\"8bc469a\" data-element_type=\"column\" data-e-type=\"column\">\n\t\t\t<div class=\"elementor-widget-wrap elementor-element-populated\">\n\t\t\t\t\t\t<div class=\"elementor-element elementor-element-97df3ea elementor-widget elementor-widget-spacer\" data-id=\"97df3ea\" data-element_type=\"widget\" data-e-type=\"widget\" data-widget_type=\"spacer.default\">\n\t\t\t\t<div class=\"elementor-widget-container\">\n\t\t\t\t\t\t\t<div class=\"elementor-spacer\">\n\t\t\t<div class=\"elementor-spacer-inner\"><\/div>\n\t\t<\/div>\n\t\t\t\t\t\t<\/div>\n\t\t\t\t<\/div>\n\t\t\t\t\t<\/div>\n\t\t<\/div>\n\t\t\t\t\t<\/div>\n\t\t<\/section>\n\t\t\t\t<section class=\"elementor-section elementor-top-section elementor-element elementor-element-97b213c elementor-section-boxed elementor-section-height-default elementor-section-height-default\" data-id=\"97b213c\" data-element_type=\"section\" data-e-type=\"section\">\n\t\t\t\t\t\t<div class=\"elementor-container elementor-column-gap-default\">\n\t\t\t\t\t<div class=\"elementor-column elementor-col-100 elementor-top-column elementor-element elementor-element-a52b045\" data-id=\"a52b045\" data-element_type=\"column\" data-e-type=\"column\">\n\t\t\t<div class=\"elementor-widget-wrap elementor-element-populated\">\n\t\t\t\t\t\t<div class=\"elementor-element elementor-element-1aba422 elementor-widget elementor-widget-heading\" data-id=\"1aba422\" data-element_type=\"widget\" data-e-type=\"widget\" data-widget_type=\"heading.default\">\n\t\t\t\t<div class=\"elementor-widget-container\">\n\t\t\t\t\t<h1 class=\"elementor-heading-title elementor-size-default\">Encuesta sobre emigrantes recientes a Australia - Encuesta introductoria<\/h1>\t\t\t\t<\/div>\n\t\t\t\t<\/div>\n\t\t\t\t\t<\/div>\n\t\t<\/div>\n\t\t\t\t\t<\/div>\n\t\t<\/section>\n\t\t\t\t<section class=\"elementor-section elementor-top-section elementor-element elementor-element-a9c1fc2 elementor-section-boxed elementor-section-height-default elementor-section-height-default\" data-id=\"a9c1fc2\" data-element_type=\"section\" data-e-type=\"section\">\n\t\t\t\t\t\t<div class=\"elementor-container elementor-column-gap-default\">\n\t\t\t\t\t<div class=\"elementor-column elementor-col-100 elementor-top-column elementor-element elementor-element-8d1d0bc\" data-id=\"8d1d0bc\" data-element_type=\"column\" data-e-type=\"column\">\n\t\t\t<div class=\"elementor-widget-wrap elementor-element-populated\">\n\t\t\t\t\t\t<div class=\"elementor-element elementor-element-e79ac58 elementor-widget elementor-widget-text-editor\" data-id=\"e79ac58\" data-element_type=\"widget\" data-e-type=\"widget\" data-widget_type=\"text-editor.default\">\n\t\t\t\t<div class=\"elementor-widget-container\">\n\t\t\t\t\t\t\t\t\t<p>Gracias por su inter\u00e9s en la Encuesta a inmigrantes recientes en Australia, esta encuesta a\u00fan no est\u00e1 abierta. Recibir\u00e1 una invitaci\u00f3n por correo electr\u00f3nico o carta con un c\u00f3digo de acceso \u00fanico para completar la encuesta cuando se abra el 30 de septiembre.<\/p><p>\u00a0<\/p><p>P\u00f3ngase en contacto con el Centro de Investigaci\u00f3n Social en <a href=\"tel:1800 830 220\"><span style=\"text-decoration: underline;\">1800 830 220<\/span><\/a> o env\u00ede un correo electr\u00f3nico <span style=\"text-decoration: underline;\"><a href=\"mailto:csam@srcentre.com.au\">csam@srcentre.com.au<\/a> <\/span>y mencione el n\u00famero de referencia: 3373CSAM.<\/p>\t\t\t\t\t\t\t\t<\/div>\n\t\t\t\t<\/div>\n\t\t\t\t\t<\/div>\n\t\t<\/div>\n\t\t\t\t\t<\/div>\n\t\t<\/section>\n\t\t\t\t<section class=\"elementor-section elementor-top-section elementor-element elementor-element-f8fc750 elementor-section-boxed elementor-section-height-default elementor-section-height-default\" data-id=\"f8fc750\" data-element_type=\"section\" data-e-type=\"section\">\n\t\t\t\t\t\t<div class=\"elementor-container elementor-column-gap-default\">\n\t\t\t\t\t<div class=\"elementor-column elementor-col-100 elementor-top-column elementor-element elementor-element-e4d334d\" data-id=\"e4d334d\" data-element_type=\"column\" data-e-type=\"column\">\n\t\t\t<div class=\"elementor-widget-wrap elementor-element-populated\">\n\t\t\t\t\t\t<div class=\"elementor-element elementor-element-fba8b3c elementor-widget-divider--view-line elementor-widget elementor-widget-divider\" data-id=\"fba8b3c\" data-element_type=\"widget\" data-e-type=\"widget\" data-widget_type=\"divider.default\">\n\t\t\t\t<div class=\"elementor-widget-container\">\n\t\t\t\t\t\t\t<div class=\"elementor-divider\">\n\t\t\t<span class=\"elementor-divider-separator\">\n\t\t\t\t\t\t<\/span>\n\t\t<\/div>\n\t\t\t\t\t\t<\/div>\n\t\t\t\t<\/div>\n\t\t\t\t\t<\/div>\n\t\t<\/div>\n\t\t\t\t\t<\/div>\n\t\t<\/section>\n\t\t\t\t<section class=\"elementor-section elementor-top-section elementor-element elementor-element-610d355 elementor-section-boxed elementor-section-height-default elementor-section-height-default\" data-id=\"610d355\" data-element_type=\"section\" data-e-type=\"section\">\n\t\t\t\t\t\t<div class=\"elementor-container elementor-column-gap-default\">\n\t\t\t\t\t<div class=\"elementor-column elementor-col-100 elementor-top-column elementor-element elementor-element-44781a1\" data-id=\"44781a1\" data-element_type=\"column\" data-e-type=\"column\">\n\t\t\t<div class=\"elementor-widget-wrap elementor-element-populated\">\n\t\t\t\t\t\t<div class=\"elementor-element elementor-element-a97adf1 elementor-widget elementor-widget-text-editor\" data-id=\"a97adf1\" data-element_type=\"widget\" data-e-type=\"widget\" data-widget_type=\"text-editor.default\">\n\t\t\t\t<div class=\"elementor-widget-container\">\n\t\t\t\t\t\t\t\t\t<p><a href=\"https:\/\/srcentre.com.au\/es_cl\/csam\/\" target=\"_blank\" rel=\"noopener\">Acerca de la Encuesta a inmigrantes recientes en Australia<\/a> | S<a href=\"https:\/\/srcentre.com.au\/wp-content\/uploads\/2025\/09\/CSAM-Collection-Statement.pdf\" target=\"_blank\" rel=\"noopener\">eclaraci\u00f3n de recogida de encuestas<\/a> | <a href=\"https:\/\/www.homeaffairs.gov.au\/access-and-accountability\/our-commitments\/privacy\" target=\"_blank\" rel=\"noopener\">Pol\u00edtica de privacidad del Ministerio del Interior<\/a> | <a href=\"https:\/\/srcentre.com.au\/es_cl\/politica-de-privacidad\/\" target=\"_blank\" rel=\"noopener\">Pol\u00edtica de privacidad de SRC<\/a><\/p>\t\t\t\t\t\t\t\t<\/div>\n\t\t\t\t<\/div>\n\t\t\t\t\t<\/div>\n\t\t<\/div>\n\t\t\t\t\t<\/div>\n\t\t<\/section>\n\t\t\t\t<section class=\"elementor-section elementor-top-section elementor-element elementor-element-25bb414 elementor-section-boxed elementor-section-height-default elementor-section-height-default\" data-id=\"25bb414\" data-element_type=\"section\" data-e-type=\"section\">\n\t\t\t\t\t\t<div class=\"elementor-container elementor-column-gap-default\">\n\t\t\t\t\t<div class=\"elementor-column elementor-col-100 elementor-top-column elementor-element elementor-element-a937ae5\" data-id=\"a937ae5\" data-element_type=\"column\" data-e-type=\"column\">\n\t\t\t<div class=\"elementor-widget-wrap elementor-element-populated\">\n\t\t\t\t\t\t<div class=\"elementor-element elementor-element-3cdd375 elementor-widget elementor-widget-spacer\" data-id=\"3cdd375\" data-element_type=\"widget\" data-e-type=\"widget\" data-widget_type=\"spacer.default\">\n\t\t\t\t<div class=\"elementor-widget-container\">\n\t\t\t\t\t\t\t<div class=\"elementor-spacer\">\n\t\t\t<div class=\"elementor-spacer-inner\"><\/div>\n\t\t<\/div>\n\t\t\t\t\t\t<\/div>\n\t\t\t\t<\/div>\n\t\t\t\t\t<\/div>\n\t\t<\/div>\n\t\t\t\t\t<\/div>\n\t\t<\/section>\n\t\t\t\t<\/div>","protected":false},"excerpt":{"rendered":"<p>Survey of Recent Migrants to Australia \u2013 Introductory Survey Thank you for your interest in the Survey of Recent Migrants to Australia, this survey is not yet open. You will receive an invitation by email or letter with a unique login code to complete the survey when it opens on 30 September. \u00a0 Please contact [&hellip;]<\/p>\n","protected":false},"author":5,"featured_media":0,"parent":0,"menu_order":0,"comment_status":"closed","ping_status":"closed","template":"","meta":{"footnotes":""},"class_list":["post-24504","page","type-page","status-publish","hentry"],"yoast_head":"<!-- This site is optimized with the Yoast SEO Premium plugin v27.3 (Yoast SEO v27.3) - https:\/\/yoast.com\/product\/yoast-seo-premium-wordpress\/ -->\n<title>Survey of Recent Migrants to Australia \u2013 Introductory Survey - Social Research Centre<\/title>\n<meta name=\"robots\" content=\"index, follow, max-snippet:-1, max-image-preview:large, max-video-preview:-1\" \/>\n<link rel=\"canonical\" href=\"https:\/\/srcentre.com.au\/es_cl\/encuesta-csam\/\" \/>\n<meta property=\"og:locale\" content=\"es_ES\" \/>\n<meta property=\"og:type\" content=\"article\" \/>\n<meta property=\"og:title\" content=\"Survey of Recent Migrants to Australia \u2013 Introductory Survey\" \/>\n<meta property=\"og:description\" content=\"Survey of Recent Migrants to Australia \u2013 Introductory Survey Thank you for your interest in the Survey of Recent Migrants to Australia, this survey is not yet open. You will receive an invitation by email or letter with a unique login code to complete the survey when it opens on 30 September. \u00a0 Please contact [&hellip;]\" \/>\n<meta property=\"og:url\" content=\"https:\/\/srcentre.com.au\/es_cl\/encuesta-csam\/\" \/>\n<meta property=\"og:site_name\" content=\"Social Research Centre\" \/>\n<meta property=\"article:publisher\" content=\"https:\/\/www.facebook.com\/SRCentreAUS\/\" \/>\n<meta property=\"article:modified_time\" content=\"2025-09-18T03:59:10+00:00\" \/>\n<meta property=\"og:image\" content=\"https:\/\/srcentre.com.au\/wp-content\/uploads\/2025\/09\/CSAM-lockup-1.png\" \/>\n<meta name=\"twitter:card\" content=\"summary_large_image\" \/>\n<meta name=\"twitter:site\" content=\"@SRCentreAUS\" \/>\n<meta name=\"twitter:label1\" content=\"Tiempo estimado de lectura\" \/>\n\t<meta name=\"twitter:data1\" content=\"1 minuto\" \/>\n<script type=\"application\/ld+json\" class=\"yoast-schema-graph\">{\"@context\":\"https:\\\/\\\/schema.org\",\"@graph\":[{\"@type\":\"WebPage\",\"@id\":\"https:\\\/\\\/srcentre.com.au\\\/csam-survey\\\/\",\"url\":\"https:\\\/\\\/srcentre.com.au\\\/csam-survey\\\/\",\"name\":\"Survey of Recent Migrants to Australia \u2013 Introductory Survey - Social Research Centre\",\"isPartOf\":{\"@id\":\"https:\\\/\\\/srcentre.com.au\\\/#website\"},\"primaryImageOfPage\":{\"@id\":\"https:\\\/\\\/srcentre.com.au\\\/csam-survey\\\/#primaryimage\"},\"image\":{\"@id\":\"https:\\\/\\\/srcentre.com.au\\\/csam-survey\\\/#primaryimage\"},\"thumbnailUrl\":\"https:\\\/\\\/srcentre.com.au\\\/wp-content\\\/uploads\\\/2025\\\/09\\\/CSAM-lockup-1.png\",\"datePublished\":\"2025-09-16T00:47:27+00:00\",\"dateModified\":\"2025-09-18T03:59:10+00:00\",\"breadcrumb\":{\"@id\":\"https:\\\/\\\/srcentre.com.au\\\/csam-survey\\\/#breadcrumb\"},\"inLanguage\":\"es-CL\",\"potentialAction\":[{\"@type\":\"ReadAction\",\"target\":[\"https:\\\/\\\/srcentre.com.au\\\/csam-survey\\\/\"]}]},{\"@type\":\"ImageObject\",\"inLanguage\":\"es-CL\",\"@id\":\"https:\\\/\\\/srcentre.com.au\\\/csam-survey\\\/#primaryimage\",\"url\":\"https:\\\/\\\/srcentre.com.au\\\/wp-content\\\/uploads\\\/2025\\\/09\\\/CSAM-lockup-1.png\",\"contentUrl\":\"https:\\\/\\\/srcentre.com.au\\\/wp-content\\\/uploads\\\/2025\\\/09\\\/CSAM-lockup-1.png\"},{\"@type\":\"BreadcrumbList\",\"@id\":\"https:\\\/\\\/srcentre.com.au\\\/csam-survey\\\/#breadcrumb\",\"itemListElement\":[{\"@type\":\"ListItem\",\"position\":1,\"name\":\"Home\",\"item\":\"https:\\\/\\\/srcentre.com.au\\\/\"},{\"@type\":\"ListItem\",\"position\":2,\"name\":\"Survey of Recent Migrants to Australia \u2013 Introductory Survey\"}]},{\"@type\":\"WebSite\",\"@id\":\"https:\\\/\\\/srcentre.com.au\\\/#website\",\"url\":\"https:\\\/\\\/srcentre.com.au\\\/\",\"name\":\"Social Research Centre\",\"description\":\"Social Research Centre\",\"publisher\":{\"@id\":\"https:\\\/\\\/srcentre.com.au\\\/#organization\"},\"potentialAction\":[{\"@type\":\"SearchAction\",\"target\":{\"@type\":\"EntryPoint\",\"urlTemplate\":\"https:\\\/\\\/srcentre.com.au\\\/?s={search_term_string}\"},\"query-input\":{\"@type\":\"PropertyValueSpecification\",\"valueRequired\":true,\"valueName\":\"search_term_string\"}}],\"inLanguage\":\"es-CL\"},{\"@type\":\"Organization\",\"@id\":\"https:\\\/\\\/srcentre.com.au\\\/#organization\",\"name\":\"Social Research Centre\",\"url\":\"https:\\\/\\\/srcentre.com.au\\\/\",\"logo\":{\"@type\":\"ImageObject\",\"inLanguage\":\"es-CL\",\"@id\":\"https:\\\/\\\/srcentre.com.au\\\/#\\\/schema\\\/logo\\\/image\\\/\",\"url\":\"https:\\\/\\\/srcentre.com.au\\\/wp-content\\\/uploads\\\/2023\\\/07\\\/src-icon.svg\",\"contentUrl\":\"https:\\\/\\\/srcentre.com.au\\\/wp-content\\\/uploads\\\/2023\\\/07\\\/src-icon.svg\",\"width\":135,\"height\":135,\"caption\":\"Social Research Centre\"},\"image\":{\"@id\":\"https:\\\/\\\/srcentre.com.au\\\/#\\\/schema\\\/logo\\\/image\\\/\"},\"sameAs\":[\"https:\\\/\\\/www.facebook.com\\\/SRCentreAUS\\\/\",\"https:\\\/\\\/x.com\\\/SRCentreAUS\"]}]}<\/script>\n<!-- \/ Yoast SEO Premium plugin. -->","yoast_head_json":{"title":"Encuesta sobre emigrantes recientes a Australia - Encuesta introductoria - Centro de Investigaciones Sociales","robots":{"index":"index","follow":"follow","max-snippet":"max-snippet:-1","max-image-preview":"max-image-preview:large","max-video-preview":"max-video-preview:-1"},"canonical":"https:\/\/srcentre.com.au\/es_cl\/encuesta-csam\/","og_locale":"es_ES","og_type":"article","og_title":"Survey of Recent Migrants to Australia \u2013 Introductory Survey","og_description":"Survey of Recent Migrants to Australia \u2013 Introductory Survey Thank you for your interest in the Survey of Recent Migrants to Australia, this survey is not yet open. You will receive an invitation by email or letter with a unique login code to complete the survey when it opens on 30 September. \u00a0 Please contact [&hellip;]","og_url":"https:\/\/srcentre.com.au\/es_cl\/encuesta-csam\/","og_site_name":"Social Research Centre","article_publisher":"https:\/\/www.facebook.com\/SRCentreAUS\/","article_modified_time":"2025-09-18T03:59:10+00:00","og_image":[{"url":"https:\/\/srcentre.com.au\/wp-content\/uploads\/2025\/09\/CSAM-lockup-1.png","type":"","width":"","height":""}],"twitter_card":"summary_large_image","twitter_site":"@SRCentreAUS","twitter_misc":{"Tiempo estimado de lectura":"1 minuto"},"schema":{"@context":"https:\/\/schema.org","@graph":[{"@type":"WebPage","@id":"https:\/\/srcentre.com.au\/csam-survey\/","url":"https:\/\/srcentre.com.au\/csam-survey\/","name":"Encuesta sobre emigrantes recientes a Australia - Encuesta introductoria - Centro de Investigaciones Sociales","isPartOf":{"@id":"https:\/\/srcentre.com.au\/#website"},"primaryImageOfPage":{"@id":"https:\/\/srcentre.com.au\/csam-survey\/#primaryimage"},"image":{"@id":"https:\/\/srcentre.com.au\/csam-survey\/#primaryimage"},"thumbnailUrl":"https:\/\/srcentre.com.au\/wp-content\/uploads\/2025\/09\/CSAM-lockup-1.png","datePublished":"2025-09-16T00:47:27+00:00","dateModified":"2025-09-18T03:59:10+00:00","breadcrumb":{"@id":"https:\/\/srcentre.com.au\/csam-survey\/#breadcrumb"},"inLanguage":"es-CL","potentialAction":[{"@type":"ReadAction","target":["https:\/\/srcentre.com.au\/csam-survey\/"]}]},{"@type":"ImageObject","inLanguage":"es-CL","@id":"https:\/\/srcentre.com.au\/csam-survey\/#primaryimage","url":"https:\/\/srcentre.com.au\/wp-content\/uploads\/2025\/09\/CSAM-lockup-1.png","contentUrl":"https:\/\/srcentre.com.au\/wp-content\/uploads\/2025\/09\/CSAM-lockup-1.png"},{"@type":"BreadcrumbList","@id":"https:\/\/srcentre.com.au\/csam-survey\/#breadcrumb","itemListElement":[{"@type":"ListItem","position":1,"name":"Home","item":"https:\/\/srcentre.com.au\/"},{"@type":"ListItem","position":2,"name":"Survey of Recent Migrants to Australia \u2013 Introductory Survey"}]},{"@type":"WebSite","@id":"https:\/\/srcentre.com.au\/#website","url":"https:\/\/srcentre.com.au\/","name":"Centro de Investigaciones Sociales","description":"Centro de Investigaciones Sociales","publisher":{"@id":"https:\/\/srcentre.com.au\/#organization"},"potentialAction":[{"@type":"SearchAction","target":{"@type":"EntryPoint","urlTemplate":"https:\/\/srcentre.com.au\/?s={search_term_string}"},"query-input":{"@type":"PropertyValueSpecification","valueRequired":true,"valueName":"search_term_string"}}],"inLanguage":"es-CL"},{"@type":"Organization","@id":"https:\/\/srcentre.com.au\/#organization","name":"Centro de Investigaciones Sociales","url":"https:\/\/srcentre.com.au\/","logo":{"@type":"ImageObject","inLanguage":"es-CL","@id":"https:\/\/srcentre.com.au\/#\/schema\/logo\/image\/","url":"https:\/\/srcentre.com.au\/wp-content\/uploads\/2023\/07\/src-icon.svg","contentUrl":"https:\/\/srcentre.com.au\/wp-content\/uploads\/2023\/07\/src-icon.svg","width":135,"height":135,"caption":"Social Research Centre"},"image":{"@id":"https:\/\/srcentre.com.au\/#\/schema\/logo\/image\/"},"sameAs":["https:\/\/www.facebook.com\/SRCentreAUS\/","https:\/\/x.com\/SRCentreAUS"]}]}},"_links":{"self":[{"href":"https:\/\/srcentre.com.au\/es_cl\/wp-json\/wp\/v2\/pages\/24504","targetHints":{"allow":["GET"]}}],"collection":[{"href":"https:\/\/srcentre.com.au\/es_cl\/wp-json\/wp\/v2\/pages"}],"about":[{"href":"https:\/\/srcentre.com.au\/es_cl\/wp-json\/wp\/v2\/types\/page"}],"author":[{"embeddable":true,"href":"https:\/\/srcentre.com.au\/es_cl\/wp-json\/wp\/v2\/users\/5"}],"replies":[{"embeddable":true,"href":"https:\/\/srcentre.com.au\/es_cl\/wp-json\/wp\/v2\/comments?post=24504"}],"version-history":[{"count":29,"href":"https:\/\/srcentre.com.au\/es_cl\/wp-json\/wp\/v2\/pages\/24504\/revisions"}],"predecessor-version":[{"id":25987,"href":"https:\/\/srcentre.com.au\/es_cl\/wp-json\/wp\/v2\/pages\/24504\/revisions\/25987"}],"wp:attachment":[{"href":"https:\/\/srcentre.com.au\/es_cl\/wp-json\/wp\/v2\/media?parent=24504"}],"curies":[{"name":"wp","href":"https:\/\/api.w.org\/{rel}","templated":true}]}}