

{"id":20123,"date":"2025-01-14T17:59:49","date_gmt":"2025-01-14T06:59:49","guid":{"rendered":"https:\/\/srcentre.com.au\/?page_id=20123"},"modified":"2025-03-18T13:41:31","modified_gmt":"2025-03-18T02:41:31","slug":"estudio-sobre-la-experiencia-de-los-refugiados-en-australia-2024","status":"publish","type":"page","link":"https:\/\/srcentre.com.au\/es_cl\/pis-refugee-experience-in-australia-study-2024\/","title":{"rendered":"Hojas informativas para los participantes \u2013 Estudio sobre la experiencia de los refugiados en Australia 2024"},"content":{"rendered":"<div data-elementor-type=\"wp-page\" data-elementor-id=\"20123\" class=\"elementor elementor-20123\">\n\t\t\t\t\t\t<section class=\"elementor-section elementor-top-section elementor-element elementor-element-0df9279 elementor-section-boxed elementor-section-height-default elementor-section-height-default\" data-id=\"0df9279\" data-element_type=\"section\" data-e-type=\"section\">\n\t\t\t\t\t\t<div class=\"elementor-container elementor-column-gap-default\">\n\t\t\t\t\t<div class=\"elementor-column elementor-col-100 elementor-top-column elementor-element elementor-element-eb358b9\" data-id=\"eb358b9\" data-element_type=\"column\" data-e-type=\"column\">\n\t\t\t<div class=\"elementor-widget-wrap\">\n\t\t\t\t\t\t\t<\/div>\n\t\t<\/div>\n\t\t\t\t\t<\/div>\n\t\t<\/section>\n\t\t\t\t<section class=\"elementor-section elementor-top-section elementor-element elementor-element-5e39b33 elementor-section-boxed elementor-section-height-default elementor-section-height-default\" data-id=\"5e39b33\" data-element_type=\"section\" data-e-type=\"section\">\n\t\t\t\t\t\t<div class=\"elementor-container elementor-column-gap-default\">\n\t\t\t\t\t<div class=\"elementor-column elementor-col-100 elementor-top-column elementor-element elementor-element-edc3b2e\" data-id=\"edc3b2e\" data-element_type=\"column\" data-e-type=\"column\">\n\t\t\t<div class=\"elementor-widget-wrap elementor-element-populated\">\n\t\t\t\t\t\t<div class=\"elementor-element elementor-element-a088bdf elementor-widget elementor-widget-spacer\" data-id=\"a088bdf\" data-element_type=\"widget\" data-e-type=\"widget\" data-widget_type=\"spacer.default\">\n\t\t\t\t<div class=\"elementor-widget-container\">\n\t\t\t\t\t\t\t<div class=\"elementor-spacer\">\n\t\t\t<div class=\"elementor-spacer-inner\"><\/div>\n\t\t<\/div>\n\t\t\t\t\t\t<\/div>\n\t\t\t\t<\/div>\n\t\t\t\t<div class=\"elementor-element elementor-element-de1931a elementor-widget elementor-widget-heading\" data-id=\"de1931a\" data-element_type=\"widget\" data-e-type=\"widget\" data-widget_type=\"heading.default\">\n\t\t\t\t<div class=\"elementor-widget-container\">\n\t\t\t\t\t<h5 class=\"elementor-heading-title elementor-size-default\">Estudio sobre la experiencia de los refugiados en Australia 2024<\/h5>\t\t\t\t<\/div>\n\t\t\t\t<\/div>\n\t\t\t\t\t<\/div>\n\t\t<\/div>\n\t\t\t\t\t<\/div>\n\t\t<\/section>\n\t\t\t\t<section class=\"elementor-section elementor-top-section elementor-element elementor-element-6c4e869 elementor-section-boxed elementor-section-height-default elementor-section-height-default\" data-id=\"6c4e869\" data-element_type=\"section\" data-e-type=\"section\">\n\t\t\t\t\t\t<div class=\"elementor-container elementor-column-gap-default\">\n\t\t\t\t\t<div class=\"elementor-column elementor-col-100 elementor-top-column elementor-element elementor-element-e619547\" data-id=\"e619547\" data-element_type=\"column\" data-e-type=\"column\">\n\t\t\t<div class=\"elementor-widget-wrap elementor-element-populated\">\n\t\t\t\t\t\t<div class=\"elementor-element elementor-element-57197fa elementor-widget elementor-widget-heading\" data-id=\"57197fa\" data-element_type=\"widget\" data-e-type=\"widget\" data-widget_type=\"heading.default\">\n\t\t\t\t<div class=\"elementor-widget-container\">\n\t\t\t\t\t<h2 class=\"elementor-heading-title elementor-size-default\">Por favor, encuentre el <i>Hoja de informaci\u00f3n para participantes <\/i>en tu idioma a continuaci\u00f3n:<\/h2>\t\t\t\t<\/div>\n\t\t\t\t<\/div>\n\t\t\t\t\t<\/div>\n\t\t<\/div>\n\t\t\t\t\t<\/div>\n\t\t<\/section>\n\t\t\t\t<section class=\"elementor-section elementor-top-section elementor-element elementor-element-096d4c8 elementor-section-boxed elementor-section-height-default elementor-section-height-default\" data-id=\"096d4c8\" data-element_type=\"section\" data-e-type=\"section\">\n\t\t\t\t\t\t<div class=\"elementor-container elementor-column-gap-default\">\n\t\t\t\t\t<div class=\"elementor-column elementor-col-100 elementor-top-column elementor-element elementor-element-39e4003\" data-id=\"39e4003\" data-element_type=\"column\" data-e-type=\"column\">\n\t\t\t<div class=\"elementor-widget-wrap elementor-element-populated\">\n\t\t\t\t\t\t<div class=\"elementor-element elementor-element-84fcb85 elementor-widget elementor-widget-text-editor\" data-id=\"84fcb85\" data-element_type=\"widget\" data-e-type=\"widget\" data-widget_type=\"text-editor.default\">\n\t\t\t\t<div class=\"elementor-widget-container\">\n\t\t\t\t\t\t\t\t\t<ul><li><a href=\"https:\/\/srcentre.com.au\/wp-content\/uploads\/2025\/01\/D-SRC3214_Participant-Information-Sheet-survey_V2.0_09Sep2024_Arabic.pdf\">\u00e1rabe<\/a><\/li><li><a href=\"https:\/\/srcentre.com.au\/wp-content\/uploads\/2025\/01\/D-SRC3214_Participant-Information-Sheet-survey_V2.0_09Sep2024_Assyrian.pdf\">Neoarameo asirio<\/a><\/li><li><a href=\"https:\/\/srcentre.com.au\/wp-content\/uploads\/2025\/01\/D-SRC3214_Participant-Information-Sheet-survey_V2.0_09Sep2024_Burmese.pdf\">birmano<\/a><\/li><li><a href=\"https:\/\/srcentre.com.au\/wp-content\/uploads\/2025\/01\/D-SRC3214_Participant-Information-Sheet-survey_V2.0_09Sep2024_Chin-Hakha.pdf\">Chin Haka<\/a><\/li><li><a href=\"https:\/\/srcentre.com.au\/wp-content\/uploads\/2025\/01\/D-SRC3214-Participant-Information-Sheet-survey_V2.0_09Sep2024_Dari.pdf\">Dari<\/a><\/li><li><a href=\"https:\/\/srcentre.com.au\/wp-content\/uploads\/2025\/01\/SRC3214_Participant-Information-Sheet-survey_English.pdf\">Ingl\u00e9s<\/a><\/li><li><a href=\"https:\/\/srcentre.com.au\/wp-content\/uploads\/2025\/01\/D-SRC3214_Participant-Information-Sheet-survey_V2.0_09Sep2024_Hazaragi_v2.pdf\">Hazaragi<\/a><\/li><li><a href=\"https:\/\/srcentre.com.au\/wp-content\/uploads\/2025\/01\/D-SRC3214_Participant-Information-Sheet-survey_V2.0_09Sep2024_Karen.pdf\">Karen<\/a><\/li><li><a href=\"https:\/\/srcentre.com.au\/wp-content\/uploads\/2025\/01\/D-SRC3214_Participant-Information-Sheet-survey_V2.0_09Sep2024_Nepali.pdf\">Nepal\u00ed<\/a><\/li><li><a href=\"https:\/\/srcentre.com.au\/wp-content\/uploads\/2025\/01\/D-SRC3214_Participant-Information-Sheet-survey_V2.0_09Sep2024_Swahili.pdf\">swahili<\/a><\/li><li><a href=\"https:\/\/srcentre.com.au\/wp-content\/uploads\/2025\/01\/D-SRC3214_Participant-Information-Sheet-survey_V2.0_09Sep2024_Tigrinya.pdf\">Tigrinya<\/a><\/li><\/ul><p>\u00a0<\/p><p><a href=\"https:\/\/srcentre.com.au\/es_cl\/proyecto\/estudio-sobre-la-experiencia-de-los-refugiados-en-australia\/\">Regresar a la p\u00e1gina del proyecto<\/a><\/p>\t\t\t\t\t\t\t\t<\/div>\n\t\t\t\t<\/div>\n\t\t\t\t\t<\/div>\n\t\t<\/div>\n\t\t\t\t\t<\/div>\n\t\t<\/section>\n\t\t\t\t<section class=\"elementor-section elementor-top-section elementor-element elementor-element-a2e17af elementor-section-boxed elementor-section-height-default elementor-section-height-default\" data-id=\"a2e17af\" data-element_type=\"section\" data-e-type=\"section\">\n\t\t\t\t\t\t<div class=\"elementor-container elementor-column-gap-default\">\n\t\t\t\t\t<div class=\"elementor-column elementor-col-100 elementor-top-column elementor-element elementor-element-b57fde0\" data-id=\"b57fde0\" data-element_type=\"column\" data-e-type=\"column\">\n\t\t\t<div class=\"elementor-widget-wrap elementor-element-populated\">\n\t\t\t\t\t\t<div class=\"elementor-element elementor-element-e871cdf elementor-widget elementor-widget-spacer\" data-id=\"e871cdf\" data-element_type=\"widget\" data-e-type=\"widget\" data-widget_type=\"spacer.default\">\n\t\t\t\t<div class=\"elementor-widget-container\">\n\t\t\t\t\t\t\t<div class=\"elementor-spacer\">\n\t\t\t<div class=\"elementor-spacer-inner\"><\/div>\n\t\t<\/div>\n\t\t\t\t\t\t<\/div>\n\t\t\t\t<\/div>\n\t\t\t\t\t<\/div>\n\t\t<\/div>\n\t\t\t\t\t<\/div>\n\t\t<\/section>\n\t\t\t\t<\/div>","protected":false},"excerpt":{"rendered":"<p>Estudio sobre la experiencia de los refugiados en Australia 2024 A continuaci\u00f3n, encontrar\u00e1 la hoja de informaci\u00f3n para los participantes en su idioma: \u00c1rabe Asirio Neoarameo Birmano Chin Haka Dari Ingl\u00e9s Hazaragi Karen Nepal\u00ed Swahili Tigrinya Regresar a la p\u00e1gina del proyecto<\/p>","protected":false},"author":5,"featured_media":0,"parent":0,"menu_order":0,"comment_status":"closed","ping_status":"closed","template":"","meta":{"footnotes":""},"class_list":["post-20123","page","type-page","status-publish","hentry"],"yoast_head":"<!-- This site is optimized with the Yoast SEO Premium plugin v27.3 (Yoast SEO v27.3) - https:\/\/yoast.com\/product\/yoast-seo-premium-wordpress\/ -->\n<title>Participant information sheets - Refugee Experience in Australia Study 2024 - Social Research Centre<\/title>\n<meta name=\"robots\" content=\"index, follow, max-snippet:-1, max-image-preview:large, max-video-preview:-1\" \/>\n<link rel=\"canonical\" href=\"https:\/\/srcentre.com.au\/es_cl\/estudio-sobre-la-experiencia-de-los-refugiados-en-australia-2024\/\" \/>\n<meta property=\"og:locale\" content=\"es_ES\" \/>\n<meta property=\"og:type\" content=\"article\" \/>\n<meta property=\"og:title\" content=\"Participant information sheets - Refugee Experience in Australia Study 2024\" \/>\n<meta property=\"og:description\" content=\"Refugee Experience in Australia Study 2024 Please find the Participant information sheet in your language below: Arabic Assyrian Neo Aramaic Burmese Chin Haka Dari English Hazaragi Karen Nepali Swahili Tigrinya \u00a0 Return to project page\" \/>\n<meta property=\"og:url\" content=\"https:\/\/srcentre.com.au\/es_cl\/estudio-sobre-la-experiencia-de-los-refugiados-en-australia-2024\/\" \/>\n<meta property=\"og:site_name\" content=\"Social Research Centre\" \/>\n<meta property=\"article:publisher\" content=\"https:\/\/www.facebook.com\/SRCentreAUS\/\" \/>\n<meta property=\"article:modified_time\" content=\"2025-03-18T02:41:31+00:00\" \/>\n<meta name=\"twitter:card\" content=\"summary_large_image\" \/>\n<meta name=\"twitter:site\" content=\"@SRCentreAUS\" \/>\n<meta name=\"twitter:label1\" content=\"Tiempo estimado de lectura\" \/>\n\t<meta name=\"twitter:data1\" content=\"1 minuto\" \/>\n<script type=\"application\/ld+json\" class=\"yoast-schema-graph\">{\"@context\":\"https:\\\/\\\/schema.org\",\"@graph\":[{\"@type\":\"WebPage\",\"@id\":\"https:\\\/\\\/srcentre.com.au\\\/pis-refugee-experience-in-australia-study-2024\\\/\",\"url\":\"https:\\\/\\\/srcentre.com.au\\\/pis-refugee-experience-in-australia-study-2024\\\/\",\"name\":\"Participant information sheets - Refugee Experience in Australia Study 2024 - Social Research Centre\",\"isPartOf\":{\"@id\":\"https:\\\/\\\/srcentre.com.au\\\/#website\"},\"datePublished\":\"2025-01-14T06:59:49+00:00\",\"dateModified\":\"2025-03-18T02:41:31+00:00\",\"breadcrumb\":{\"@id\":\"https:\\\/\\\/srcentre.com.au\\\/pis-refugee-experience-in-australia-study-2024\\\/#breadcrumb\"},\"inLanguage\":\"es-CL\",\"potentialAction\":[{\"@type\":\"ReadAction\",\"target\":[\"https:\\\/\\\/srcentre.com.au\\\/pis-refugee-experience-in-australia-study-2024\\\/\"]}]},{\"@type\":\"BreadcrumbList\",\"@id\":\"https:\\\/\\\/srcentre.com.au\\\/pis-refugee-experience-in-australia-study-2024\\\/#breadcrumb\",\"itemListElement\":[{\"@type\":\"ListItem\",\"position\":1,\"name\":\"Home\",\"item\":\"https:\\\/\\\/srcentre.com.au\\\/\"},{\"@type\":\"ListItem\",\"position\":2,\"name\":\"Participant information sheets &#8211; Refugee Experience in Australia Study 2024\"}]},{\"@type\":\"WebSite\",\"@id\":\"https:\\\/\\\/srcentre.com.au\\\/#website\",\"url\":\"https:\\\/\\\/srcentre.com.au\\\/\",\"name\":\"Social Research Centre\",\"description\":\"Social Research Centre\",\"publisher\":{\"@id\":\"https:\\\/\\\/srcentre.com.au\\\/#organization\"},\"potentialAction\":[{\"@type\":\"SearchAction\",\"target\":{\"@type\":\"EntryPoint\",\"urlTemplate\":\"https:\\\/\\\/srcentre.com.au\\\/?s={search_term_string}\"},\"query-input\":{\"@type\":\"PropertyValueSpecification\",\"valueRequired\":true,\"valueName\":\"search_term_string\"}}],\"inLanguage\":\"es-CL\"},{\"@type\":\"Organization\",\"@id\":\"https:\\\/\\\/srcentre.com.au\\\/#organization\",\"name\":\"Social Research Centre\",\"url\":\"https:\\\/\\\/srcentre.com.au\\\/\",\"logo\":{\"@type\":\"ImageObject\",\"inLanguage\":\"es-CL\",\"@id\":\"https:\\\/\\\/srcentre.com.au\\\/#\\\/schema\\\/logo\\\/image\\\/\",\"url\":\"https:\\\/\\\/srcentre.com.au\\\/wp-content\\\/uploads\\\/2023\\\/07\\\/src-icon.svg\",\"contentUrl\":\"https:\\\/\\\/srcentre.com.au\\\/wp-content\\\/uploads\\\/2023\\\/07\\\/src-icon.svg\",\"width\":135,\"height\":135,\"caption\":\"Social Research Centre\"},\"image\":{\"@id\":\"https:\\\/\\\/srcentre.com.au\\\/#\\\/schema\\\/logo\\\/image\\\/\"},\"sameAs\":[\"https:\\\/\\\/www.facebook.com\\\/SRCentreAUS\\\/\",\"https:\\\/\\\/x.com\\\/SRCentreAUS\"]}]}<\/script>\n<!-- \/ Yoast SEO Premium plugin. -->","yoast_head_json":{"title":"Hojas informativas para los participantes - Estudio sobre la experiencia de los refugiados en Australia 2024 - Centro de Investigaci\u00f3n Social","robots":{"index":"index","follow":"follow","max-snippet":"max-snippet:-1","max-image-preview":"max-image-preview:large","max-video-preview":"max-video-preview:-1"},"canonical":"https:\/\/srcentre.com.au\/es_cl\/estudio-sobre-la-experiencia-de-los-refugiados-en-australia-2024\/","og_locale":"es_ES","og_type":"article","og_title":"Participant information sheets - Refugee Experience in Australia Study 2024","og_description":"Refugee Experience in Australia Study 2024 Please find the Participant information sheet in your language below: Arabic Assyrian Neo Aramaic Burmese Chin Haka Dari English Hazaragi Karen Nepali Swahili Tigrinya \u00a0 Return to project page","og_url":"https:\/\/srcentre.com.au\/es_cl\/estudio-sobre-la-experiencia-de-los-refugiados-en-australia-2024\/","og_site_name":"Social Research Centre","article_publisher":"https:\/\/www.facebook.com\/SRCentreAUS\/","article_modified_time":"2025-03-18T02:41:31+00:00","twitter_card":"summary_large_image","twitter_site":"@SRCentreAUS","twitter_misc":{"Tiempo estimado de lectura":"1 minuto"},"schema":{"@context":"https:\/\/schema.org","@graph":[{"@type":"WebPage","@id":"https:\/\/srcentre.com.au\/pis-refugee-experience-in-australia-study-2024\/","url":"https:\/\/srcentre.com.au\/pis-refugee-experience-in-australia-study-2024\/","name":"Hojas informativas para los participantes - Estudio sobre la experiencia de los refugiados en Australia 2024 - Centro de Investigaci\u00f3n Social","isPartOf":{"@id":"https:\/\/srcentre.com.au\/#website"},"datePublished":"2025-01-14T06:59:49+00:00","dateModified":"2025-03-18T02:41:31+00:00","breadcrumb":{"@id":"https:\/\/srcentre.com.au\/pis-refugee-experience-in-australia-study-2024\/#breadcrumb"},"inLanguage":"es-CL","potentialAction":[{"@type":"ReadAction","target":["https:\/\/srcentre.com.au\/pis-refugee-experience-in-australia-study-2024\/"]}]},{"@type":"BreadcrumbList","@id":"https:\/\/srcentre.com.au\/pis-refugee-experience-in-australia-study-2024\/#breadcrumb","itemListElement":[{"@type":"ListItem","position":1,"name":"Home","item":"https:\/\/srcentre.com.au\/"},{"@type":"ListItem","position":2,"name":"Participant information sheets &#8211; Refugee Experience in Australia Study 2024"}]},{"@type":"WebSite","@id":"https:\/\/srcentre.com.au\/#website","url":"https:\/\/srcentre.com.au\/","name":"Centro de Investigaciones Sociales","description":"Centro de Investigaciones Sociales","publisher":{"@id":"https:\/\/srcentre.com.au\/#organization"},"potentialAction":[{"@type":"SearchAction","target":{"@type":"EntryPoint","urlTemplate":"https:\/\/srcentre.com.au\/?s={search_term_string}"},"query-input":{"@type":"PropertyValueSpecification","valueRequired":true,"valueName":"search_term_string"}}],"inLanguage":"es-CL"},{"@type":"Organization","@id":"https:\/\/srcentre.com.au\/#organization","name":"Centro de Investigaciones Sociales","url":"https:\/\/srcentre.com.au\/","logo":{"@type":"ImageObject","inLanguage":"es-CL","@id":"https:\/\/srcentre.com.au\/#\/schema\/logo\/image\/","url":"https:\/\/srcentre.com.au\/wp-content\/uploads\/2023\/07\/src-icon.svg","contentUrl":"https:\/\/srcentre.com.au\/wp-content\/uploads\/2023\/07\/src-icon.svg","width":135,"height":135,"caption":"Social Research Centre"},"image":{"@id":"https:\/\/srcentre.com.au\/#\/schema\/logo\/image\/"},"sameAs":["https:\/\/www.facebook.com\/SRCentreAUS\/","https:\/\/x.com\/SRCentreAUS"]}]}},"_links":{"self":[{"href":"https:\/\/srcentre.com.au\/es_cl\/wp-json\/wp\/v2\/pages\/20123","targetHints":{"allow":["GET"]}}],"collection":[{"href":"https:\/\/srcentre.com.au\/es_cl\/wp-json\/wp\/v2\/pages"}],"about":[{"href":"https:\/\/srcentre.com.au\/es_cl\/wp-json\/wp\/v2\/types\/page"}],"author":[{"embeddable":true,"href":"https:\/\/srcentre.com.au\/es_cl\/wp-json\/wp\/v2\/users\/5"}],"replies":[{"embeddable":true,"href":"https:\/\/srcentre.com.au\/es_cl\/wp-json\/wp\/v2\/comments?post=20123"}],"version-history":[{"count":44,"href":"https:\/\/srcentre.com.au\/es_cl\/wp-json\/wp\/v2\/pages\/20123\/revisions"}],"predecessor-version":[{"id":21724,"href":"https:\/\/srcentre.com.au\/es_cl\/wp-json\/wp\/v2\/pages\/20123\/revisions\/21724"}],"wp:attachment":[{"href":"https:\/\/srcentre.com.au\/es_cl\/wp-json\/wp\/v2\/media?parent=20123"}],"curies":[{"name":"wp","href":"https:\/\/api.w.org\/{rel}","templated":true}]}}