

{"id":16438,"date":"2024-05-16T12:00:14","date_gmt":"2024-05-16T02:00:14","guid":{"rendered":"https:\/\/srcentre.com.au\/?page_id=16438"},"modified":"2024-05-16T15:38:02","modified_gmt":"2024-05-16T05:38:02","slug":"luat-bao-mat-tren-khap-nuoc-uc","status":"publish","type":"page","link":"http:\/\/srcentre.com.au\/vi\/privacy-legislation-throughout-australia\/","title":{"rendered":"Lu\u1eadt b\u1ea3o m\u1eadt tr\u00ean to\u00e0n n\u01b0\u1edbc \u00dac"},"content":{"rendered":"<div data-elementor-type=\"wp-page\" data-elementor-id=\"16438\" class=\"elementor elementor-16438\">\n\t\t\t\t\t\t<section class=\"elementor-section elementor-top-section elementor-element elementor-element-bae346a elementor-section-boxed elementor-section-height-default elementor-section-height-default\" data-id=\"bae346a\" data-element_type=\"section\" data-e-type=\"section\">\n\t\t\t\t\t\t<div class=\"elementor-container elementor-column-gap-default\">\n\t\t\t\t\t<div class=\"elementor-column elementor-col-100 elementor-top-column elementor-element elementor-element-798f80d\" data-id=\"798f80d\" data-element_type=\"column\" data-e-type=\"column\">\n\t\t\t<div class=\"elementor-widget-wrap elementor-element-populated\">\n\t\t\t\t\t\t<div class=\"elementor-element elementor-element-22b41dd elementor-widget elementor-widget-heading\" data-id=\"22b41dd\" data-element_type=\"widget\" data-e-type=\"widget\" data-widget_type=\"heading.default\">\n\t\t\t\t<div class=\"elementor-widget-container\">\n\t\t\t\t\t<h1 class=\"elementor-heading-title elementor-size-default\">Lu\u1eadt b\u1ea3o m\u1eadt tr\u00ean kh\u1eafp n\u01b0\u1edbc \u00dac<\/h1>\t\t\t\t<\/div>\n\t\t\t\t<\/div>\n\t\t\t\t\t<\/div>\n\t\t<\/div>\n\t\t\t\t\t<\/div>\n\t\t<\/section>\n\t\t\t\t<section class=\"elementor-section elementor-top-section elementor-element elementor-element-2a23276 elementor-section-boxed elementor-section-height-default elementor-section-height-default\" data-id=\"2a23276\" data-element_type=\"section\" data-e-type=\"section\">\n\t\t\t\t\t\t<div class=\"elementor-container elementor-column-gap-default\">\n\t\t\t\t\t<div class=\"elementor-column elementor-col-100 elementor-top-column elementor-element elementor-element-2ef9c26\" data-id=\"2ef9c26\" data-element_type=\"column\" data-e-type=\"column\">\n\t\t\t<div class=\"elementor-widget-wrap elementor-element-populated\">\n\t\t\t\t\t\t<div class=\"elementor-element elementor-element-8741af4 elementor-widget elementor-widget-text-editor\" data-id=\"8741af4\" data-element_type=\"widget\" data-e-type=\"widget\" data-widget_type=\"text-editor.default\">\n\t\t\t\t<div class=\"elementor-widget-container\">\n\t\t\t\t\t\t\t\t\t<h5>Th\u1ef1c h\u00e0nh nghi\u00ean c\u1ee9u c\u1ee7a ch\u00fang t\u00f4i tu\u00e2n th\u1ee7 t\u1ea5t c\u1ea3 c\u00e1c lu\u1eadt v\u00e0 quy \u0111\u1ecbnh v\u1ec1 quy\u1ec1n ri\u00eang t\u01b0 c\u00f3 li\u00ean quan c\u1ee7a \u00dac \u00e1p d\u1ee5ng cho\u00a0<span style=\"font-weight: bolder;\">m\u1ed7i nghi\u00ean c\u1ee9u c\u1ee5 th\u1ec3 ch\u00fang t\u00f4i ti\u1ebfn h\u00e0nh<\/span>. \u0110i\u1ec1u n\u00e0y bao g\u1ed3m \u0110\u1ea1o lu\u1eadt v\u1ec1 quy\u1ec1n ri\u00eang t\u01b0 c\u1ee7a \u00dac (1988) v\u00e0 Nguy\u00ean t\u1eafc v\u1ec1 quy\u1ec1n ri\u00eang t\u01b0 c\u1ee7a \u00dac (APP). T\u00f9y thu\u1ed9c v\u00e0o b\u1ea3n ch\u1ea5t c\u1ee7a t\u1eebng d\u1ef1 \u00e1n nghi\u00ean c\u1ee9u c\u1ee5 th\u1ec3, c\u0169ng c\u00f3 th\u1ec3 c\u00f3 lu\u1eadt v\u1ec1 quy\u1ec1n ri\u00eang t\u01b0 c\u1ee7a ti\u1ec3u bang v\u00e0 l\u00e3nh th\u1ed5 \u00e1p d\u1ee5ng.<\/h5><h5>D\u01b0\u1edbi \u0111\u00e2y l\u00e0 h\u01b0\u1edbng d\u1eabn v\u1ec1 lu\u1eadt li\u00ean bang, ti\u1ec3u bang v\u00e0 l\u00e3nh th\u1ed5 tr\u00ean kh\u1eafp n\u01b0\u1edbc \u00dac, danh s\u00e1ch n\u00e0y \u0111\u01b0\u1ee3c c\u1eadp nh\u1eadt v\u00e0o th\u00e1ng 5 n\u0103m 2024, danh s\u00e1ch n\u00e0y kh\u00f4ng \u0111\u1ea7y \u0111\u1ee7 v\u00e0 ch\u00fang t\u00f4i tu\u00e2n th\u1ee7\u00a0<strong>t\u1ea5t c\u1ea3 lu\u1eadt v\u1ec1 quy\u1ec1n ri\u00eang t\u01b0<\/strong>\u00a0\u0111i\u1ec1u \u0111\u00f3 \u00e1p d\u1ee5ng cho c\u00e1c d\u1ef1 \u00e1n nghi\u00ean c\u1ee9u c\u1ee5 th\u1ec3 c\u1ee7a ch\u00fang t\u00f4i.<\/h5>\t\t\t\t\t\t\t\t<\/div>\n\t\t\t\t<\/div>\n\t\t\t\t\t<\/div>\n\t\t<\/div>\n\t\t\t\t\t<\/div>\n\t\t<\/section>\n\t\t\t\t<section class=\"elementor-section elementor-top-section elementor-element elementor-element-5e8a1c1 elementor-section-boxed elementor-section-height-default elementor-section-height-default\" data-id=\"5e8a1c1\" data-element_type=\"section\" data-e-type=\"section\">\n\t\t\t\t\t\t<div class=\"elementor-container elementor-column-gap-default\">\n\t\t\t\t\t<div class=\"elementor-column elementor-col-100 elementor-top-column elementor-element elementor-element-7838ae9\" data-id=\"7838ae9\" data-element_type=\"column\" data-e-type=\"column\">\n\t\t\t<div class=\"elementor-widget-wrap elementor-element-populated\">\n\t\t\t\t\t\t<div class=\"elementor-element elementor-element-e5048c4 elementor-widget__width-initial elementor-widget elementor-widget-text-editor\" data-id=\"e5048c4\" data-element_type=\"widget\" data-e-type=\"widget\" data-widget_type=\"text-editor.default\">\n\t\t\t\t<div class=\"elementor-widget-container\">\n\t\t\t\t\t\t\t\t\t<table style=\"height: 1828px;\" width=\"545\"><tbody><tr><td><p>\u00a0<\/p><p><strong>Ti\u1ec3u bang\/L\u00e3nh th\u1ed5<\/strong><\/p><\/td><td width=\"100\"><p>\u00a0<\/p><p><strong>Lu\u1eadt b\u1ea3o m\u1eadt <\/strong><\/p><\/td><td><p>\u00a0<\/p><p><strong>Lu\u1eadt b\u1ea3o m\u1eadt s\u1ee9c kh\u1ecfe <\/strong><\/p><\/td><td><p>\u00a0<\/p><p><strong>Th\u1eafc m\u1eafc v\u00e0 khi\u1ebfu n\u1ea1i v\u1ec1 quy\u1ec1n ri\u00eang t\u01b0<\/strong><\/p><\/td><\/tr><tr><td>Li\u00ean bang<\/td><td width=\"140\">\u0110\u1ea1o lu\u1eadt b\u1ea3o m\u1eadt c\u1ee7a \u00dac (1988) &amp; APPs<\/td><td>Kh\u00f4ng c\u00f3 lu\u1eadt b\u1ea3o m\u1eadt s\u1ee9c kh\u1ecfe li\u00ean bang c\u1ee5 th\u1ec3<\/td><td>V\u0103n ph\u00f2ng \u1ee6y vi\u00ean Th\u00f4ng tin \u00dac (OAIC) <a href=\"https:\/\/www.oaic.gov.au\/\"><span style=\"text-decoration: underline;\">https:\/\/www.oaic.gov.au\/<\/span><\/a><\/td><\/tr><tr><td>NSW<\/td><td width=\"140\">\u0110\u1ea1o lu\u1eadt b\u1ea3o v\u1ec7 th\u00f4ng tin c\u00e1 nh\u00e2n v\u00e0 quy\u1ec1n ri\u00eang t\u01b0 n\u0103m 1998 (NSW) (\u0110\u1ea1o lu\u1eadt PPIPP)<\/td><td>\u0110\u1ea1o lu\u1eadt v\u1ec1 quy\u1ec1n ri\u00eang t\u01b0 th\u00f4ng tin v\u00e0 h\u1ed3 s\u01a1 s\u1ee9c kh\u1ecfe n\u0103m 2002 (NSW)<\/td><td><p>\u1ee6y ban th\u00f4ng tin v\u00e0 quy\u1ec1n ri\u00eang t\u01b0 NSW<\/p><p><a href=\"https:\/\/www.ipc.nsw.gov.au\/\"><span style=\"text-decoration: underline;\">https:\/\/www.ipc.nsw.gov.au\/<\/span><\/a><\/p><\/td><\/tr><tr><td>VIC<\/td><td width=\"280\">\u0110\u1ea1o lu\u1eadt B\u1ea3o v\u1ec7 D\u1eef li\u1ec7u v\u00e0 Quy\u1ec1n ri\u00eang t\u01b0 n\u0103m 2014 (Vic)<\/td><td>\u0110\u1ea1o lu\u1eadt H\u1ed3 s\u01a1 Y t\u1ebf n\u0103m 2001 (Vic)<\/td><td>V\u0103n ph\u00f2ng \u1ee6y vi\u00ean th\u00f4ng tin Victoria (OVIC) <a href=\"https:\/\/ovic.vic.gov.au\/\"><span style=\"text-decoration: underline;\">https:\/\/ovic.vic.gov.au\/<\/span><\/a><\/td><\/tr><tr><td>QLD<\/td><td width=\"240\">\u0110\u1ea1o lu\u1eadt b\u1ea3o m\u1eadt th\u00f4ng tin n\u0103m 2009 (Qld)<\/td><td>Lu\u1eadt qu\u1ed1c gia v\u1ec1 quy \u0111\u1ecbnh c\u1ee7a b\u00e1c s\u0129 h\u00e0nh ngh\u1ec1 (2009) (Qld)<\/td><td>V\u0103n ph\u00f2ng \u1ee6y vi\u00ean Th\u00f4ng tin Queensland <a href=\"https:\/\/www.oic.qld.gov.au\/\"><span style=\"text-decoration: underline;\">https:\/\/www.oic.qld.gov.au\/<\/span><\/a><\/td><\/tr><tr><td>SA<\/td><td width=\"150\">Kh\u00f4ng c\u00f3 lu\u1eadt ri\u00eang t\u01b0 c\u1ee5 th\u1ec3 (quy\u1ec1n ri\u00eang t\u01b0 c\u1ee7a khu v\u1ef1c c\u00f4ng \u0111\u01b0\u1ee3c \u0111\u1ec1 c\u1eadp trong H\u01b0\u1edbng d\u1eabn v\u1ec1 Nguy\u00ean t\u1eafc ri\u00eang t\u01b0 th\u00f4ng tin)<\/td><td>\u0110\u1ea1o lu\u1eadt ch\u0103m s\u00f3c s\u1ee9c kh\u1ecfe n\u0103m 2001 (SA) (bao g\u1ed3m c\u00e1c \u0111i\u1ec1u kho\u1ea3n v\u1ec1 quy\u1ec1n ri\u00eang t\u01b0 v\u1ec1 s\u1ee9c kh\u1ecfe)<\/td><td>\u1ee6y ban b\u1ea3o m\u1eadt Nam \u00dac <a href=\"https:\/\/www.sa.gov.au\/privacy\"><span style=\"text-decoration: underline;\">https:\/\/www.sa.gov.au\/privacy<\/span><\/a><\/td><\/tr><tr><td>WA<\/td><td width=\"140\">Kh\u00f4ng c\u00f3 lu\u1eadt ri\u00eang t\u01b0 c\u1ee5 th\u1ec3 (quy\u1ec1n ri\u00eang t\u01b0 c\u1ee7a khu v\u1ef1c c\u00f4ng \u0111\u01b0\u1ee3c \u0111\u1ec1 c\u1eadp trong \u0110\u1ea1o lu\u1eadt T\u1ef1 do Th\u00f4ng tin n\u0103m 1992 (WA))<\/td><td>\u0110\u1ea1o lu\u1eadt th\u00f4ng tin y t\u1ebf n\u0103m 2002 (WA)<\/td><td>V\u0103n ph\u00f2ng \u1ee6y vi\u00ean Th\u00f4ng tin (WA) <a href=\"https:\/\/www.oic.wa.gov.au\/en-au\/\"><span style=\"text-decoration: underline;\">https:\/\/www.oic.wa.gov.au\/en-au\/<\/span><\/a><\/td><\/tr><tr><td>TAS<\/td><td width=\"140\">\u0110\u1ea1o lu\u1eadt b\u1ea3o v\u1ec7 th\u00f4ng tin c\u00e1 nh\u00e2n n\u0103m 2004 (Tas) (\u0110\u1ea1o lu\u1eadt PIPA)<\/td><td>\u0110\u1ea1o lu\u1eadt th\u00f4ng tin y t\u1ebf n\u0103m 2002 (Tas) v\u00e0 c\u00e1c \u0111\u1ea1o lu\u1eadt kh\u00e1c<\/td><td><p>Thanh tra Tasmania<\/p><p><a href=\"https:\/\/www.ombudsman.tas.gov.au\/\"><span style=\"text-decoration: underline;\">https:\/\/www.ombudsman.tas.gov.au\/<\/span><\/a><\/p><\/td><\/tr><tr><td>H\u00c0NH \u0110\u1ed8NG<\/td><td width=\"150\">Kh\u00f4ng c\u00f3 lu\u1eadt ri\u00eang t\u01b0 c\u1ee5 th\u1ec3 (quy\u1ec1n ri\u00eang t\u01b0 c\u1ee7a khu v\u1ef1c c\u00f4ng \u0111\u01b0\u1ee3c \u0111\u1ec1 c\u1eadp trong lu\u1eadt kh\u00e1c)<\/td><td>\u0110\u1ea1o lu\u1eadt H\u1ed3 s\u01a1 S\u1ee9c kh\u1ecfe 2007 (ACT)<\/td><td><p>OAIC th\u1ef1c hi\u1ec7n m\u1ed9t s\u1ed1 ch\u1ee9c n\u0103ng c\u1ee7a \u1ee6y vi\u00ean ACT<\/p><p><a href=\"https:\/\/www.oaic.gov.au\/privacy\/privacy-complaints\/make-a-privacy-complaint-in-the-act\"><span style=\"text-decoration: underline;\">https:\/\/www.oaic.gov.au\/privacy\/privacy-complaints\/make-a-privacy-complaint-in-the-act<\/span><\/a><\/p><\/td><\/tr><tr><td>NT<\/td><td width=\"100\">\u0110\u1ea1o lu\u1eadt th\u00f4ng tin n\u0103m 2002 (NT) (bao g\u1ed3m c\u00e1c \u0111i\u1ec1u kho\u1ea3n v\u1ec1 quy\u1ec1n ri\u00eang t\u01b0)<\/td><td>\u0110\u1ea1o lu\u1eadt Qu\u1ea3n l\u00fd D\u1ecbch v\u1ee5 Y t\u1ebf (NT) (bao g\u1ed3m c\u00e1c \u0111i\u1ec1u kho\u1ea3n v\u1ec1 quy\u1ec1n ri\u00eang t\u01b0 v\u1ec1 s\u1ee9c kh\u1ecfe)<\/td><td>V\u0103n ph\u00f2ng \u1ee6y vi\u00ean Th\u00f4ng tin L\u00e3nh th\u1ed5 ph\u00eda B\u1eafc <a href=\"https:\/\/infocomm.nt.gov.au\/\"><span style=\"text-decoration: underline;\">https:\/\/infocomm.nt.gov.au\/<\/span><\/a><\/td><\/tr><\/tbody><\/table>\t\t\t\t\t\t\t\t<\/div>\n\t\t\t\t<\/div>\n\t\t\t\t\t<\/div>\n\t\t<\/div>\n\t\t\t\t\t<\/div>\n\t\t<\/section>\n\t\t\t\t<\/div>","protected":false},"excerpt":{"rendered":"<p>Privacy legislation throughout Australia Our research practices complies with all relevant Australian privacy laws and regulations that apply to\u00a0each specific research study we conduct. This includes the Australian Privacy Act (1988) and Australian Privacy Principles (APPs). Depending on the nature of each specific research project, there might also be state and territory privacy legislation that [&hellip;]<\/p>\n","protected":false},"author":5,"featured_media":0,"parent":0,"menu_order":0,"comment_status":"closed","ping_status":"closed","template":"","meta":{"footnotes":""},"class_list":["post-16438","page","type-page","status-publish","hentry"],"yoast_head":"<!-- This site is optimized with the Yoast SEO Premium plugin v27.4 (Yoast SEO v27.4) - https:\/\/yoast.com\/product\/yoast-seo-premium-wordpress\/ -->\n<title>Privacy legislation throughout Australia - Social Research Centre<\/title>\n<meta name=\"robots\" content=\"index, follow, max-snippet:-1, max-image-preview:large, max-video-preview:-1\" \/>\n<link rel=\"canonical\" href=\"https:\/\/srcentre.com.au\/vi\/luat-bao-mat-tren-khap-nuoc-uc\/\" \/>\n<meta property=\"og:locale\" content=\"vi_VN\" \/>\n<meta property=\"og:type\" content=\"article\" \/>\n<meta property=\"og:title\" content=\"Privacy legislation throughout Australia\" \/>\n<meta property=\"og:description\" content=\"Privacy legislation throughout Australia Our research practices complies with all relevant Australian privacy laws and regulations that apply to\u00a0each specific research study we conduct. This includes the Australian Privacy Act (1988) and Australian Privacy Principles (APPs). Depending on the nature of each specific research project, there might also be state and territory privacy legislation that [&hellip;]\" \/>\n<meta property=\"og:url\" content=\"https:\/\/srcentre.com.au\/vi\/luat-bao-mat-tren-khap-nuoc-uc\/\" \/>\n<meta property=\"og:site_name\" content=\"Social Research Centre\" \/>\n<meta property=\"article:publisher\" content=\"https:\/\/www.facebook.com\/SRCentreAUS\/\" \/>\n<meta property=\"article:modified_time\" content=\"2024-05-16T05:38:02+00:00\" \/>\n<meta name=\"twitter:card\" content=\"summary_large_image\" \/>\n<meta name=\"twitter:site\" content=\"@SRCentreAUS\" \/>\n<meta name=\"twitter:label1\" content=\"\u01af\u1edbc t\u00ednh th\u1eddi gian \u0111\u1ecdc\" \/>\n\t<meta name=\"twitter:data1\" content=\"2 ph\u00fat\" \/>\n<script type=\"application\/ld+json\" class=\"yoast-schema-graph\">{\"@context\":\"https:\\\/\\\/schema.org\",\"@graph\":[{\"@type\":\"WebPage\",\"@id\":\"https:\\\/\\\/srcentre.com.au\\\/privacy-legislation-throughout-australia\\\/\",\"url\":\"https:\\\/\\\/srcentre.com.au\\\/privacy-legislation-throughout-australia\\\/\",\"name\":\"Privacy legislation throughout Australia - Social Research Centre\",\"isPartOf\":{\"@id\":\"https:\\\/\\\/srcentre.com.au\\\/#website\"},\"datePublished\":\"2024-05-16T02:00:14+00:00\",\"dateModified\":\"2024-05-16T05:38:02+00:00\",\"breadcrumb\":{\"@id\":\"https:\\\/\\\/srcentre.com.au\\\/privacy-legislation-throughout-australia\\\/#breadcrumb\"},\"inLanguage\":\"vi\",\"potentialAction\":[{\"@type\":\"ReadAction\",\"target\":[\"https:\\\/\\\/srcentre.com.au\\\/privacy-legislation-throughout-australia\\\/\"]}]},{\"@type\":\"BreadcrumbList\",\"@id\":\"https:\\\/\\\/srcentre.com.au\\\/privacy-legislation-throughout-australia\\\/#breadcrumb\",\"itemListElement\":[{\"@type\":\"ListItem\",\"position\":1,\"name\":\"Home\",\"item\":\"https:\\\/\\\/srcentre.com.au\\\/\"},{\"@type\":\"ListItem\",\"position\":2,\"name\":\"Privacy legislation throughout Australia\"}]},{\"@type\":\"WebSite\",\"@id\":\"https:\\\/\\\/srcentre.com.au\\\/#website\",\"url\":\"https:\\\/\\\/srcentre.com.au\\\/\",\"name\":\"Social Research Centre\",\"description\":\"Social Research Centre\",\"publisher\":{\"@id\":\"https:\\\/\\\/srcentre.com.au\\\/#organization\"},\"potentialAction\":[{\"@type\":\"SearchAction\",\"target\":{\"@type\":\"EntryPoint\",\"urlTemplate\":\"https:\\\/\\\/srcentre.com.au\\\/?s={search_term_string}\"},\"query-input\":{\"@type\":\"PropertyValueSpecification\",\"valueRequired\":true,\"valueName\":\"search_term_string\"}}],\"inLanguage\":\"vi\"},{\"@type\":\"Organization\",\"@id\":\"https:\\\/\\\/srcentre.com.au\\\/#organization\",\"name\":\"Social Research Centre\",\"url\":\"https:\\\/\\\/srcentre.com.au\\\/\",\"logo\":{\"@type\":\"ImageObject\",\"inLanguage\":\"vi\",\"@id\":\"https:\\\/\\\/srcentre.com.au\\\/#\\\/schema\\\/logo\\\/image\\\/\",\"url\":\"https:\\\/\\\/srcentre.com.au\\\/wp-content\\\/uploads\\\/2023\\\/07\\\/src-icon.svg\",\"contentUrl\":\"https:\\\/\\\/srcentre.com.au\\\/wp-content\\\/uploads\\\/2023\\\/07\\\/src-icon.svg\",\"width\":135,\"height\":135,\"caption\":\"Social Research Centre\"},\"image\":{\"@id\":\"https:\\\/\\\/srcentre.com.au\\\/#\\\/schema\\\/logo\\\/image\\\/\"},\"sameAs\":[\"https:\\\/\\\/www.facebook.com\\\/SRCentreAUS\\\/\",\"https:\\\/\\\/x.com\\\/SRCentreAUS\"]}]}<\/script>\n<!-- \/ Yoast SEO Premium plugin. -->","yoast_head_json":{"title":"Lu\u1eadt b\u1ea3o m\u1eadt tr\u00ean to\u00e0n n\u01b0\u1edbc \u00dac - Trung t\u00e2m nghi\u00ean c\u1ee9u x\u00e3 h\u1ed9i","robots":{"index":"index","follow":"follow","max-snippet":"max-snippet:-1","max-image-preview":"max-image-preview:large","max-video-preview":"max-video-preview:-1"},"canonical":"https:\/\/srcentre.com.au\/vi\/luat-bao-mat-tren-khap-nuoc-uc\/","og_locale":"vi_VN","og_type":"article","og_title":"Privacy legislation throughout Australia","og_description":"Privacy legislation throughout Australia Our research practices complies with all relevant Australian privacy laws and regulations that apply to\u00a0each specific research study we conduct. This includes the Australian Privacy Act (1988) and Australian Privacy Principles (APPs). Depending on the nature of each specific research project, there might also be state and territory privacy legislation that [&hellip;]","og_url":"https:\/\/srcentre.com.au\/vi\/luat-bao-mat-tren-khap-nuoc-uc\/","og_site_name":"Social Research Centre","article_publisher":"https:\/\/www.facebook.com\/SRCentreAUS\/","article_modified_time":"2024-05-16T05:38:02+00:00","twitter_card":"summary_large_image","twitter_site":"@SRCentreAUS","twitter_misc":{"\u01af\u1edbc t\u00ednh th\u1eddi gian \u0111\u1ecdc":"2 ph\u00fat"},"schema":{"@context":"https:\/\/schema.org","@graph":[{"@type":"WebPage","@id":"https:\/\/srcentre.com.au\/privacy-legislation-throughout-australia\/","url":"https:\/\/srcentre.com.au\/privacy-legislation-throughout-australia\/","name":"Lu\u1eadt b\u1ea3o m\u1eadt tr\u00ean to\u00e0n n\u01b0\u1edbc \u00dac - Trung t\u00e2m nghi\u00ean c\u1ee9u x\u00e3 h\u1ed9i","isPartOf":{"@id":"https:\/\/srcentre.com.au\/#website"},"datePublished":"2024-05-16T02:00:14+00:00","dateModified":"2024-05-16T05:38:02+00:00","breadcrumb":{"@id":"https:\/\/srcentre.com.au\/privacy-legislation-throughout-australia\/#breadcrumb"},"inLanguage":"vi","potentialAction":[{"@type":"ReadAction","target":["https:\/\/srcentre.com.au\/privacy-legislation-throughout-australia\/"]}]},{"@type":"BreadcrumbList","@id":"https:\/\/srcentre.com.au\/privacy-legislation-throughout-australia\/#breadcrumb","itemListElement":[{"@type":"ListItem","position":1,"name":"Home","item":"https:\/\/srcentre.com.au\/"},{"@type":"ListItem","position":2,"name":"Privacy legislation throughout Australia"}]},{"@type":"WebSite","@id":"https:\/\/srcentre.com.au\/#website","url":"https:\/\/srcentre.com.au\/","name":"Trung t\u00e2m nghi\u00ean c\u1ee9u x\u00e3 h\u1ed9i","description":"Trung t\u00e2m nghi\u00ean c\u1ee9u x\u00e3 h\u1ed9i","publisher":{"@id":"https:\/\/srcentre.com.au\/#organization"},"potentialAction":[{"@type":"SearchAction","target":{"@type":"EntryPoint","urlTemplate":"https:\/\/srcentre.com.au\/?s={search_term_string}"},"query-input":{"@type":"PropertyValueSpecification","valueRequired":true,"valueName":"search_term_string"}}],"inLanguage":"vi"},{"@type":"Organization","@id":"https:\/\/srcentre.com.au\/#organization","name":"Trung t\u00e2m nghi\u00ean c\u1ee9u x\u00e3 h\u1ed9i","url":"https:\/\/srcentre.com.au\/","logo":{"@type":"ImageObject","inLanguage":"vi","@id":"https:\/\/srcentre.com.au\/#\/schema\/logo\/image\/","url":"https:\/\/srcentre.com.au\/wp-content\/uploads\/2023\/07\/src-icon.svg","contentUrl":"https:\/\/srcentre.com.au\/wp-content\/uploads\/2023\/07\/src-icon.svg","width":135,"height":135,"caption":"Social Research Centre"},"image":{"@id":"https:\/\/srcentre.com.au\/#\/schema\/logo\/image\/"},"sameAs":["https:\/\/www.facebook.com\/SRCentreAUS\/","https:\/\/x.com\/SRCentreAUS"]}]}},"_links":{"self":[{"href":"http:\/\/srcentre.com.au\/vi\/wp-json\/wp\/v2\/pages\/16438","targetHints":{"allow":["GET"]}}],"collection":[{"href":"http:\/\/srcentre.com.au\/vi\/wp-json\/wp\/v2\/pages"}],"about":[{"href":"http:\/\/srcentre.com.au\/vi\/wp-json\/wp\/v2\/types\/page"}],"author":[{"embeddable":true,"href":"http:\/\/srcentre.com.au\/vi\/wp-json\/wp\/v2\/users\/5"}],"replies":[{"embeddable":true,"href":"http:\/\/srcentre.com.au\/vi\/wp-json\/wp\/v2\/comments?post=16438"}],"version-history":[{"count":32,"href":"http:\/\/srcentre.com.au\/vi\/wp-json\/wp\/v2\/pages\/16438\/revisions"}],"predecessor-version":[{"id":16479,"href":"http:\/\/srcentre.com.au\/vi\/wp-json\/wp\/v2\/pages\/16438\/revisions\/16479"}],"wp:attachment":[{"href":"http:\/\/srcentre.com.au\/vi\/wp-json\/wp\/v2\/media?parent=16438"}],"curies":[{"name":"wp","href":"https:\/\/api.w.org\/{rel}","templated":true}]}}