

{"id":16438,"date":"2024-05-16T12:00:14","date_gmt":"2024-05-16T02:00:14","guid":{"rendered":"https:\/\/srcentre.com.au\/?page_id=16438"},"modified":"2024-05-16T15:38:02","modified_gmt":"2024-05-16T05:38:02","slug":"legislacion-sobre-privacidad-en-toda-australia","status":"publish","type":"page","link":"http:\/\/srcentre.com.au\/es_cl\/privacy-legislation-throughout-australia\/","title":{"rendered":"Legislaci\u00f3n sobre privacidad en toda Australia"},"content":{"rendered":"<div data-elementor-type=\"wp-page\" data-elementor-id=\"16438\" class=\"elementor elementor-16438\">\n\t\t\t\t\t\t<section class=\"elementor-section elementor-top-section elementor-element elementor-element-bae346a elementor-section-boxed elementor-section-height-default elementor-section-height-default\" data-id=\"bae346a\" data-element_type=\"section\" data-e-type=\"section\">\n\t\t\t\t\t\t<div class=\"elementor-container elementor-column-gap-default\">\n\t\t\t\t\t<div class=\"elementor-column elementor-col-100 elementor-top-column elementor-element elementor-element-798f80d\" data-id=\"798f80d\" data-element_type=\"column\" data-e-type=\"column\">\n\t\t\t<div class=\"elementor-widget-wrap elementor-element-populated\">\n\t\t\t\t\t\t<div class=\"elementor-element elementor-element-22b41dd elementor-widget elementor-widget-heading\" data-id=\"22b41dd\" data-element_type=\"widget\" data-e-type=\"widget\" data-widget_type=\"heading.default\">\n\t\t\t\t<div class=\"elementor-widget-container\">\n\t\t\t\t\t<h1 class=\"elementor-heading-title elementor-size-default\">Legislaci\u00f3n sobre privacidad en toda Australia<\/h1>\t\t\t\t<\/div>\n\t\t\t\t<\/div>\n\t\t\t\t\t<\/div>\n\t\t<\/div>\n\t\t\t\t\t<\/div>\n\t\t<\/section>\n\t\t\t\t<section class=\"elementor-section elementor-top-section elementor-element elementor-element-2a23276 elementor-section-boxed elementor-section-height-default elementor-section-height-default\" data-id=\"2a23276\" data-element_type=\"section\" data-e-type=\"section\">\n\t\t\t\t\t\t<div class=\"elementor-container elementor-column-gap-default\">\n\t\t\t\t\t<div class=\"elementor-column elementor-col-100 elementor-top-column elementor-element elementor-element-2ef9c26\" data-id=\"2ef9c26\" data-element_type=\"column\" data-e-type=\"column\">\n\t\t\t<div class=\"elementor-widget-wrap elementor-element-populated\">\n\t\t\t\t\t\t<div class=\"elementor-element elementor-element-8741af4 elementor-widget elementor-widget-text-editor\" data-id=\"8741af4\" data-element_type=\"widget\" data-e-type=\"widget\" data-widget_type=\"text-editor.default\">\n\t\t\t\t<div class=\"elementor-widget-container\">\n\t\t\t\t\t\t\t\t\t<h5>Nuestras pr\u00e1cticas de investigaci\u00f3n cumplen con todas las leyes y regulaciones de privacidad australianas pertinentes que se aplican a\u00a0<span style=\"font-weight: bolder;\">cada estudio de investigaci\u00f3n espec\u00edfico que realizamos<\/span>Esto incluye la Ley Australiana de Privacidad (1988) y los Principios de Privacidad Australianos (APP). Dependiendo de la naturaleza de cada proyecto de investigaci\u00f3n, tambi\u00e9n podr\u00eda aplicarse la legislaci\u00f3n estatal y territorial sobre privacidad.<\/h5><h5>A continuaci\u00f3n se muestra una gu\u00eda de la legislaci\u00f3n federal, estatal y territorial en toda Australia. Esta lista se actualiz\u00f3 en mayo de 2024, no es exhaustiva y cumplimos con\u00a0<strong>toda la legislaci\u00f3n sobre privacidad<\/strong>\u00a0Esto se aplica a nuestros proyectos de investigaci\u00f3n espec\u00edficos.<\/h5>\t\t\t\t\t\t\t\t<\/div>\n\t\t\t\t<\/div>\n\t\t\t\t\t<\/div>\n\t\t<\/div>\n\t\t\t\t\t<\/div>\n\t\t<\/section>\n\t\t\t\t<section class=\"elementor-section elementor-top-section elementor-element elementor-element-5e8a1c1 elementor-section-boxed elementor-section-height-default elementor-section-height-default\" data-id=\"5e8a1c1\" data-element_type=\"section\" data-e-type=\"section\">\n\t\t\t\t\t\t<div class=\"elementor-container elementor-column-gap-default\">\n\t\t\t\t\t<div class=\"elementor-column elementor-col-100 elementor-top-column elementor-element elementor-element-7838ae9\" data-id=\"7838ae9\" data-element_type=\"column\" data-e-type=\"column\">\n\t\t\t<div class=\"elementor-widget-wrap elementor-element-populated\">\n\t\t\t\t\t\t<div class=\"elementor-element elementor-element-e5048c4 elementor-widget__width-initial elementor-widget elementor-widget-text-editor\" data-id=\"e5048c4\" data-element_type=\"widget\" data-e-type=\"widget\" data-widget_type=\"text-editor.default\">\n\t\t\t\t<div class=\"elementor-widget-container\">\n\t\t\t\t\t\t\t\t\t<table style=\"height: 1828px;\" width=\"545\"><tbody><tr><td><p>\u00a0<\/p><p><strong>Estado\/Territorio<\/strong><\/p><\/td><td width=\"100\"><p>\u00a0<\/p><p><strong>Legislaci\u00f3n de privacidad <\/strong><\/p><\/td><td><p>\u00a0<\/p><p><strong>Legislaci\u00f3n sobre privacidad de la salud <\/strong><\/p><\/td><td><p>\u00a0<\/p><p><strong>Consultas y quejas sobre privacidad<\/strong><\/p><\/td><\/tr><tr><td>Federal<\/td><td width=\"140\">Ley de Privacidad de Australia (1988) y APPs<\/td><td>No existe una legislaci\u00f3n federal espec\u00edfica sobre privacidad de la salud<\/td><td>Oficina del Comisionado de Informaci\u00f3n de Australia (OAIC) <a href=\"https:\/\/www.oaic.gov.au\/\"><span style=\"text-decoration: underline;\">https:\/\/www.oaic.gov.au\/<\/span><\/a><\/td><\/tr><tr><td>Nueva Gales del Sur<\/td><td width=\"140\">Ley de Privacidad y Protecci\u00f3n de la Informaci\u00f3n Personal de 1998 (NSW) (Ley PPIPP)<\/td><td>Ley de Privacidad de la Informaci\u00f3n y Registros de Salud de 2002 (Nueva Gales del Sur)<\/td><td><p>Comisi\u00f3n de Informaci\u00f3n y Privacidad de Nueva Gales del Sur<\/p><p><a href=\"https:\/\/www.ipc.nsw.gov.au\/\"><span style=\"text-decoration: underline;\">https:\/\/www.ipc.nsw.gov.au\/<\/span><\/a><\/p><\/td><\/tr><tr><td>VIC<\/td><td width=\"280\">Ley de Privacidad y Protecci\u00f3n de Datos de 2014 (Victoria)<\/td><td>Ley de Registros Sanitarios de 2001 (Victoria)<\/td><td>Oficina del Comisionado de Informaci\u00f3n de Victoria (OVIC) <a href=\"https:\/\/ovic.vic.gov.au\/\"><span style=\"text-decoration: underline;\">https:\/\/ovic.vic.gov.au\/<\/span><\/a><\/td><\/tr><tr><td>Queensland<\/td><td width=\"240\">Ley de Privacidad de la Informaci\u00f3n de 2009 (Queensland)<\/td><td>Ley Nacional de Regulaci\u00f3n de los Profesionales de la Salud (2009) (Queensland)<\/td><td>Oficina del Comisionado de Informaci\u00f3n de Queensland <a href=\"https:\/\/www.oic.qld.gov.au\/\"><span style=\"text-decoration: underline;\">https:\/\/www.oic.qld.gov.au\/<\/span><\/a><\/td><\/tr><tr><td>SA<\/td><td width=\"150\">No existe una ley espec\u00edfica sobre privacidad (la privacidad del sector p\u00fablico se aborda en la Instrucci\u00f3n sobre los principios de privacidad de la informaci\u00f3n)<\/td><td>Ley de Atenci\u00f3n Sanitaria de 2001 (SA) (incluye disposiciones sobre privacidad de la salud)<\/td><td>Comit\u00e9 de privacidad de Australia del Sur <a href=\"https:\/\/www.sa.gov.au\/privacy\"><span style=\"text-decoration: underline;\">https:\/\/www.sa.gov.au\/privacy<\/span><\/a><\/td><\/tr><tr><td>Washington<\/td><td width=\"140\">No existe una ley espec\u00edfica sobre privacidad (la privacidad del sector p\u00fablico se aborda en la Ley de Libertad de Informaci\u00f3n de 1992 (WA))<\/td><td>Ley de Informaci\u00f3n de Salud de 2002 (WA)<\/td><td>Oficina del Comisionado de Informaci\u00f3n (WA) <a href=\"https:\/\/www.oic.wa.gov.au\/en-au\/\"><span style=\"text-decoration: underline;\">https:\/\/www.oic.wa.gov.au\/en-au\/<\/span><\/a><\/td><\/tr><tr><td>TAS<\/td><td width=\"140\">Ley de Protecci\u00f3n de Informaci\u00f3n Personal de 2004 (Tasmania) (Ley PIPA)<\/td><td>Ley de Informaci\u00f3n Sanitaria de 2002 (Tas) y otras<\/td><td><p>Defensor del Pueblo de Tasmania<\/p><p><a href=\"https:\/\/www.ombudsman.tas.gov.au\/\"><span style=\"text-decoration: underline;\">https:\/\/www.ombudsman.tas.gov.au\/<\/span><\/a><\/p><\/td><\/tr><tr><td>ACTO<\/td><td width=\"150\">No existe una ley espec\u00edfica sobre privacidad (la privacidad del sector p\u00fablico se aborda en otra legislaci\u00f3n)<\/td><td>Ley de Registros M\u00e9dicos de 2007 (ACT)<\/td><td><p>La OAIC ejerce algunas funciones del Comisionado del ACT<\/p><p><a href=\"https:\/\/www.oaic.gov.au\/privacy\/privacy-complaints\/make-a-privacy-complaint-in-the-act\"><span style=\"text-decoration: underline;\">https:\/\/www.oaic.gov.au\/privacy\/privacy-complaints\/make-a-privacy-complaint-in-the-act<\/span><\/a><\/p><\/td><\/tr><tr><td>Nuevo Testamento<\/td><td width=\"100\">Ley de Informaci\u00f3n de 2002 (Territorio del Norte) (incluye disposiciones sobre privacidad)<\/td><td>Ley de Administraci\u00f3n de Servicios de Salud (Territorio del Norte) (incluye disposiciones sobre privacidad de la salud)<\/td><td>Oficina del Comisionado de Informaci\u00f3n del Territorio del Norte <a href=\"https:\/\/infocomm.nt.gov.au\/\"><span style=\"text-decoration: underline;\">https:\/\/infocomm.nt.gov.au\/<\/span><\/a><\/td><\/tr><\/tbody><\/table>\t\t\t\t\t\t\t\t<\/div>\n\t\t\t\t<\/div>\n\t\t\t\t\t<\/div>\n\t\t<\/div>\n\t\t\t\t\t<\/div>\n\t\t<\/section>\n\t\t\t\t<\/div>","protected":false},"excerpt":{"rendered":"<p>Privacy legislation throughout Australia Our research practices complies with all relevant Australian privacy laws and regulations that apply to\u00a0each specific research study we conduct. This includes the Australian Privacy Act (1988) and Australian Privacy Principles (APPs). Depending on the nature of each specific research project, there might also be state and territory privacy legislation that [&hellip;]<\/p>\n","protected":false},"author":5,"featured_media":0,"parent":0,"menu_order":0,"comment_status":"closed","ping_status":"closed","template":"","meta":{"footnotes":""},"class_list":["post-16438","page","type-page","status-publish","hentry"],"yoast_head":"<!-- This site is optimized with the Yoast SEO Premium plugin v27.4 (Yoast SEO v27.4) - https:\/\/yoast.com\/product\/yoast-seo-premium-wordpress\/ -->\n<title>Privacy legislation throughout Australia - Social Research Centre<\/title>\n<meta name=\"robots\" content=\"index, follow, max-snippet:-1, max-image-preview:large, max-video-preview:-1\" \/>\n<link rel=\"canonical\" href=\"https:\/\/srcentre.com.au\/es_cl\/legislacion-sobre-privacidad-en-toda-australia\/\" \/>\n<meta property=\"og:locale\" content=\"es_ES\" \/>\n<meta property=\"og:type\" content=\"article\" \/>\n<meta property=\"og:title\" content=\"Privacy legislation throughout Australia\" \/>\n<meta property=\"og:description\" content=\"Privacy legislation throughout Australia Our research practices complies with all relevant Australian privacy laws and regulations that apply to\u00a0each specific research study we conduct. This includes the Australian Privacy Act (1988) and Australian Privacy Principles (APPs). Depending on the nature of each specific research project, there might also be state and territory privacy legislation that [&hellip;]\" \/>\n<meta property=\"og:url\" content=\"https:\/\/srcentre.com.au\/es_cl\/legislacion-sobre-privacidad-en-toda-australia\/\" \/>\n<meta property=\"og:site_name\" content=\"Social Research Centre\" \/>\n<meta property=\"article:publisher\" content=\"https:\/\/www.facebook.com\/SRCentreAUS\/\" \/>\n<meta property=\"article:modified_time\" content=\"2024-05-16T05:38:02+00:00\" \/>\n<meta name=\"twitter:card\" content=\"summary_large_image\" \/>\n<meta name=\"twitter:site\" content=\"@SRCentreAUS\" \/>\n<meta name=\"twitter:label1\" content=\"Tiempo estimado de lectura\" \/>\n\t<meta name=\"twitter:data1\" content=\"2 minutos\" \/>\n<script type=\"application\/ld+json\" class=\"yoast-schema-graph\">{\"@context\":\"https:\\\/\\\/schema.org\",\"@graph\":[{\"@type\":\"WebPage\",\"@id\":\"https:\\\/\\\/srcentre.com.au\\\/privacy-legislation-throughout-australia\\\/\",\"url\":\"https:\\\/\\\/srcentre.com.au\\\/privacy-legislation-throughout-australia\\\/\",\"name\":\"Privacy legislation throughout Australia - Social Research Centre\",\"isPartOf\":{\"@id\":\"https:\\\/\\\/srcentre.com.au\\\/#website\"},\"datePublished\":\"2024-05-16T02:00:14+00:00\",\"dateModified\":\"2024-05-16T05:38:02+00:00\",\"breadcrumb\":{\"@id\":\"https:\\\/\\\/srcentre.com.au\\\/privacy-legislation-throughout-australia\\\/#breadcrumb\"},\"inLanguage\":\"es-CL\",\"potentialAction\":[{\"@type\":\"ReadAction\",\"target\":[\"https:\\\/\\\/srcentre.com.au\\\/privacy-legislation-throughout-australia\\\/\"]}]},{\"@type\":\"BreadcrumbList\",\"@id\":\"https:\\\/\\\/srcentre.com.au\\\/privacy-legislation-throughout-australia\\\/#breadcrumb\",\"itemListElement\":[{\"@type\":\"ListItem\",\"position\":1,\"name\":\"Home\",\"item\":\"https:\\\/\\\/srcentre.com.au\\\/\"},{\"@type\":\"ListItem\",\"position\":2,\"name\":\"Privacy legislation throughout Australia\"}]},{\"@type\":\"WebSite\",\"@id\":\"https:\\\/\\\/srcentre.com.au\\\/#website\",\"url\":\"https:\\\/\\\/srcentre.com.au\\\/\",\"name\":\"Social Research Centre\",\"description\":\"Social Research Centre\",\"publisher\":{\"@id\":\"https:\\\/\\\/srcentre.com.au\\\/#organization\"},\"potentialAction\":[{\"@type\":\"SearchAction\",\"target\":{\"@type\":\"EntryPoint\",\"urlTemplate\":\"https:\\\/\\\/srcentre.com.au\\\/?s={search_term_string}\"},\"query-input\":{\"@type\":\"PropertyValueSpecification\",\"valueRequired\":true,\"valueName\":\"search_term_string\"}}],\"inLanguage\":\"es-CL\"},{\"@type\":\"Organization\",\"@id\":\"https:\\\/\\\/srcentre.com.au\\\/#organization\",\"name\":\"Social Research Centre\",\"url\":\"https:\\\/\\\/srcentre.com.au\\\/\",\"logo\":{\"@type\":\"ImageObject\",\"inLanguage\":\"es-CL\",\"@id\":\"https:\\\/\\\/srcentre.com.au\\\/#\\\/schema\\\/logo\\\/image\\\/\",\"url\":\"https:\\\/\\\/srcentre.com.au\\\/wp-content\\\/uploads\\\/2023\\\/07\\\/src-icon.svg\",\"contentUrl\":\"https:\\\/\\\/srcentre.com.au\\\/wp-content\\\/uploads\\\/2023\\\/07\\\/src-icon.svg\",\"width\":135,\"height\":135,\"caption\":\"Social Research Centre\"},\"image\":{\"@id\":\"https:\\\/\\\/srcentre.com.au\\\/#\\\/schema\\\/logo\\\/image\\\/\"},\"sameAs\":[\"https:\\\/\\\/www.facebook.com\\\/SRCentreAUS\\\/\",\"https:\\\/\\\/x.com\\\/SRCentreAUS\"]}]}<\/script>\n<!-- \/ Yoast SEO Premium plugin. -->","yoast_head_json":{"title":"Legislaci\u00f3n sobre privacidad en toda Australia - Centro de Investigaci\u00f3n Social","robots":{"index":"index","follow":"follow","max-snippet":"max-snippet:-1","max-image-preview":"max-image-preview:large","max-video-preview":"max-video-preview:-1"},"canonical":"https:\/\/srcentre.com.au\/es_cl\/legislacion-sobre-privacidad-en-toda-australia\/","og_locale":"es_ES","og_type":"article","og_title":"Privacy legislation throughout Australia","og_description":"Privacy legislation throughout Australia Our research practices complies with all relevant Australian privacy laws and regulations that apply to\u00a0each specific research study we conduct. This includes the Australian Privacy Act (1988) and Australian Privacy Principles (APPs). Depending on the nature of each specific research project, there might also be state and territory privacy legislation that [&hellip;]","og_url":"https:\/\/srcentre.com.au\/es_cl\/legislacion-sobre-privacidad-en-toda-australia\/","og_site_name":"Social Research Centre","article_publisher":"https:\/\/www.facebook.com\/SRCentreAUS\/","article_modified_time":"2024-05-16T05:38:02+00:00","twitter_card":"summary_large_image","twitter_site":"@SRCentreAUS","twitter_misc":{"Tiempo estimado de lectura":"2 minutos"},"schema":{"@context":"https:\/\/schema.org","@graph":[{"@type":"WebPage","@id":"https:\/\/srcentre.com.au\/privacy-legislation-throughout-australia\/","url":"https:\/\/srcentre.com.au\/privacy-legislation-throughout-australia\/","name":"Legislaci\u00f3n sobre privacidad en toda Australia - Centro de Investigaci\u00f3n Social","isPartOf":{"@id":"https:\/\/srcentre.com.au\/#website"},"datePublished":"2024-05-16T02:00:14+00:00","dateModified":"2024-05-16T05:38:02+00:00","breadcrumb":{"@id":"https:\/\/srcentre.com.au\/privacy-legislation-throughout-australia\/#breadcrumb"},"inLanguage":"es-CL","potentialAction":[{"@type":"ReadAction","target":["https:\/\/srcentre.com.au\/privacy-legislation-throughout-australia\/"]}]},{"@type":"BreadcrumbList","@id":"https:\/\/srcentre.com.au\/privacy-legislation-throughout-australia\/#breadcrumb","itemListElement":[{"@type":"ListItem","position":1,"name":"Home","item":"https:\/\/srcentre.com.au\/"},{"@type":"ListItem","position":2,"name":"Privacy legislation throughout Australia"}]},{"@type":"WebSite","@id":"https:\/\/srcentre.com.au\/#website","url":"https:\/\/srcentre.com.au\/","name":"Centro de Investigaciones Sociales","description":"Centro de Investigaciones Sociales","publisher":{"@id":"https:\/\/srcentre.com.au\/#organization"},"potentialAction":[{"@type":"SearchAction","target":{"@type":"EntryPoint","urlTemplate":"https:\/\/srcentre.com.au\/?s={search_term_string}"},"query-input":{"@type":"PropertyValueSpecification","valueRequired":true,"valueName":"search_term_string"}}],"inLanguage":"es-CL"},{"@type":"Organization","@id":"https:\/\/srcentre.com.au\/#organization","name":"Centro de Investigaciones Sociales","url":"https:\/\/srcentre.com.au\/","logo":{"@type":"ImageObject","inLanguage":"es-CL","@id":"https:\/\/srcentre.com.au\/#\/schema\/logo\/image\/","url":"https:\/\/srcentre.com.au\/wp-content\/uploads\/2023\/07\/src-icon.svg","contentUrl":"https:\/\/srcentre.com.au\/wp-content\/uploads\/2023\/07\/src-icon.svg","width":135,"height":135,"caption":"Social Research Centre"},"image":{"@id":"https:\/\/srcentre.com.au\/#\/schema\/logo\/image\/"},"sameAs":["https:\/\/www.facebook.com\/SRCentreAUS\/","https:\/\/x.com\/SRCentreAUS"]}]}},"_links":{"self":[{"href":"http:\/\/srcentre.com.au\/es_cl\/wp-json\/wp\/v2\/pages\/16438","targetHints":{"allow":["GET"]}}],"collection":[{"href":"http:\/\/srcentre.com.au\/es_cl\/wp-json\/wp\/v2\/pages"}],"about":[{"href":"http:\/\/srcentre.com.au\/es_cl\/wp-json\/wp\/v2\/types\/page"}],"author":[{"embeddable":true,"href":"http:\/\/srcentre.com.au\/es_cl\/wp-json\/wp\/v2\/users\/5"}],"replies":[{"embeddable":true,"href":"http:\/\/srcentre.com.au\/es_cl\/wp-json\/wp\/v2\/comments?post=16438"}],"version-history":[{"count":32,"href":"http:\/\/srcentre.com.au\/es_cl\/wp-json\/wp\/v2\/pages\/16438\/revisions"}],"predecessor-version":[{"id":16479,"href":"http:\/\/srcentre.com.au\/es_cl\/wp-json\/wp\/v2\/pages\/16438\/revisions\/16479"}],"wp:attachment":[{"href":"http:\/\/srcentre.com.au\/es_cl\/wp-json\/wp\/v2\/media?parent=16438"}],"curies":[{"name":"wp","href":"https:\/\/api.w.org\/{rel}","templated":true}]}}